{"id":1054,"date":"2018-11-03T18:40:51","date_gmt":"2018-11-03T18:40:51","guid":{"rendered":"https:\/\/www.pussycatmerida.com\/eshop\/?page_id=1054"},"modified":"2021-03-01T15:08:37","modified_gmt":"2021-03-01T13:08:37","slug":"limpieza","status":"publish","type":"page","link":"https:\/\/www.pussycatmerida.com\/eshop\/salud-sexual\/limpieza\/","title":{"rendered":"Limpieza e Higiene"},"content":{"rendered":"<section class=\"wpb-content-wrapper\"><p>[vc_row][vc_column][vc_single_image image=\u00bb2481&#8243; img_size=\u00bbfull\u00bb alignment=\u00bbcenter\u00bb][vc_column_text]En esta secci\u00f3n inclu\u00edmos tanto limpiadores de juguetes como art\u00edculos para la limpieza anal.<\/p>\n<p>Los <strong>limpiadores de juguetes<\/strong> son imprescindibles para una buena conservaci\u00f3n y mantenimiento de nuestro juguete er\u00f3tico, ya que no s\u00f3lo lo limpian y desinfectan de posibles bacterias, sino que tambi\u00e9n vas a conseguir mantenerlo en buen estado durante mucho m\u00e1s tiempo.<\/p>\n<p>Tambi\u00e9n inclu\u00edmos aqu\u00ed kits para la <strong>limpieza anal<\/strong> o <strong>enemas<\/strong>, ya que un buen lavado es importante para antes de iniciar una encuentro de sexo anal sin preocupaciones de manchar m\u00e1s de lo necesario.<\/p>\n<p>&nbsp;<\/p>\n<p>[\/vc_column_text][\/vc_column][\/vc_row][vc_row][vc_column][vc_column_text]<\/p>\n<div class=\"dtbaker_line_rectangle\"><div>Productos<\/div><\/div>\n<p>[\/vc_column_text]<div class=\"woocommerce columns-4 \"><ul class=\"products columns-4\">\n<li class=\"post_count_is_0 boutique_post_style_4 boutique_image_style_2 product type-product post-2885 status-publish first instock product_cat-juguetes-sexuales-xxxarticulos-limpieza-e-higiene product_cat-juguetes-sexuales-xxx product_cat-juguetes-sexuales-xxxlimpieza-intima product_cat-juguetes-sexuales-xxxlimpieza-y-conservacion has-post-thumbnail taxable shipping-taxable purchasable product-type-simple\">\n\t<a href=\"https:\/\/www.pussycatmerida.com\/eshop\/producto\/lelo-personal-spray-limpiador-antibacterias-de-juguetes-60-ml\/\" class=\"woocommerce-LoopProduct-link woocommerce-loop-product__link\"><img loading=\"lazy\" decoding=\"async\" width=\"300\" height=\"300\" src=\"https:\/\/www.pussycatmerida.com\/eshop\/wp-content\/uploads\/dl\/img\/img_5857_0995ba8eb96cb528029ec5d455a8e1c8_1.jpg\" class=\"attachment-woocommerce_thumbnail size-woocommerce_thumbnail\" alt=\"LELO PERSONAL SPRAY LIMPIADOR ANTIBACTERIAS DE JUGUETES 60 ML\" \/><h2 class=\"woocommerce-loop-product__title\">LELO PERSONAL SPRAY LIMPIADOR ANTIBACTERIAS DE JUGUETES 60 ML<\/h2>\n\t<span class=\"price\"><span class=\"woocommerce-Price-amount amount\"><bdi>14,00<span class=\"woocommerce-Price-currencySymbol\">&euro;<\/span><\/bdi><\/span><\/span>\n<\/a><a href=\"\/eshop\/wp-json\/wp\/v2\/pages\/1054?add-to-cart=2885\" aria-describedby=\"woocommerce_loop_add_to_cart_link_describedby_2885\" data-quantity=\"1\" class=\"button product_type_simple add_to_cart_button ajax_add_to_cart\" data-product_id=\"2885\" data-product_sku=\"D-195061\" aria-label=\"A\u00f1adir al carrito: &ldquo;LELO PERSONAL SPRAY LIMPIADOR ANTIBACTERIAS DE JUGUETES 60 ML&rdquo;\" rel=\"nofollow\" data-success_message=\"\u00abLELO PERSONAL SPRAY LIMPIADOR ANTIBACTERIAS DE JUGUETES 60 ML\u00bb se ha a\u00f1adido a tu carrito\" role=\"button\">A\u00f1adir<\/a>\t<span id=\"woocommerce_loop_add_to_cart_link_describedby_2885\" class=\"screen-reader-text\">\n\t\t\t<\/span>\n<\/li>\n<li class=\"boutique_post_style_clear post_count_is_1 boutique_post_style_4 boutique_image_style_2 product type-product post-20327 status-publish instock product_cat-juguetes-sexuales-xxxarticulos-limpieza-e-higiene product_cat-articulos-variados product_cat-articulos-variadoscopa-vaginal product_cat-juguetes-sexuales-xxx product_cat-juguetes-sexuales-xxxlimpieza-y-conservacion product_cat-seccion-tuppersex has-post-thumbnail taxable shipping-taxable purchasable product-type-simple\">\n\t<a href=\"https:\/\/www.pussycatmerida.com\/eshop\/producto\/nina-kiki-esterilizador-copa-menstrual\/\" class=\"woocommerce-LoopProduct-link woocommerce-loop-product__link\"><img loading=\"lazy\" decoding=\"async\" width=\"300\" height=\"300\" src=\"https:\/\/www.pussycatmerida.com\/eshop\/wp-content\/uploads\/dl\/img\/img_52874_11f082e962b10bb71cebca1e1769517b_1.jpg\" class=\"attachment-woocommerce_thumbnail size-woocommerce_thumbnail\" alt=\"NINA KIK\u00cd ESTERILIZADOR COPA MENSTRUAL\" \/><h2 class=\"woocommerce-loop-product__title\">NINA KIK\u00cd ESTERILIZADOR COPA MENSTRUAL<\/h2>\n\t<span class=\"price\"><span class=\"woocommerce-Price-amount amount\"><bdi>7,00<span class=\"woocommerce-Price-currencySymbol\">&euro;<\/span><\/bdi><\/span><\/span>\n<\/a><a href=\"\/eshop\/wp-json\/wp\/v2\/pages\/1054?add-to-cart=20327\" aria-describedby=\"woocommerce_loop_add_to_cart_link_describedby_20327\" data-quantity=\"1\" class=\"button product_type_simple add_to_cart_button ajax_add_to_cart\" data-product_id=\"20327\" data-product_sku=\"D-212760\" aria-label=\"A\u00f1adir al carrito: &ldquo;NINA KIK\u00cd ESTERILIZADOR COPA MENSTRUAL&rdquo;\" rel=\"nofollow\" data-success_message=\"\u00abNINA KIK\u00cd ESTERILIZADOR COPA MENSTRUAL\u00bb se ha a\u00f1adido a tu carrito\" role=\"button\">A\u00f1adir<\/a>\t<span id=\"woocommerce_loop_add_to_cart_link_describedby_20327\" class=\"screen-reader-text\">\n\t\t\t<\/span>\n<\/li>\n<li class=\"boutique_post_style_clear post_count_is_2 boutique_post_style_4 boutique_image_style_2 product type-product post-20318 status-publish instock product_cat-covid-19 product_cat-juguetes-sexuales-xxx product_cat-juguetes-sexuales-xxxlimpieza-intima product_cat-juguetes-sexuales-xxxlimpieza-y-conservacion product_cat-seccion-tuppersex has-post-thumbnail taxable shipping-taxable purchasable product-type-simple\">\n\t<a href=\"https:\/\/www.pussycatmerida.com\/eshop\/producto\/nina-kiki-spray-limpiador-de-juguetes-150ml\/\" class=\"woocommerce-LoopProduct-link woocommerce-loop-product__link\"><img loading=\"lazy\" decoding=\"async\" width=\"300\" height=\"300\" src=\"https:\/\/www.pussycatmerida.com\/eshop\/wp-content\/uploads\/dl\/img\/img_52846_5c2e0eacf7316b89bafef510a361f165_1.jpg\" class=\"attachment-woocommerce_thumbnail size-woocommerce_thumbnail\" alt=\"NINA KIK\u00cd SPRAY LIMPIADOR DE JUGUETES 150ml\" \/><h2 class=\"woocommerce-loop-product__title\">NINA KIK\u00cd SPRAY LIMPIADOR DE JUGUETES 150ml<\/h2>\n\t<span class=\"price\"><span class=\"woocommerce-Price-amount amount\"><bdi>7,00<span class=\"woocommerce-Price-currencySymbol\">&euro;<\/span><\/bdi><\/span><\/span>\n<\/a><a href=\"\/eshop\/wp-json\/wp\/v2\/pages\/1054?add-to-cart=20318\" aria-describedby=\"woocommerce_loop_add_to_cart_link_describedby_20318\" data-quantity=\"1\" class=\"button product_type_simple add_to_cart_button ajax_add_to_cart\" data-product_id=\"20318\" data-product_sku=\"D-212751\" aria-label=\"A\u00f1adir al carrito: &ldquo;NINA KIK\u00cd SPRAY LIMPIADOR DE JUGUETES 150ml&rdquo;\" rel=\"nofollow\" data-success_message=\"\u00abNINA KIK\u00cd SPRAY LIMPIADOR DE JUGUETES 150ml\u00bb se ha a\u00f1adido a tu carrito\" role=\"button\">A\u00f1adir<\/a>\t<span id=\"woocommerce_loop_add_to_cart_link_describedby_20318\" class=\"screen-reader-text\">\n\t\t\t<\/span>\n<\/li>\n<li class=\"boutique_post_style_clear post_count_is_3 boutique_post_style_4 boutique_image_style_2 product type-product post-20322 status-publish last instock product_cat-juguetes-sexuales-xxxarticulos-limpieza-e-higiene product_cat-articulos-variados product_cat-articulos-variadoscopa-vaginal product_cat-juguetes-sexuales-xxx product_cat-juguetes-sexuales-xxxlimpieza-y-conservacion product_cat-seccion-tuppersex has-post-thumbnail taxable shipping-taxable purchasable product-type-simple\">\n\t<a href=\"https:\/\/www.pussycatmerida.com\/eshop\/producto\/nina-cup-copa-menstrual-talla-s-lila\/\" class=\"woocommerce-LoopProduct-link woocommerce-loop-product__link\"><img loading=\"lazy\" decoding=\"async\" width=\"300\" height=\"300\" src=\"https:\/\/www.pussycatmerida.com\/eshop\/wp-content\/uploads\/dl\/img\/img_60058_6ad6fcb30c29db66865e0fe20b636c78_1.jpg\" class=\"attachment-woocommerce_thumbnail size-woocommerce_thumbnail\" alt=\"NINA CUP COPA MENSTRUAL TALLA S LILA\" \/><h2 class=\"woocommerce-loop-product__title\">NINA CUP COPA MENSTRUAL TALLA S LILA<\/h2>\n\t<span class=\"price\"><span class=\"woocommerce-Price-amount amount\"><bdi>17,90<span class=\"woocommerce-Price-currencySymbol\">&euro;<\/span><\/bdi><\/span><\/span>\n<\/a><a href=\"\/eshop\/wp-json\/wp\/v2\/pages\/1054?add-to-cart=20322\" aria-describedby=\"woocommerce_loop_add_to_cart_link_describedby_20322\" data-quantity=\"1\" class=\"button product_type_simple add_to_cart_button ajax_add_to_cart\" data-product_id=\"20322\" data-product_sku=\"D-212755\" aria-label=\"A\u00f1adir al carrito: &ldquo;NINA CUP COPA MENSTRUAL TALLA S LILA&rdquo;\" rel=\"nofollow\" data-success_message=\"\u00abNINA CUP COPA MENSTRUAL TALLA S LILA\u00bb se ha a\u00f1adido a tu carrito\" role=\"button\">A\u00f1adir<\/a>\t<span id=\"woocommerce_loop_add_to_cart_link_describedby_20322\" class=\"screen-reader-text\">\n\t\t\t<\/span>\n<\/li>\n<li class=\"boutique_post_style_clear post_count_is_4 boutique_post_style_4 boutique_image_style_2 product type-product post-20433 status-publish first instock product_cat-juguetes-sexuales-xxxarticulos-limpieza-e-higiene product_cat-articulos-variados product_cat-juguetes-sexuales-xxx product_cat-juguetes-sexuales-xxxlimpieza-intima product_cat-juguetes-sexuales-xxxlimpieza-y-conservacion product_cat-articulos-variadosparapharmacy product_cat-seccion-tuppersex has-post-thumbnail taxable shipping-taxable purchasable product-type-simple\">\n\t<a href=\"https:\/\/www.pussycatmerida.com\/eshop\/producto\/limpiador-desinfectante-intimichic-150ml\/\" class=\"woocommerce-LoopProduct-link woocommerce-loop-product__link\"><img loading=\"lazy\" decoding=\"async\" width=\"300\" height=\"300\" src=\"https:\/\/www.pussycatmerida.com\/eshop\/wp-content\/uploads\/dl\/img\/img_81428_7850c51179d3dd3f2fde40faf9e8aa0a_1.png\" class=\"attachment-woocommerce_thumbnail size-woocommerce_thumbnail\" alt=\"LIMPIADOR DESINFECTANTE  INTIMICHIC 150ML\" \/><h2 class=\"woocommerce-loop-product__title\">LIMPIADOR DESINFECTANTE  INTIMICHIC 150ML<\/h2>\n\t<span class=\"price\"><span class=\"woocommerce-Price-amount amount\"><bdi>7,00<span class=\"woocommerce-Price-currencySymbol\">&euro;<\/span><\/bdi><\/span><\/span>\n<\/a><a href=\"\/eshop\/wp-json\/wp\/v2\/pages\/1054?add-to-cart=20433\" aria-describedby=\"woocommerce_loop_add_to_cart_link_describedby_20433\" data-quantity=\"1\" class=\"button product_type_simple add_to_cart_button ajax_add_to_cart\" data-product_id=\"20433\" data-product_sku=\"D-213069\" aria-label=\"A\u00f1adir al carrito: &ldquo;LIMPIADOR DESINFECTANTE  INTIMICHIC 150ML&rdquo;\" rel=\"nofollow\" data-success_message=\"\u00abLIMPIADOR DESINFECTANTE  INTIMICHIC 150ML\u00bb se ha a\u00f1adido a tu carrito\" role=\"button\">A\u00f1adir<\/a>\t<span id=\"woocommerce_loop_add_to_cart_link_describedby_20433\" class=\"screen-reader-text\">\n\t\t\t<\/span>\n<\/li>\n<li class=\"boutique_post_style_clear post_count_is_5 boutique_post_style_4 boutique_image_style_2 product type-product post-14921 status-publish instock product_cat-juguetes-sexuales-xxxarticulos-limpieza-e-higiene product_cat-juguetes-sexuales-xxx product_cat-juguetes-sexuales-xxxlimpieza-intima product_cat-juguetes-sexuales-xxxlimpieza-y-conservacion has-post-thumbnail taxable shipping-taxable purchasable product-type-simple\">\n\t<a href=\"https:\/\/www.pussycatmerida.com\/eshop\/producto\/confortex-sabanas-higienicas-desechables-en-bolsa-individual\/\" class=\"woocommerce-LoopProduct-link woocommerce-loop-product__link\"><img loading=\"lazy\" decoding=\"async\" width=\"300\" height=\"300\" src=\"https:\/\/www.pussycatmerida.com\/eshop\/wp-content\/uploads\/dl\/img\/img_40698_1593ee3ec4665c3f6155880a84f35cab_1.jpg\" class=\"attachment-woocommerce_thumbnail size-woocommerce_thumbnail\" alt=\"CONFORTEX SABANAS HIGI\u00c9NICAS DESECHABLES  EN BOLSA INDIVIDUAL\" \/><h2 class=\"woocommerce-loop-product__title\">CONFORTEX SABANAS HIGI\u00c9NICAS DESECHABLES  EN BOLSA INDIVIDUAL<\/h2>\n\t<span class=\"price\"><span class=\"woocommerce-Price-amount amount\"><bdi>0,66<span class=\"woocommerce-Price-currencySymbol\">&euro;<\/span><\/bdi><\/span><\/span>\n<\/a><a href=\"\/eshop\/wp-json\/wp\/v2\/pages\/1054?add-to-cart=14921\" aria-describedby=\"woocommerce_loop_add_to_cart_link_describedby_14921\" data-quantity=\"1\" class=\"button product_type_simple add_to_cart_button ajax_add_to_cart\" data-product_id=\"14921\" data-product_sku=\"D-208345\" aria-label=\"A\u00f1adir al carrito: &ldquo;CONFORTEX SABANAS HIGI\u00c9NICAS DESECHABLES  EN BOLSA INDIVIDUAL&rdquo;\" rel=\"nofollow\" data-success_message=\"\u00abCONFORTEX SABANAS HIGI\u00c9NICAS DESECHABLES  EN BOLSA INDIVIDUAL\u00bb se ha a\u00f1adido a tu carrito\" role=\"button\">A\u00f1adir<\/a>\t<span id=\"woocommerce_loop_add_to_cart_link_describedby_14921\" class=\"screen-reader-text\">\n\t\t\t<\/span>\n<\/li>\n<li class=\"boutique_post_style_clear post_count_is_6 boutique_post_style_4 boutique_image_style_2 product type-product post-26576 status-publish instock product_cat-juguetes-sexuales-xxxarticulos-limpieza-e-higiene product_cat-covid-19 product_cat-juguetes-sexuales-xxx product_cat-juguetes-sexuales-xxxlimpieza-y-conservacion has-post-thumbnail taxable shipping-taxable purchasable product-type-simple\">\n\t<a href=\"https:\/\/www.pussycatmerida.com\/eshop\/producto\/stertoy-esterilizador-covid-19-germicida-bactericida-ultravioleta\/\" class=\"woocommerce-LoopProduct-link woocommerce-loop-product__link\"><img loading=\"lazy\" decoding=\"async\" width=\"300\" height=\"300\" src=\"https:\/\/www.pussycatmerida.com\/eshop\/wp-content\/uploads\/dl\/img\/img_74839_2c606bdab94cf724f770269e08e0737a_1.jpg\" class=\"attachment-woocommerce_thumbnail size-woocommerce_thumbnail\" alt=\"STERTOY ESTERILIZADOR COVID-19 GERMICIDA BACTERICIDA  ULTRAVIOLETA\" \/><h2 class=\"woocommerce-loop-product__title\">STERTOY ESTERILIZADOR COVID-19 GERMICIDA BACTERICIDA  ULTRAVIOLETA<\/h2>\n\t<span class=\"price\"><span class=\"woocommerce-Price-amount amount\"><bdi>66,07<span class=\"woocommerce-Price-currencySymbol\">&euro;<\/span><\/bdi><\/span><\/span>\n<\/a><a href=\"\/eshop\/wp-json\/wp\/v2\/pages\/1054?add-to-cart=26576\" aria-describedby=\"woocommerce_loop_add_to_cart_link_describedby_26576\" data-quantity=\"1\" class=\"button product_type_simple add_to_cart_button ajax_add_to_cart\" data-product_id=\"26576\" data-product_sku=\"D-220417\" aria-label=\"A\u00f1adir al carrito: &ldquo;STERTOY ESTERILIZADOR COVID-19 GERMICIDA BACTERICIDA  ULTRAVIOLETA&rdquo;\" rel=\"nofollow\" data-success_message=\"\u00abSTERTOY ESTERILIZADOR COVID-19 GERMICIDA BACTERICIDA  ULTRAVIOLETA\u00bb se ha a\u00f1adido a tu carrito\" role=\"button\">A\u00f1adir<\/a>\t<span id=\"woocommerce_loop_add_to_cart_link_describedby_26576\" class=\"screen-reader-text\">\n\t\t\t<\/span>\n<\/li>\n<li class=\"boutique_post_style_clear post_count_is_7 boutique_post_style_4 boutique_image_style_2 product type-product post-28819 status-publish last instock product_cat-juguetes-sexuales-xxx product_cat-juguetes-sexuales-xxxlimpieza-y-conservacion has-post-thumbnail taxable shipping-taxable purchasable product-type-simple\">\n\t<a href=\"https:\/\/www.pussycatmerida.com\/eshop\/producto\/adiccted-toys-squeeze-pera-limpieza-anal-negro\/\" class=\"woocommerce-LoopProduct-link woocommerce-loop-product__link\"><img loading=\"lazy\" decoding=\"async\" width=\"300\" height=\"300\" src=\"https:\/\/www.pussycatmerida.com\/eshop\/wp-content\/uploads\/dl\/img\/img_82338_d854f9c95a4c7936692759356d9fab70_1.png\" class=\"attachment-woocommerce_thumbnail size-woocommerce_thumbnail\" alt=\"ADICCTED TOYS SQUEEZE PERA LIMPIEZA ANAL NEGRO\" \/><h2 class=\"woocommerce-loop-product__title\">ADICCTED TOYS SQUEEZE PERA LIMPIEZA ANAL NEGRO<\/h2>\n\t<span class=\"price\"><span class=\"woocommerce-Price-amount amount\"><bdi>12,50<span class=\"woocommerce-Price-currencySymbol\">&euro;<\/span><\/bdi><\/span><\/span>\n<\/a><a href=\"\/eshop\/wp-json\/wp\/v2\/pages\/1054?add-to-cart=28819\" aria-describedby=\"woocommerce_loop_add_to_cart_link_describedby_28819\" data-quantity=\"1\" class=\"button product_type_simple add_to_cart_button ajax_add_to_cart\" data-product_id=\"28819\" data-product_sku=\"D-222074\" aria-label=\"A\u00f1adir al carrito: &ldquo;ADICCTED TOYS SQUEEZE PERA LIMPIEZA ANAL NEGRO&rdquo;\" rel=\"nofollow\" data-success_message=\"\u00abADICCTED TOYS SQUEEZE PERA LIMPIEZA ANAL NEGRO\u00bb se ha a\u00f1adido a tu carrito\" role=\"button\">A\u00f1adir<\/a>\t<span id=\"woocommerce_loop_add_to_cart_link_describedby_28819\" class=\"screen-reader-text\">\n\t\t\t<\/span>\n<\/li>\n<li class=\"boutique_post_style_clear post_count_is_8 boutique_post_style_4 boutique_image_style_2 product type-product post-14922 status-publish first instock product_cat-juguetes-sexuales-xxxarticulos-limpieza-e-higiene product_cat-juguetes-sexuales-xxx product_cat-juguetes-sexuales-xxxlimpieza-intima product_cat-juguetes-sexuales-xxxlimpieza-y-conservacion has-post-thumbnail taxable shipping-taxable purchasable product-type-simple\">\n\t<a href=\"https:\/\/www.pussycatmerida.com\/eshop\/producto\/confortex-sabanas-higienicas-desechables-invidual-preservativo-fresa\/\" class=\"woocommerce-LoopProduct-link woocommerce-loop-product__link\"><img loading=\"lazy\" decoding=\"async\" width=\"300\" height=\"300\" src=\"https:\/\/www.pussycatmerida.com\/eshop\/wp-content\/uploads\/dl\/img\/img_40700_2c615485a9c213bdc72b5817092ed3fb_1.jpg\" class=\"attachment-woocommerce_thumbnail size-woocommerce_thumbnail\" alt=\"CONFORTEX SABANAS HIGI\u00c9NICAS DESECHABLES INVIDUAL + PRESERVATIVO FRESA\" \/><h2 class=\"woocommerce-loop-product__title\">CONFORTEX SABANAS HIGI\u00c9NICAS DESECHABLES INVIDUAL + PRESERVATIVO FRESA<\/h2>\n\t<span class=\"price\"><span class=\"woocommerce-Price-amount amount\"><bdi>0,82<span class=\"woocommerce-Price-currencySymbol\">&euro;<\/span><\/bdi><\/span><\/span>\n<\/a><a href=\"\/eshop\/wp-json\/wp\/v2\/pages\/1054?add-to-cart=14922\" aria-describedby=\"woocommerce_loop_add_to_cart_link_describedby_14922\" data-quantity=\"1\" class=\"button product_type_simple add_to_cart_button ajax_add_to_cart\" data-product_id=\"14922\" data-product_sku=\"D-208346\" aria-label=\"A\u00f1adir al carrito: &ldquo;CONFORTEX SABANAS HIGI\u00c9NICAS DESECHABLES INVIDUAL + PRESERVATIVO FRESA&rdquo;\" rel=\"nofollow\" data-success_message=\"\u00abCONFORTEX SABANAS HIGI\u00c9NICAS DESECHABLES INVIDUAL + PRESERVATIVO FRESA\u00bb se ha a\u00f1adido a tu carrito\" role=\"button\">A\u00f1adir<\/a>\t<span id=\"woocommerce_loop_add_to_cart_link_describedby_14922\" class=\"screen-reader-text\">\n\t\t\t<\/span>\n<\/li>\n<li class=\"boutique_post_style_clear post_count_is_9 boutique_post_style_4 boutique_image_style_2 product type-product post-20474 status-publish instock product_cat-juguetes-sexuales-xxxarticulos-limpieza-e-higiene product_cat-covid-19 product_cat-juguetes-sexuales-xxx product_cat-juguetes-sexuales-xxxlimpieza-intima product_cat-juguetes-sexuales-xxxlimpieza-y-conservacion product_cat-seccion-tuppersex has-post-thumbnail taxable shipping-taxable purchasable product-type-simple\">\n\t<a href=\"https:\/\/www.pussycatmerida.com\/eshop\/producto\/waterfeel-limpiador-juguetes-sterile-150ml-en-it-nl-fr-de\/\" class=\"woocommerce-LoopProduct-link woocommerce-loop-product__link\"><img loading=\"lazy\" decoding=\"async\" width=\"300\" height=\"300\" src=\"https:\/\/www.pussycatmerida.com\/eshop\/wp-content\/uploads\/dl\/img\/img_53434_d0fa0e155759a408e6fba7011894c5c6_1.png\" class=\"attachment-woocommerce_thumbnail size-woocommerce_thumbnail\" alt=\"WATERFEEL LIMPIADOR JUGUETES STERILE 150ML EN IT NL FR DE\" \/><h2 class=\"woocommerce-loop-product__title\">WATERFEEL LIMPIADOR JUGUETES STERILE 150ML EN IT NL FR DE<\/h2>\n\t<span class=\"price\"><span class=\"woocommerce-Price-amount amount\"><bdi>7,00<span class=\"woocommerce-Price-currencySymbol\">&euro;<\/span><\/bdi><\/span><\/span>\n<\/a><a href=\"\/eshop\/wp-json\/wp\/v2\/pages\/1054?add-to-cart=20474\" aria-describedby=\"woocommerce_loop_add_to_cart_link_describedby_20474\" data-quantity=\"1\" class=\"button product_type_simple add_to_cart_button ajax_add_to_cart\" data-product_id=\"20474\" data-product_sku=\"D-213111\" aria-label=\"A\u00f1adir al carrito: &ldquo;WATERFEEL LIMPIADOR JUGUETES STERILE 150ML EN IT NL FR DE&rdquo;\" rel=\"nofollow\" data-success_message=\"\u00abWATERFEEL LIMPIADOR JUGUETES STERILE 150ML EN IT NL FR DE\u00bb se ha a\u00f1adido a tu carrito\" role=\"button\">A\u00f1adir<\/a>\t<span id=\"woocommerce_loop_add_to_cart_link_describedby_20474\" class=\"screen-reader-text\">\n\t\t\t<\/span>\n<\/li>\n<li class=\"boutique_post_style_clear post_count_is_10 boutique_post_style_4 boutique_image_style_2 product type-product post-20321 status-publish instock product_cat-juguetes-sexuales-xxxarticulos-limpieza-e-higiene product_cat-articulos-variados product_cat-articulos-variadoscopa-vaginal product_cat-juguetes-sexuales-xxx product_cat-juguetes-sexuales-xxxlimpieza-y-conservacion product_cat-seccion-tuppersex has-post-thumbnail taxable shipping-taxable purchasable product-type-simple\">\n\t<a href=\"https:\/\/www.pussycatmerida.com\/eshop\/producto\/nina-cup-copa-menstrual-talla-l-lila\/\" class=\"woocommerce-LoopProduct-link woocommerce-loop-product__link\"><img loading=\"lazy\" decoding=\"async\" width=\"300\" height=\"300\" src=\"https:\/\/www.pussycatmerida.com\/eshop\/wp-content\/uploads\/dl\/img\/img_60054_f27040547d00d436daa40793b5c53f3d_1.jpg\" class=\"attachment-woocommerce_thumbnail size-woocommerce_thumbnail\" alt=\"NINA CUP COPA MENSTRUAL TALLA L LILA\" \/><h2 class=\"woocommerce-loop-product__title\">NINA CUP COPA MENSTRUAL TALLA L LILA<\/h2>\n\t<span class=\"price\"><span class=\"woocommerce-Price-amount amount\"><bdi>17,90<span class=\"woocommerce-Price-currencySymbol\">&euro;<\/span><\/bdi><\/span><\/span>\n<\/a><a href=\"\/eshop\/wp-json\/wp\/v2\/pages\/1054?add-to-cart=20321\" aria-describedby=\"woocommerce_loop_add_to_cart_link_describedby_20321\" data-quantity=\"1\" class=\"button product_type_simple add_to_cart_button ajax_add_to_cart\" data-product_id=\"20321\" data-product_sku=\"D-212754\" aria-label=\"A\u00f1adir al carrito: &ldquo;NINA CUP COPA MENSTRUAL TALLA L LILA&rdquo;\" rel=\"nofollow\" data-success_message=\"\u00abNINA CUP COPA MENSTRUAL TALLA L LILA\u00bb se ha a\u00f1adido a tu carrito\" role=\"button\">A\u00f1adir<\/a>\t<span id=\"woocommerce_loop_add_to_cart_link_describedby_20321\" class=\"screen-reader-text\">\n\t\t\t<\/span>\n<\/li>\n<\/ul>\n<\/div>[\/vc_column][\/vc_row]<\/p>\n<\/section>","protected":false},"excerpt":{"rendered":"<p>[vc_row][vc_column][vc_single_image image=\u00bb2481&#8243; img_size=\u00bbfull\u00bb alignment=\u00bbcenter\u00bb][vc_column_text]En esta secci\u00f3n inclu\u00edmos tanto limpiadores de juguetes como art\u00edculos para la limpieza anal. Los limpiadores de juguetes son imprescindibles para una buena conservaci\u00f3n y mantenimiento de nuestro juguete er\u00f3tico, ya que no s\u00f3lo lo limpian y desinfectan de posibles bacterias, sino que tambi\u00e9n vas[\u2026]<\/p>\n","protected":false},"author":2,"featured_media":0,"parent":132,"menu_order":0,"comment_status":"closed","ping_status":"closed","template":"","meta":{"footnotes":""},"class_list":["post-1054","page","type-page","status-publish","hentry","boutique_post_style_clear","post_count_is_11","boutique_post_style_4","boutique_image_style_2"],"_links":{"self":[{"href":"https:\/\/www.pussycatmerida.com\/eshop\/wp-json\/wp\/v2\/pages\/1054","targetHints":{"allow":["GET"]}}],"collection":[{"href":"https:\/\/www.pussycatmerida.com\/eshop\/wp-json\/wp\/v2\/pages"}],"about":[{"href":"https:\/\/www.pussycatmerida.com\/eshop\/wp-json\/wp\/v2\/types\/page"}],"author":[{"embeddable":true,"href":"https:\/\/www.pussycatmerida.com\/eshop\/wp-json\/wp\/v2\/users\/2"}],"replies":[{"embeddable":true,"href":"https:\/\/www.pussycatmerida.com\/eshop\/wp-json\/wp\/v2\/comments?post=1054"}],"version-history":[{"count":5,"href":"https:\/\/www.pussycatmerida.com\/eshop\/wp-json\/wp\/v2\/pages\/1054\/revisions"}],"predecessor-version":[{"id":62977,"href":"https:\/\/www.pussycatmerida.com\/eshop\/wp-json\/wp\/v2\/pages\/1054\/revisions\/62977"}],"up":[{"embeddable":true,"href":"https:\/\/www.pussycatmerida.com\/eshop\/wp-json\/wp\/v2\/pages\/132"}],"wp:attachment":[{"href":"https:\/\/www.pussycatmerida.com\/eshop\/wp-json\/wp\/v2\/media?parent=1054"}],"curies":[{"name":"wp","href":"https:\/\/api.w.org\/{rel}","templated":true}]}}