{"id":1067,"date":"2018-11-04T15:17:46","date_gmt":"2018-11-04T15:17:46","guid":{"rendered":"https:\/\/www.pussycatmerida.com\/eshop\/?page_id=1067"},"modified":"2018-11-20T01:18:29","modified_gmt":"2018-11-20T01:18:29","slug":"los-10-mejores-juguetes-para-ella","status":"publish","type":"page","link":"https:\/\/www.pussycatmerida.com\/eshop\/los-10-mejores-juguetes-para-ella\/","title":{"rendered":"Los 7 mejores juguetes para ella"},"content":{"rendered":"<section class=\"wpb-content-wrapper\"><p>[vc_row][vc_column][vc_single_image image=\u00bb1076&#8243; img_size=\u00bbfull\u00bb alignment=\u00bbcenter\u00bb][vc_column_text]<\/p>\n<h6>\u00a1Bienvenid@s a nuestra particular selecci\u00f3n de los 10 mejores juguetes er\u00f3ticos para mujeres! Hemos inclu\u00eddo en esta lista juguetes de todo tipo: pero ya sean clitorianos, para el punto G, grandes o peque\u00f1os,&#8230; todo ellos son perfectos para el placer de la mujer.<\/h6>\n<p>[\/vc_column_text][\/vc_column][\/vc_row][vc_row][vc_column width=\u00bb1\/4&#8243;]<div class=\"woocommerce columns-1 \"><\/div>[\/vc_column][vc_column width=\u00bb3\/4&#8243;][vc_column_text]<\/p>\n<h2>Bunny PrettyLove<\/h2>\n<p>Si buscas un juguete econ\u00f3mico, bonito, potente y perfecto para conseguir orgasmos, \u00e9ste es el juguete ideal. Un<strong> juguete perfecto para la estimulaci\u00f3n de cl\u00edtoris<\/strong>, y que se puede usar tanto en juegos de pareja, como una sola.<\/p>\n<p>Sus orejitas son perfectas para envolver con su vibraci\u00f3n tu cl\u00edtoris, o deja que sea su morrito qui\u00e9n descargue toda su potencia en tus zonas m\u00e1s er\u00f3genas.<\/p>\n<p>Este juguete de Pretty Love lleva siendo durante a\u00f1os uno de los juguetes estrella en nuestra tienda. \u00a1No te lo pierdas![\/vc_column_text][\/vc_column][\/vc_row][vc_row][vc_column width=\u00bb1\/4&#8243;]<div class=\"woocommerce columns-1 \"><\/div>[\/vc_column][vc_column width=\u00bb3\/4&#8243;][vc_column_text]<\/p>\n<h2>Satisfyer Pro 2<\/h2>\n<p>\u00a1Uno de los juguetes m\u00e1s revolucionarios de los \u00faltimos a\u00f1os! <strong>Uno de los succionadores de cl\u00edtoris m\u00e1s espectaculares del mercado<\/strong>, y es que la marca Satisfyer ha revolucionado el mercado de la jugueter\u00eda er\u00f3tica con este gama de juguetes que estimulan el cl\u00edtoris por medio de <strong>\u00a1\u00a1ondas sonoras!!<\/strong><\/p>\n<p>No s\u00f3lo es que proporcione orgamos r\u00e1pidos y seguros, sino que \u00e9stos son mucho m\u00e1s intensos!\u00a0\u00bfA qu\u00e9 esperas para probar este juguete innovador?[\/vc_column_text][\/vc_column][\/vc_row][vc_row][vc_column width=\u00bb1\/4&#8243;]<div class=\"woocommerce columns-1 \"><\/div>[\/vc_column][vc_column width=\u00bb3\/4&#8243;][vc_column_text]<\/p>\n<h2>Lelo Ina Wave<\/h2>\n<p>Uno de los juguetes m\u00e1s impresionantes de la prestigiosa marca sueca LELO. \u00bfqu\u00e9 le hace tan especial? Pues que si a su <strong>elegante dise\u00f1o<\/strong>, le sumamos un <strong>tacto suave<\/strong> con un perfecto acabado, y una <strong>vibraciones<\/strong> que se adaptan perfectamente a las necesidades de cada mujer, el resultado es un juguete perfecto. Pero si a todo esto le sumamos la m\u00e1s alta tecnolog\u00eda y el sorprendente movimiento &#8216;Wave&#8217; (ven aqu\u00ed) os aseguramos que proporcionar\u00e1 orgasmos jam\u00e1s antes alcanzados.<\/p>\n<p>Y es que el movimiento &#8216;ven aqu\u00ed&#8217; de INA Wave est\u00e1 inspirado en las caricias que hacen los dedos de los m\u00e1s expertos amantes , al masajear el Punto G.<\/p>\n<h6 style=\"text-align: center;\">Deja que oleadas de placer te sumerjan en un gozo incontrolable, con el mejor conejito vibrador.<\/h6>\n<p>&nbsp;<\/p>\n<p>[\/vc_column_text][\/vc_column][\/vc_row][vc_row][vc_column width=\u00bb1\/4&#8243;]<div class=\"woocommerce columns-1 \"><ul class=\"products columns-1\">\n<li class=\"post_count_is_0 boutique_post_style_4 boutique_image_style_2 product type-product post-3471 status-publish first instock product_cat-juguetes-sexuales-xxxestimuladores product_cat-juguetes-sexuales-xxx product_cat-juguetes-sexuales-xxxmasturbadores-para-ellas product_cat-juguetes-sexuales-xxxpunto-g product_cat-juguetes-sexuales-xxxvibradores product_cat-juguetes-sexuales-xxxvibradores-hi-tech has-post-thumbnail taxable shipping-taxable purchasable product-type-simple\">\n\t<a href=\"https:\/\/www.pussycatmerida.com\/eshop\/producto\/lelo-elise-2-plum\/\" class=\"woocommerce-LoopProduct-link woocommerce-loop-product__link\"><img loading=\"lazy\" decoding=\"async\" width=\"300\" height=\"300\" src=\"https:\/\/www.pussycatmerida.com\/eshop\/wp-content\/uploads\/dl\/img\/img_7971_2368bab97794744a87a5097227e8179d_1.jpg\" class=\"attachment-woocommerce_thumbnail size-woocommerce_thumbnail\" alt=\"LELO ELISE 2 PLUM\" \/><h2 class=\"woocommerce-loop-product__title\">LELO ELISE 2 PLUM<\/h2>\n\t<span class=\"price\"><span class=\"woocommerce-Price-amount amount\"><bdi>159,00<span class=\"woocommerce-Price-currencySymbol\">&euro;<\/span><\/bdi><\/span><\/span>\n<\/a><a href=\"\/eshop\/wp-json\/wp\/v2\/pages\/1067?add-to-cart=3471\" aria-describedby=\"woocommerce_loop_add_to_cart_link_describedby_3471\" data-quantity=\"1\" class=\"button product_type_simple add_to_cart_button ajax_add_to_cart\" data-product_id=\"3471\" data-product_sku=\"D-195024\" aria-label=\"A\u00f1adir al carrito: &ldquo;LELO ELISE 2 PLUM&rdquo;\" rel=\"nofollow\" data-success_message=\"\u00abLELO ELISE 2 PLUM\u00bb se ha a\u00f1adido a tu carrito\" role=\"button\">A\u00f1adir<\/a>\t<span id=\"woocommerce_loop_add_to_cart_link_describedby_3471\" class=\"screen-reader-text\">\n\t\t\t<\/span>\n<\/li>\n<\/ul>\n<\/div>[\/vc_column][vc_column width=\u00bb3\/4&#8243;][vc_column_text]<\/p>\n<h2>Lelo Sona<\/h2>\n<p>Descubre el masajeador s\u00f3nico que estimula un 75% m\u00e1s de tu cl\u00edtoris. Y conquista una sensaci\u00f3n que cambiar\u00e1 tu vida, de un orgasmo y para siempre.<\/p>\n<p>Y es que LELO, como no pod\u00eda ser de otro forma, tambi\u00e9n ha lanzado al mercado su juguete clitoriano por estimulaci\u00f3n s\u00f3nica. Sum\u00e9rgete en un mar de placeres y descubre orgasmos como nunca antes los hab\u00edas tenido. Adem\u00e1s, cuenta con una interfaz perfecta para cambiar las vibraciones con los ojos cerrados. Y cr\u00e9enos que lo har\u00e1s.<\/p>\n<h6 style=\"text-align: center;\">\u00danete a la pasi\u00f3n h\u00fameda y silenciosa de Lelo Sona.<\/h6>\n<p>&nbsp;<\/p>\n<p>[\/vc_column_text][\/vc_column][\/vc_row][vc_row][vc_column width=\u00bb1\/4&#8243;]<div class=\"woocommerce columns-1 \"><\/div>[\/vc_column][vc_column width=\u00bb3\/4&#8243;][vc_column_text]<\/p>\n<h2>Vibrador Ramplante 50 Sombras<\/h2>\n<p>Este vibrador doble es perfecto para las mujeres m\u00e1s fans de la pel\u00edcula de &#8217;50 sombras de Grey&#8217;, d\u00e9jate llevar por el placer y prueba uno de los juguetes que salen en la trilog\u00eda original.<\/p>\n<p>Y es que adem\u00e1s este suave y potente juguete es perfecto para la estimulaci\u00f3n clitorial y vaginal, con un tama\u00f1o grande e ideado para adaptarse al contorno natural de la mujer, es perfecto tanto para principiantes como para las mujeres m\u00e1s exigentes.<\/p>\n<p>Cuenta adem\u00e1s con dos potentes motores con 8 modos de vibraci\u00f3n y 12 velocidades te har\u00e1n olvidar hasta al mism\u00edsimo se\u00f1or Grey.<\/p>\n<h6 style=\"text-align: center;\">Libera tu pasi\u00f3n con el conejito de la famosa trilog\u00eda<\/h6>\n<p>[\/vc_column_text][\/vc_column][\/vc_row][vc_row][vc_column width=\u00bb1\/4&#8243;][\/vc_column][vc_column width=\u00bb3\/4&#8243;][vc_column_text]<\/p>\n<h2>Oh Venus by Venus O&#8217;Hara<\/h2>\n<p>La famosa marca Adrien Lastic le propuso a la sexblogger Venus O&#8217;Hara que dise\u00f1ase su juguete ideal&#8230; y este &#8216;Oh Venus&#8217; es el espectacular resultado. Un innovador vibrador pensado para la perfecta estimulaci\u00f3n tanto de cl\u00edtoris como, sobre todo, del punto G.<\/p>\n<p>Y es que su peculiar dise\u00f1o est\u00e1 pensado para que la mujer con un ligero balanceo del juguete golpee suavemente su Punto G y al mismo tiempo el otro cabezal estimule completamente tu cl\u00edtoris.<\/p>\n<h6 style=\"text-align: center;\">Innovaci\u00f3n y originalidad al servicio del placer. Goza del sedoco tacto de O Venus.<\/h6>\n<p>[\/vc_column_text][\/vc_column][\/vc_row][vc_row][vc_column width=\u00bb1\/4&#8243;]<div class=\"woocommerce columns-1 \"><\/div>[\/vc_column][vc_column width=\u00bb3\/4&#8243;][vc_column_text]<\/p>\n<h2>Gogo de Nalone<\/h2>\n<div id=\"contenido_textos_avanzados_pestanyas\" class=\"desktop\">\n<div id=\"div_textos_avanzados_pestanyas_descripcion_larga\" class=\"pestanyaCliente descripcionLarga\">\n<p>Traemos otro estimulador de cl\u00edtoris espectacular. El &#8216;Gogo&#8217; de Nalone es un juguete \u00fanico que destaca por su textura&#8230; suave y confortable, y es que cuenta con un sistema de gel interno que lo hace muy suave a tacto.<\/p>\n<p>Adem\u00e1s, su ergon\u00f3mico dise\u00f1o hace que se adapte a la perfecci\u00f3n a la forma de la mano, por lo que sus suaves curvas te proporcionar\u00e1n un placer y una estimulaci\u00f3n realmente incre\u00edble.<\/p>\n<p>Sus 7 modos de vibraci\u00f3n y su silencioso motor hacen de &#8216;Gogo&#8217; el compa\u00f1ero ideal para tu mesilla de noche.<\/p>\n<\/div>\n<\/div>\n<h6 style=\"text-align: center;\">El estimulador de cl\u00edtoris Gogo es suave y confortable y se adapta a la perfecci\u00f3n a las curvas femeninas.<\/h6>\n<p>[\/vc_column_text][\/vc_column][\/vc_row]<\/p>\n<\/section>","protected":false},"excerpt":{"rendered":"<p>[vc_row][vc_column][vc_single_image image=\u00bb1076&#8243; img_size=\u00bbfull\u00bb alignment=\u00bbcenter\u00bb][vc_column_text] \u00a1Bienvenid@s a nuestra particular selecci\u00f3n de los 10 mejores juguetes er\u00f3ticos para mujeres! Hemos inclu\u00eddo en esta lista juguetes de todo tipo: pero ya sean clitorianos, para el punto G, grandes o peque\u00f1os,&#8230; todo ellos son perfectos para el placer de la mujer. [\/vc_column_text][\/vc_column][\/vc_row][vc_row][vc_column[\u2026]<\/p>\n","protected":false},"author":2,"featured_media":0,"parent":0,"menu_order":0,"comment_status":"closed","ping_status":"closed","template":"","meta":{"footnotes":""},"class_list":["post-1067","page","type-page","status-publish","hentry","boutique_post_style_clear","post_count_is_1","boutique_post_style_4","boutique_image_style_2"],"_links":{"self":[{"href":"https:\/\/www.pussycatmerida.com\/eshop\/wp-json\/wp\/v2\/pages\/1067","targetHints":{"allow":["GET"]}}],"collection":[{"href":"https:\/\/www.pussycatmerida.com\/eshop\/wp-json\/wp\/v2\/pages"}],"about":[{"href":"https:\/\/www.pussycatmerida.com\/eshop\/wp-json\/wp\/v2\/types\/page"}],"author":[{"embeddable":true,"href":"https:\/\/www.pussycatmerida.com\/eshop\/wp-json\/wp\/v2\/users\/2"}],"replies":[{"embeddable":true,"href":"https:\/\/www.pussycatmerida.com\/eshop\/wp-json\/wp\/v2\/comments?post=1067"}],"version-history":[{"count":11,"href":"https:\/\/www.pussycatmerida.com\/eshop\/wp-json\/wp\/v2\/pages\/1067\/revisions"}],"predecessor-version":[{"id":6438,"href":"https:\/\/www.pussycatmerida.com\/eshop\/wp-json\/wp\/v2\/pages\/1067\/revisions\/6438"}],"wp:attachment":[{"href":"https:\/\/www.pussycatmerida.com\/eshop\/wp-json\/wp\/v2\/media?parent=1067"}],"curies":[{"name":"wp","href":"https:\/\/api.w.org\/{rel}","templated":true}]}}