{"id":1149,"date":"2018-11-06T23:52:57","date_gmt":"2018-11-06T23:52:57","guid":{"rendered":"https:\/\/www.pussycatmerida.com\/eshop\/?page_id=1149"},"modified":"2018-11-28T17:27:28","modified_gmt":"2018-11-28T17:27:28","slug":"novedades","status":"publish","type":"page","link":"https:\/\/www.pussycatmerida.com\/eshop\/novedades\/","title":{"rendered":"Novedades"},"content":{"rendered":"<section class=\"wpb-content-wrapper\"><p>[vc_row][vc_column][vc_single_image image=\u00bb1088&#8243; img_size=\u00bbfull\u00bb alignment=\u00bbcenter\u00bb][vc_column_text]En esta secci\u00f3n os traemos los productos m\u00e1s novedosos en el mundo de la jugueter\u00eda y la cosm\u00e9tica er\u00f3tica.[\/vc_column_text][\/vc_column][\/vc_row][vc_row][vc_column][vc_custom_heading text=\u00bb1.- Succionadores de cl\u00edtoris<br \/>\n\u00a1La revoluci\u00f3n sexual ha llegado!\u00bb font_container=\u00bbtag:h2|text_align:left|line_height:1&#8243; google_fonts=\u00bbfont_family:Lemon%3Aregular|font_style:400%20regular%3A400%3Anormal\u00bb][vc_single_image image=\u00bb6263&#8243; img_size=\u00bbfull\u00bb alignment=\u00bbcenter\u00bb][vc_row_inner][vc_column_inner][vc_column_text]Estos nuevos succionadores de cl\u00edtoris han llegado para conquistar el mercado de la jugueter\u00eda er\u00f3tica, ya que la <strong>espectacular tecnolog\u00eda<\/strong> de estos juguetes er\u00f3ticos ya ha demostrado con creces su eficacia: un excitante vac\u00edo, unido a unas en\u00e9rgicas pulsaciones, estimulan el cl\u00edtoris sin tocarlo, de una forma inesperada hasta ahora.<\/p>\n<p><strong> \u00a1Llegan los orgasmos explosivos!\u00a0 <\/strong><strong>Estimulador s\u00f3nico de cl\u00edtoris.<\/strong><\/p>\n<p>\u00a1S\u00ed! Como escuchas estos estimuladores de cl\u00edtoris no funcionan por vibraciones como los juguetes sexuales convencionales, sino que <strong>funciona por \u00a1ondas s\u00f3nicas!<\/strong><\/p>\n<p>Estas ondas emiten pulsaciones que <strong>estimulan TODO el cl\u00edtoris<\/strong>, y cuando decimos todo, no s\u00f3lo nos referimos al botoncito, a la parte visible, sino que estimula toda la raiz del cl\u00edtoris&#8230; proporcionando orgasmos muy intensos.[\/vc_column_text][\/vc_column_inner][\/vc_row_inner]<div class=\"woocommerce columns-4 \"><ul class=\"products columns-4\">\n<li class=\"post_count_is_0 boutique_post_style_4 boutique_image_style_2 product type-product post-3471 status-publish first instock product_cat-juguetes-sexuales-xxxestimuladores product_cat-juguetes-sexuales-xxx product_cat-juguetes-sexuales-xxxmasturbadores-para-ellas product_cat-juguetes-sexuales-xxxpunto-g product_cat-juguetes-sexuales-xxxvibradores product_cat-juguetes-sexuales-xxxvibradores-hi-tech has-post-thumbnail taxable shipping-taxable purchasable product-type-simple\">\n\t<a href=\"https:\/\/www.pussycatmerida.com\/eshop\/producto\/lelo-elise-2-plum\/\" class=\"woocommerce-LoopProduct-link woocommerce-loop-product__link\"><img loading=\"lazy\" decoding=\"async\" width=\"300\" height=\"300\" src=\"https:\/\/www.pussycatmerida.com\/eshop\/wp-content\/uploads\/dl\/img\/img_7971_2368bab97794744a87a5097227e8179d_1.jpg\" class=\"attachment-woocommerce_thumbnail size-woocommerce_thumbnail\" alt=\"LELO ELISE 2 PLUM\" \/><h2 class=\"woocommerce-loop-product__title\">LELO ELISE 2 PLUM<\/h2>\n\t<span class=\"price\"><span class=\"woocommerce-Price-amount amount\"><bdi>159,00<span class=\"woocommerce-Price-currencySymbol\">&euro;<\/span><\/bdi><\/span><\/span>\n<\/a><a href=\"\/eshop\/wp-json\/wp\/v2\/pages\/1149?add-to-cart=3471\" aria-describedby=\"woocommerce_loop_add_to_cart_link_describedby_3471\" data-quantity=\"1\" class=\"button product_type_simple add_to_cart_button ajax_add_to_cart\" data-product_id=\"3471\" data-product_sku=\"D-195024\" aria-label=\"A\u00f1adir al carrito: &ldquo;LELO ELISE 2 PLUM&rdquo;\" rel=\"nofollow\" data-success_message=\"\u00abLELO ELISE 2 PLUM\u00bb se ha a\u00f1adido a tu carrito\" role=\"button\">A\u00f1adir<\/a>\t<span id=\"woocommerce_loop_add_to_cart_link_describedby_3471\" class=\"screen-reader-text\">\n\t\t\t<\/span>\n<\/li>\n<\/ul>\n<\/div>[\/vc_column][\/vc_row][vc_row][vc_column][vc_custom_heading text=\u00bb2.- Vibradores Oscilantes<br \/>\n\u00a1Descubre tu Punto G!\u00bb font_container=\u00bbtag:h2|text_align:left|line_height:1&#8243; google_fonts=\u00bbfont_family:Lemon%3Aregular|font_style:400%20regular%3A400%3Anormal\u00bb][vc_single_image image=\u00bb1026&#8243; img_size=\u00bbfull\u00bb alignment=\u00bbcenter\u00bb][vc_column_text]Los vibradores con funci\u00f3n oscilante son una de las novedades m\u00e1s destacadas dentro del mercado de los juguetes er\u00f3ticos.. Te permitit\u00e1n descubrir<em><strong> nuevas e intensas oleadas de orgasmos<\/strong>. <\/em>Una de las primeras marcas en sacar al mercado este tipo de juguetes fue la exclusiva marca sueca de &#8216;Lelo&#8217;, y sus vibradores &#8216;Wave&#8217; siguen proporcionando excitantes olas de placer.<\/p>\n<p>Los juguetes oscilantes <strong>masajean tu punto G con un balanceo similar a los dedos<\/strong>, una suave cadencia de arriba-abajo que te proporcionar\u00e1n intensas sensaciones.[\/vc_column_text]<div class=\"woocommerce columns-4 \"><\/div>[\/vc_column][\/vc_row][vc_row][vc_column][vc_custom_heading text=\u00bb3.- Vibradores L\u00edquidos<br \/>\nLa revolucionaria crema de orgasmo\u00bb font_container=\u00bbtag:h2|text_align:left|line_height:1&#8243; google_fonts=\u00bbfont_family:Lemon%3Aregular|font_style:400%20regular%3A400%3Anormal\u00bb][vc_single_image image=\u00bb6274&#8243; img_size=\u00bbfull\u00bb alignment=\u00bbcenter\u00bb][vc_column_text]Los vibradores l\u00edquidos son una potentes <strong>cremas de orgasmo con un efecto revolucionario<\/strong>.<\/p>\n<p>Se aplica una peque\u00f1a dosis sobre el cl\u00edtoris mediante un suave masaje, poco a poco, se produce una <strong>sensaci\u00f3n estimulante con ondas de vibraci\u00f3n<\/strong>, mezclada con un ligero efecto calor, que al sensibilizar las zonas er\u00f3genas permiten un mayor placer para la pareja.<\/p>\n<p>Aunque avisamos que sus efectos pueden variar de una persona a otra seg\u00fan la sensibilidad de cada una, por lo que hay mujeres que se son super fans de este tipo de productos, y otras, cuya efecto les parece demasiado potente.[\/vc_column_text]<div class=\"woocommerce columns-4 \"><\/div>[\/vc_column][\/vc_row][vc_row][vc_column][vc_custom_heading text=\u00bb4.- Multifun de Satisfyer<br \/>\nUn s\u00f3lo juguete, cientos de posibilidades\u00bb font_container=\u00bbtag:h2|text_align:left|line_height:1&#8243; google_fonts=\u00bbfont_family:Lemon%3Aregular|font_style:400%20regular%3A400%3Anormal\u00bb][vc_single_image image=\u00bb7102&#8243; img_size=\u00bbmedium\u00bb alignment=\u00bbcenter\u00bb][vc_column_text]Satisfyer vuelve a sorprendernos con <strong>MultinFun, <\/strong>este ingenioso juguete se puede utilizar tanto en solitario como en pareja, ya que su peculiar dise\u00f1o nos permite incorporarlo en cualquier tipo de juego amoroso. Adem\u00e1s, cuenta con <strong>\u00a13 potentes motores!<\/strong> que os estimular\u00e1 en el sitio justo, en el momento adecuado!<\/p>\n<p>Y es que <strong>lo mejor de este juguete es su enorme versatilidad<\/strong>, ya que sus formas redondeadas, su suave estructura y sus estrat\u00e9gicos cabezales permiten utilizarlo como anillo para el pene, como estimulador de Punto G, de cl\u00edtoris, para el perineo del hombre&#8230; <strong>\u00a1\u00a1ofrece hasta 14 opciones de uso!!<\/strong>[\/vc_column_text]<div class=\"woocommerce columns-4 \"><\/div>[\/vc_column][\/vc_row]<\/p>\n<\/section>","protected":false},"excerpt":{"rendered":"<p>[vc_row][vc_column][vc_single_image image=\u00bb1088&#8243; img_size=\u00bbfull\u00bb alignment=\u00bbcenter\u00bb][vc_column_text]En esta secci\u00f3n os traemos los productos m\u00e1s novedosos en el mundo de la jugueter\u00eda y la cosm\u00e9tica er\u00f3tica.[\/vc_column_text][\/vc_column][\/vc_row][vc_row][vc_column][vc_custom_heading text=\u00bb1.- Succionadores de cl\u00edtoris \u00a1La revoluci\u00f3n sexual ha llegado!\u00bb font_container=\u00bbtag:h2|text_align:left|line_height:1&#8243; google_fonts=\u00bbfont_family:Lemon%3Aregular|font_style:400%20regular%3A400%3Anormal\u00bb][vc_single_image image=\u00bb6263&#8243; img_size=\u00bbfull\u00bb alignment=\u00bbcenter\u00bb][vc_row_inner][vc_column_inner][vc_column_text]Estos nuevos succionadores de cl\u00edtoris han llegado para conquistar el mercado de la[\u2026]<\/p>\n","protected":false},"author":2,"featured_media":0,"parent":0,"menu_order":0,"comment_status":"closed","ping_status":"closed","template":"","meta":{"footnotes":""},"class_list":["post-1149","page","type-page","status-publish","hentry","boutique_post_style_clear","post_count_is_1","boutique_post_style_4","boutique_image_style_2"],"_links":{"self":[{"href":"https:\/\/www.pussycatmerida.com\/eshop\/wp-json\/wp\/v2\/pages\/1149","targetHints":{"allow":["GET"]}}],"collection":[{"href":"https:\/\/www.pussycatmerida.com\/eshop\/wp-json\/wp\/v2\/pages"}],"about":[{"href":"https:\/\/www.pussycatmerida.com\/eshop\/wp-json\/wp\/v2\/types\/page"}],"author":[{"embeddable":true,"href":"https:\/\/www.pussycatmerida.com\/eshop\/wp-json\/wp\/v2\/users\/2"}],"replies":[{"embeddable":true,"href":"https:\/\/www.pussycatmerida.com\/eshop\/wp-json\/wp\/v2\/comments?post=1149"}],"version-history":[{"count":14,"href":"https:\/\/www.pussycatmerida.com\/eshop\/wp-json\/wp\/v2\/pages\/1149\/revisions"}],"predecessor-version":[{"id":7109,"href":"https:\/\/www.pussycatmerida.com\/eshop\/wp-json\/wp\/v2\/pages\/1149\/revisions\/7109"}],"wp:attachment":[{"href":"https:\/\/www.pussycatmerida.com\/eshop\/wp-json\/wp\/v2\/media?parent=1149"}],"curies":[{"name":"wp","href":"https:\/\/api.w.org\/{rel}","templated":true}]}}