{"id":132,"date":"2018-10-11T17:24:18","date_gmt":"2018-10-11T17:24:18","guid":{"rendered":"https:\/\/www.pussycatmerida.com\/eshop\/?page_id=132"},"modified":"2021-03-06T21:44:33","modified_gmt":"2021-03-06T19:44:33","slug":"salud-sexual","status":"publish","type":"page","link":"https:\/\/www.pussycatmerida.com\/eshop\/salud-sexual\/","title":{"rendered":"Salud Sexual"},"content":{"rendered":"<section class=\"wpb-content-wrapper\"><p>[vc_row][vc_column][vc_single_image image=\u00bb2510&#8243; img_size=\u00bbfull\u00bb alignment=\u00bbcenter\u00bb][vc_column_text]Uno de los principales objetivos de Pussycat Boutique Er\u00f3tica es fomentar una Salud Sexual respetuosa, rigurosa y sencilla para todos los p\u00fablicos y para todas las edades.<\/p>\n<p>Por ello, desde Pussycat Boutique Er\u00f3tica ofrecemos toda clase de recursos para disfrutar de una sexualidad saludable.<\/p>\n<p>Por un lado tenemos los <strong>preservativos<\/strong>, fundamentales para prevenir embarazos no deseados y enfermedades o infeccionesde transmisi\u00f3n sexual, por lo que ofrecemos preservativos a todos los precios, para que no haya excusa para no utilizarlos.<\/p>\n<p>Por otro lado, nuestra tienda est\u00e1 muy orientada a la <strong>Salud Sexual de la mujer<\/strong>, por lo que ofrecemos dos de los productos m\u00e1s revolucionarios de estos \u00faltimos a\u00f1os que han venido a cambiar la salud sexual de la mujer: las <strong>bolas chinas<\/strong> y la <strong>copa menstrual<\/strong>.<\/p>\n<p>[\/vc_column_text][\/vc_column][\/vc_row][vc_row][vc_column][vc_column_text]<\/p>\n<div class=\"dtbaker_line_rectangle\"><div>Productos<\/div><\/div>\n<p>[\/vc_column_text]<div class=\"woocommerce columns-4 \"><\/div>[\/vc_column][\/vc_row][vc_row][vc_column]\n<div class=\"pwb-product-carousel\" data-slick=\"{&quot;slidesToShow&quot;:4,&quot;slidesToScroll&quot;:1,&quot;autoplay&quot;:false,&quot;arrows&quot;:false,&quot;rtl&quot;:false}\">\n\t\t\t<div class=\"pwb-slick-slide\">\n\t\t\t<a href=\"https:\/\/www.pussycatmerida.com\/eshop\/producto\/irisana-bolsa-esterilizadora-1-unidad\/\">\n\t\t\t<img loading=\"lazy\" decoding=\"async\" width=\"300\" height=\"300\" src=\"https:\/\/www.pussycatmerida.com\/eshop\/wp-content\/uploads\/dl\/img\/img_67457_36aff90d9dea39b99f9db4e611dbdb43_1.jpg\" class=\"attachment-woocommerce_thumbnail size-woocommerce_thumbnail\" alt=\"IRISANA BOLSA ESTERILIZADORA 1 UNIDAD\" \/>\t\t\t<h3>IRISANA BOLSA ESTERILIZADORA 1 UNIDAD<\/h3>\n\t\t\t<p class=\"product woocommerce add_to_cart_inline \" style=\"\"><span class=\"woocommerce-Price-amount amount\"><bdi>5,00<span class=\"woocommerce-Price-currencySymbol\">&euro;<\/span><\/bdi><\/span><a href=\"\/eshop\/wp-json\/wp\/v2\/pages\/132?add-to-cart=24609\" aria-describedby=\"woocommerce_loop_add_to_cart_link_describedby_24609\" data-quantity=\"1\" class=\"button product_type_simple add_to_cart_button ajax_add_to_cart\" data-product_id=\"24609\" data-product_sku=\"D-218501\" aria-label=\"A\u00f1adir al carrito: &ldquo;IRISANA BOLSA ESTERILIZADORA 1 UNIDAD&rdquo;\" rel=\"nofollow\" data-success_message=\"\u00abIRISANA BOLSA ESTERILIZADORA 1 UNIDAD\u00bb se ha a\u00f1adido a tu carrito\" role=\"button\">A\u00f1adir<\/a>\t<span id=\"woocommerce_loop_add_to_cart_link_describedby_24609\" class=\"screen-reader-text\">\n\t\t\t<\/span>\n<\/p>\t\t\t<\/a>\n\t\t<\/div>\n\t\t\t<div class=\"pwb-slick-slide\">\n\t\t\t<a href=\"https:\/\/www.pussycatmerida.com\/eshop\/producto\/iriscup-copa-mestrual-rosa-pequena\/\">\n\t\t\t<img loading=\"lazy\" decoding=\"async\" width=\"300\" height=\"300\" src=\"https:\/\/www.pussycatmerida.com\/eshop\/wp-content\/uploads\/dl\/img\/img_19028_b7e7d3062bc9e865420838eb906b7828_1.jpg\" class=\"attachment-woocommerce_thumbnail size-woocommerce_thumbnail\" alt=\"IRISCUP COPA MESTRUAL ROSA PEQUE\u00d1A\" \/>\t\t\t<h3>IRISCUP COPA MESTRUAL ROSA PEQUE\u00d1A<\/h3>\n\t\t\t<p class=\"product woocommerce add_to_cart_inline \" style=\"\"><span class=\"woocommerce-Price-amount amount\"><bdi>26,50<span class=\"woocommerce-Price-currencySymbol\">&euro;<\/span><\/bdi><\/span><a href=\"\/eshop\/wp-json\/wp\/v2\/pages\/132?add-to-cart=54178\" aria-describedby=\"woocommerce_loop_add_to_cart_link_describedby_54178\" data-quantity=\"1\" class=\"button product_type_simple add_to_cart_button ajax_add_to_cart\" data-product_id=\"54178\" data-product_sku=\"D-197830\" aria-label=\"A\u00f1adir al carrito: &ldquo;IRISCUP COPA MESTRUAL ROSA PEQUE\u00d1A&rdquo;\" rel=\"nofollow\" data-success_message=\"\u00abIRISCUP COPA MESTRUAL ROSA PEQUE\u00d1A\u00bb se ha a\u00f1adido a tu carrito\" role=\"button\">A\u00f1adir<\/a>\t<span id=\"woocommerce_loop_add_to_cart_link_describedby_54178\" class=\"screen-reader-text\">\n\t\t\t<\/span>\n<\/p>\t\t\t<\/a>\n\t\t<\/div>\n\t\t<div class=\"pwb-carousel-loader\">Cargando...<\/div>\n<\/div>\n\n\t<div>Nothing found<\/div>\n[\/vc_column][\/vc_row]<\/p>\n<\/section>","protected":false},"excerpt":{"rendered":"<p>[vc_row][vc_column][vc_single_image image=\u00bb2510&#8243; img_size=\u00bbfull\u00bb alignment=\u00bbcenter\u00bb][vc_column_text]Uno de los principales objetivos de Pussycat Boutique Er\u00f3tica es fomentar una Salud Sexual respetuosa, rigurosa y sencilla para todos los p\u00fablicos y para todas las edades. Por ello, desde Pussycat Boutique Er\u00f3tica ofrecemos toda clase de recursos para disfrutar de una sexualidad saludable. Por[\u2026]<\/p>\n","protected":false},"author":2,"featured_media":0,"parent":0,"menu_order":0,"comment_status":"closed","ping_status":"closed","template":"","meta":{"footnotes":""},"class_list":["post-132","page","type-page","status-publish","hentry","post_count_is_0","boutique_post_style_4","boutique_image_style_2"],"_links":{"self":[{"href":"https:\/\/www.pussycatmerida.com\/eshop\/wp-json\/wp\/v2\/pages\/132","targetHints":{"allow":["GET"]}}],"collection":[{"href":"https:\/\/www.pussycatmerida.com\/eshop\/wp-json\/wp\/v2\/pages"}],"about":[{"href":"https:\/\/www.pussycatmerida.com\/eshop\/wp-json\/wp\/v2\/types\/page"}],"author":[{"embeddable":true,"href":"https:\/\/www.pussycatmerida.com\/eshop\/wp-json\/wp\/v2\/users\/2"}],"replies":[{"embeddable":true,"href":"https:\/\/www.pussycatmerida.com\/eshop\/wp-json\/wp\/v2\/comments?post=132"}],"version-history":[{"count":10,"href":"https:\/\/www.pussycatmerida.com\/eshop\/wp-json\/wp\/v2\/pages\/132\/revisions"}],"predecessor-version":[{"id":63269,"href":"https:\/\/www.pussycatmerida.com\/eshop\/wp-json\/wp\/v2\/pages\/132\/revisions\/63269"}],"wp:attachment":[{"href":"https:\/\/www.pussycatmerida.com\/eshop\/wp-json\/wp\/v2\/media?parent=132"}],"curies":[{"name":"wp","href":"https:\/\/api.w.org\/{rel}","templated":true}]}}