{"id":6191,"date":"2018-11-17T00:54:58","date_gmt":"2018-11-17T00:54:58","guid":{"rendered":"https:\/\/www.pussycatmerida.com\/eshop\/?page_id=6191"},"modified":"2018-11-17T01:04:28","modified_gmt":"2018-11-17T01:04:28","slug":"terminos-y-condiciones","status":"publish","type":"page","link":"https:\/\/www.pussycatmerida.com\/eshop\/legal\/terminos-y-condiciones\/","title":{"rendered":"Condiciones de Uso"},"content":{"rendered":"<section class=\"wpb-content-wrapper\"><p>[vc_row][vc_column][vc_column_text]<\/p>\n<div class=\"rte\">\n<h2>T\u00e9rminos y condiciones<\/h2>\n<p><strong>OBJETO Y \u00c1MBITO DE APLICACI\u00d3N.<\/strong><\/p>\n<p>Las presentes Condiciones Generales de Uso tienen por objeto regular el acceso a los contenidos y servicios para usuarios no registrados de la P\u00e1gina Web www.crisalove.com<\/p>\n<p>El hecho de acceder, navegar o utilizar los servicios y contenidos de la P\u00e1gina Web implica que el Usuario ha le\u00eddo, tiene conocimiento y acepta sin reservas las Condiciones de Uso.<\/p>\n<p>En este sentido se considerar\u00e1 como Usuario, la persona que haga uso, navegue, o acceda, a cualquiera de los contenidos y servicios ofrecidos en la P\u00e1gina Web.<\/p>\n<p>El Usuario se compromete a utilizar la P\u00e1gina Web, de conformidad a la Ley y lo establecido en las presentes Condiciones de Uso y la Pol\u00edtica de Privacidad publicada en la P\u00e1gina web. El Usuario deber\u00e1 abstenerse en su utilizaci\u00f3n de cualquier acto il\u00edcito o contrario a las presentes Condiciones de Uso.<\/p>\n<p>No obstante el acceso a ciertos contenidos y la utilizaci\u00f3n y\/o adquisici\u00f3n\/prestaci\u00f3n de algunos servicios se encuentra sometido a determinadas Condiciones Particulares o Condiciones Generales de Contrataci\u00f3n, que, seg\u00fan los casos, sustituir\u00e1n, completar\u00e1n y\/o modificar\u00e1n las presentes Condiciones de Uso, y en caso de contradicci\u00f3n, prevalecer\u00e1n los t\u00e9rminos contradictorios de las Condiciones Particulares o Condiciones Generales de Contrataci\u00f3n sobre los estipulados en las presentes Condiciones de Uso.<\/p>\n<p>Crisalove se reserva el derecho a modificar la presentaci\u00f3n, configuraci\u00f3n, contenido de la P\u00e1gina Web y de cualquiera de sus servicios, as\u00ed como las condiciones requeridas para su acceso, utilizaci\u00f3n y\/o prestaci\u00f3n de servicios ofrecidos. El acceso y utilizaci\u00f3n de los contenidos y servicios tras la entrada en vigor de sus modificaciones o los cambios en las condiciones suponen la aceptaci\u00f3n de las mismas.<\/p>\n<p><strong>CAMBIOS O DEVOLUCIONES<\/strong><\/p>\n<p>Todos los productos vendidos podr\u00e1n ser devueltos durante\u00a014 d\u00edas contados desde la fecha de entrega.<\/p>\n<p>En devoluciones por defecto de fabricaci\u00f3n, los gastos de transporte ser\u00e1n por nuestra cuenta y se proceder\u00e1 a sustituir el art\u00edculo por uno de igual caracter\u00edsticas o si se prefiere, por el reembolso \u00edntegro del importe de la compra.<\/p>\n<p>En devoluciones por cambio de talla similar los gastos de transporte de la devoluci\u00f3n correr\u00e1n a cargo del cliente y se proceder\u00e1 a sustituir el art\u00edculo o si se prefiere, a canjear el importe por vale de compra.<\/p>\n<p>Plazo para devolver o cambiar un art\u00edculo: El plazo para cualquier cambio o devoluci\u00f3n es de\u00a014 d\u00edas h\u00e1biles desde la fecha de compra.<\/p>\n<p>En caso de taras o defectos de fabricaci\u00f3n, los gastos de transporte ser\u00e1n de nuestro cargo.<\/p>\n<p>En el resto de casos, los gastos de transporte originados por el cambio o la devoluci\u00f3n correr\u00e1n a cargo del cliente.<\/p>\n<p>&nbsp;<\/p>\n<p><strong>DERECHOS DE PROPIEDAD INTELECTUAL E INDUSTRIAL.<\/strong><\/p>\n<p>La presente P\u00e1gina Web se rige por la legislaci\u00f3n nacional e internacional sobre propiedad intelectual e industrial.<\/p>\n<p>En ning\u00fan caso se entender\u00e1 que el acceso y navegaci\u00f3n del Usuario a la P\u00e1gina Web o la utilizaci\u00f3n, adquisici\u00f3n y\/o contrataci\u00f3n de productos o servicios ofertados a trav\u00e9s de la misma, implique una renuncia, transmisi\u00f3n, licencia o cesi\u00f3n total ni parcial de dichos derechos por parte de Crisalove.<\/p>\n<p>Crisalove es titular o ha obtenido la correspondiente licencia sobre los derechos de explotaci\u00f3n de propiedad intelectual e industrial de Crisalove as\u00ed como de los derechos y\/o licencias de propiedad intelectual, industrial y de imagen sobre los contenidos y productos disponibles a trav\u00e9s del mismo.<\/p>\n<p>No est\u00e1 permitido suprimir, eludir o manipular el aviso de derechos de autor (\u00abcopyright\u00bb) y cualesquiera otros datos de identificaci\u00f3n de los derechos de Crisalove.<\/p>\n<p>Asimismo est\u00e1 prohibido modificar, copiar, reutilizar, explotar, reproducir, comunicar p\u00fablicamente, hacer segundas o posteriores publicaciones, cargar archivos, enviar por correo, transmitir, usar, tratar o distribuir de cualquier forma la totalidad o parte de los contenidos y productos, incluidos en www.crisalove.com para prop\u00f3sitos p\u00fablicos o comerciales, si no se cuenta con la autorizaci\u00f3n expresa y por escrito de Crisalove.<\/p>\n<p><strong>UTILIZACI\u00d3N O USO DE LA P\u00c1GINA WEB.<\/strong><\/p>\n<p>El Usuario tendr\u00e1 acceso a los contenidos y utilizaci\u00f3n de los servicios proporcionados por la P\u00e1gina Web de forma gratuita, si bien algunos servicios pueden estar sujetos a registro previo, contrataci\u00f3n previa y\/o al pago de una cantidad por parte del Usuario, lo cual se especificar\u00e1 en sus propias Condiciones Generales de Contrataci\u00f3n.<\/p>\n<p>Al utilizar los servicios y\/o acceder a los contenidos de la P\u00e1gina Web, el Usuario manifiesta su conformidad con estas Condiciones de Uso, comprometi\u00e9ndose a no utilizarlos para enviar mensajes que difamen o insulten, o que contengan informaci\u00f3n falsa, que sea inapropiada, abusiva, da\u00f1ina, pornogr\u00e1fica, amenazadora, da\u00f1ando la imagen p\u00fablica o la vida privada de terceras personas o que por alguna causa infrinjan alguna ley.<\/p>\n<p>En particular, y a t\u00edtulo meramente indicativo y no exhaustivo, el Usuario se compromete a no captar datos con finalidad publicitaria, a no enviar ning\u00fan tipo de publicidad online y a no transmitir, difundir o poner a disposici\u00f3n de terceros a trav\u00e9s de los Servicios que puedan ser proporcionados por Crisalove, informaciones, mensajes, gr\u00e1ficos, archivos de sonido o imagen, fotograf\u00edas, grabaciones, software y en general cualquier clase de material, datos o contenidos que, sin \u00e1nimo exhaustivo:<\/p>\n<p>* Incurran en actividades il\u00edcitas, ilegales o contrarias a la buena fe y al orden p\u00fablico; de cualquier forma contravengan, menosprecien o atenten contra los derechos fundamentales y libertades p\u00fablicas reconocidas constitucionalmente o en los tratados internacionales y en el resto del ordenamiento jur\u00eddico; induzcan, inciten o promuevan actuaciones delictivas, denigratorias, difamatorias o violentas; induzcan, inciten o promuevan actuaciones, actitudes o ideas discriminatorias por raz\u00f3n de sexo, raza, religi\u00f3n, creencias o edad; incorporen mensajes delictivos, violentos o degradantes; induzcan o inciten a involucrarse en pr\u00e1cticas peligrosas, de riesgo o nocivas para la salud y el equilibrio ps\u00edquico; sean falsos, ambiguos, inexactos, exagerados o extempor\u00e1neos, de forma que puedan inducir a error sobre su objeto o sobre las intenciones o prop\u00f3sitos del comunicante; se encuentren protegidos por cualesquiera derechos de propiedad intelectual o industrial pertenecientes a terceros, sin que el Usuario haya obtenido previamente de sus titulares la autorizaci\u00f3n necesaria para llevar a cabo el uso que efect\u00faa o pretende efectuar; violen los secretos empresariales de terceros; sean contrarios al derecho al honor, a la intimidad personal y familiar o a la propia imagen de las personas; infrinjan la normativa sobre secreto de las comunicaciones; provoquen por sus caracter\u00edsticas (como formato, extensi\u00f3n, etc.) dificultades en el normal funcionamiento de los Servicios.<\/p>\n<p><strong>LICENCIA SOBRE LAS COMUNICACIONES.<\/strong><\/p>\n<p>En el caso de que el Usuario env\u00ede informaci\u00f3n de cualquier tipo a Crisalove a trav\u00e9s de la P\u00e1gina Web, mediante los canales dispuestos a tal fin en la propia P\u00e1gina, el Usuario declara, garantiza y acepta que tiene derecho a hacerlo libremente, que dicha informaci\u00f3n no infringe ning\u00fan derecho de propiedad intelectual, de marca, de patente, secreto comercial, o cualquier otro derecho de tercero, que dicha informaci\u00f3n no tiene car\u00e1cter confidencial y que dicha informaci\u00f3n no es perjudicial para terceros.<\/p>\n<p>El Usuario asume la responsabilidad y dejar\u00e1 indemne a Crisalove por cualquier comunicaci\u00f3n que suministre personalmente o a su nombre, alcanzando dicha responsabilidad sin restricci\u00f3n alguna la exactitud, legalidad, originalidad y titularidad de la misma.<\/p>\n<p><strong>RESPONSABILIDADES Y GARANT\u00cdAS.<\/strong><\/p>\n<p>Crisalove no garantiza ni se hace responsable de: la continuidad de los contenidos de la P\u00e1gina Web; la ausencia de errores en dichos contenidos o productos; la ausencia de virus y\/o dem\u00e1s componentes da\u00f1inos en la P\u00e1gina Web o en el servidor que lo suministra; la invulnerabilidad de la P\u00e1gina Web y\/o la inexpugnabilidad de las medidas de seguridad que se adopten en el mismo; la falta de utilidad o rendimiento de los contenidos y productos de la P\u00e1gina Web; los da\u00f1os o perjuicios que cause, a s\u00ed mismo o a un tercero, cualquier persona que infringiera las condiciones, normas e instrucciones que Crisalove establece en la P\u00e1gina Web o a trav\u00e9s de la vulneraci\u00f3n de los sistemas de seguridad de la misma.<\/p>\n<p>No obstante, \u00a0Crisalove \u00a0declara que ha adoptado todas las medidas necesarias, dentro de sus posibilidades y del estado de la tecnolog\u00eda, para garantizar el funcionamiento de la P\u00e1gina Web y evitar la existencia y transmisi\u00f3n de virus y dem\u00e1s componentes da\u00f1inos a los Usuarios.<\/p>\n<p>Si el Usuario tuviera conocimiento de la existencia de alg\u00fan contenido il\u00edcito, ilegal, contrario a las leyes o que pudiera suponer una infracci\u00f3n de derechos de propiedad intelectual y\/o industrial, deber\u00e1 notificarlo inmediatamente a Crisalove para que \u00e9sta pueda proceder a la adopci\u00f3n de las medidas oportunas.<\/p>\n<p><strong>ENLACES<\/strong><\/p>\n<p>En caso de que desde la P\u00e1gina Web, el Usuario pudiera encontrar enlaces a otras P\u00e1ginas Web, \u00e9stos ser\u00edan gestionados por terceros. Crisalove no asume ning\u00fan tipo de responsabilidad por cualquier aspecto relativo a la P\u00e1gina Web a la que se pudiera establecer un enlace desde la misma, en concreto, a t\u00edtulo enunciativo y no taxativo, sobre su funcionamiento, acceso, datos, informaci\u00f3n, archivos, calidad y fiabilidad de sus productos y servicios, sus propios enlaces y\/o cualquiera de sus contenidos, en general.<\/p>\n<p>En este sentido, si los Usuarios tuvieran conocimiento efectivo de la ilicitud de actividades desarrolladas a trav\u00e9s de estas p\u00e1ginas Web de terceros, deber\u00e1n comunicarlo inmediatamente a Crisalove a los efectos de que se proceda a deshabilitar el enlace de acceso a la misma.<\/p>\n<p>El establecimiento de cualquier tipo de enlace desde la P\u00e1gina Web a otro Sitio Web ajeno no implicar\u00e1 que exista alg\u00fan tipo de relaci\u00f3n, colaboraci\u00f3n o dependencia entre Crisalove y el responsable de la P\u00e1gina Web ajeno.<\/p>\n<p><strong>DURACI\u00d3N Y MODIFICACI\u00d3N.<\/strong><\/p>\n<p>Crisalove podr\u00e1 modificar los t\u00e9rminos y condiciones aqu\u00ed estipuladas, total o parcialmente, publicando cualquier cambio en la misma forma en que aparecen estas Condiciones de Uso, a trav\u00e9s de cualquier tipo de comunicaci\u00f3n dirigida a los Usuarios.<\/p>\n<p>La vigencia temporal de estas Condiciones de Uso coincide, por lo tanto, con el tiempo de su exposici\u00f3n, hasta que sean modificadas total o parcialmente, momento en el cual pasar\u00e1 a tener vigencia en las Condiciones de Uso modificadas.<\/p>\n<p>Con independencia de lo que pueda ser dispuesto en Condiciones Particulares que se establezcan, Crisalove podr\u00e1 dar por terminado, suspender o interrumpir, en cualquier momento sin necesidad de preaviso, el acceso a los contenidos de la p\u00e1gina, sin posibilidad por parte del Usuario de exigir indemnizaci\u00f3n alguna. Tras dicha extinci\u00f3n, seguir\u00e1n vigentes las prohibiciones de uso de los contenidos expuestas anteriormente en las presentes Condiciones de Uso.<\/p>\n<p>Atentamente,\u00a0<a href=\"https:\/\/www.pussycatmerida.com\/eshop\">www.pussycatmerida.com<\/a><\/p>\n<p><img loading=\"lazy\" decoding=\"async\" class=\"alignnone wp-image-187\" src=\"https:\/\/www.pussycatmerida.com\/eshop\/wp-content\/uploads\/2018\/10\/logopng-300x159.png\" alt=\"\" width=\"276\" height=\"146\" srcset=\"https:\/\/www.pussycatmerida.com\/eshop\/wp-content\/uploads\/2018\/10\/logopng-300x159.png 300w, https:\/\/www.pussycatmerida.com\/eshop\/wp-content\/uploads\/2018\/10\/logopng-768x407.png 768w, https:\/\/www.pussycatmerida.com\/eshop\/wp-content\/uploads\/2018\/10\/logopng-600x318.png 600w, https:\/\/www.pussycatmerida.com\/eshop\/wp-content\/uploads\/2018\/10\/logopng.png 884w\" sizes=\"auto, (max-width: 276px) 100vw, 276px\" \/><\/p>\n<\/div>\n<p>[\/vc_column_text][\/vc_column][\/vc_row]<\/p>\n<\/section>","protected":false},"excerpt":{"rendered":"<p>[vc_row][vc_column][vc_column_text] T\u00e9rminos y condiciones OBJETO Y \u00c1MBITO DE APLICACI\u00d3N. Las presentes Condiciones Generales de Uso tienen por objeto regular el acceso a los contenidos y servicios para usuarios no registrados de la P\u00e1gina Web www.crisalove.com El hecho de acceder, navegar o utilizar los servicios y contenidos de la[\u2026]<\/p>\n","protected":false},"author":2,"featured_media":0,"parent":6196,"menu_order":0,"comment_status":"closed","ping_status":"closed","template":"","meta":{"footnotes":""},"class_list":["post-6191","page","type-page","status-publish","hentry","post_count_is_0","boutique_post_style_4","boutique_image_style_2"],"_links":{"self":[{"href":"https:\/\/www.pussycatmerida.com\/eshop\/wp-json\/wp\/v2\/pages\/6191","targetHints":{"allow":["GET"]}}],"collection":[{"href":"https:\/\/www.pussycatmerida.com\/eshop\/wp-json\/wp\/v2\/pages"}],"about":[{"href":"https:\/\/www.pussycatmerida.com\/eshop\/wp-json\/wp\/v2\/types\/page"}],"author":[{"embeddable":true,"href":"https:\/\/www.pussycatmerida.com\/eshop\/wp-json\/wp\/v2\/users\/2"}],"replies":[{"embeddable":true,"href":"https:\/\/www.pussycatmerida.com\/eshop\/wp-json\/wp\/v2\/comments?post=6191"}],"version-history":[{"count":2,"href":"https:\/\/www.pussycatmerida.com\/eshop\/wp-json\/wp\/v2\/pages\/6191\/revisions"}],"predecessor-version":[{"id":6193,"href":"https:\/\/www.pussycatmerida.com\/eshop\/wp-json\/wp\/v2\/pages\/6191\/revisions\/6193"}],"up":[{"embeddable":true,"href":"https:\/\/www.pussycatmerida.com\/eshop\/wp-json\/wp\/v2\/pages\/6196"}],"wp:attachment":[{"href":"https:\/\/www.pussycatmerida.com\/eshop\/wp-json\/wp\/v2\/media?parent=6191"}],"curies":[{"name":"wp","href":"https:\/\/api.w.org\/{rel}","templated":true}]}}