{"id":6198,"date":"2018-11-17T01:07:58","date_gmt":"2018-11-17T01:07:58","guid":{"rendered":"https:\/\/www.pussycatmerida.com\/eshop\/?page_id=6198"},"modified":"2018-11-17T01:07:58","modified_gmt":"2018-11-17T01:07:58","slug":"politica-de-cookies","status":"publish","type":"page","link":"https:\/\/www.pussycatmerida.com\/eshop\/legal\/politica-de-cookies\/","title":{"rendered":"Pol\u00edtica de cookies"},"content":{"rendered":"<section class=\"wpb-content-wrapper\"><p>[vc_row][vc_column][vc_column_text]<\/p>\n<h2><strong><em>POLITICA DE COOKIES<\/em><\/strong><\/h2>\n<p>Pussycat Boutique Er\u00f3tica, como la gran mayor\u00eda de p\u00e1ginas web que visitas habitualmente, utiliza \u201ccookies\u201d. En esta p\u00e1gina explicamos qu\u00e9 son las cookies, c\u00f3mo las utilizamos y c\u00f3mo puedes modificar tus preferencias sobre ellas.<\/p>\n<p>&nbsp;<\/p>\n<p><strong>\u00bfQu\u00e9 son las cookies?<\/strong><\/p>\n<p>Una cookie es un peque\u00f1o archivo de datos que se descarga autom\u00e1ticamente en tu dispositivo cuando accedes a una p\u00e1gina web. Las cookies nos ayudan a mejorar la calidad de nuestra web, ya que nos permiten reconocer a los usuarios y controlar qu\u00e9 contenidos les resulta \u00fatiles y cu\u00e1les no.<\/p>\n<p>Es fundamental que usemos cookies para el buen uso de nuestra web, ya que facilitan la navegaci\u00f3n y la usabilidad. Tambi\u00e9n es importante que sepas que las cookies no pueden da\u00f1ar tu ordenador, Tablet ni tu tel\u00e9fono m\u00f3vil, sino que ayudan a identificar y resolver errores.<\/p>\n<p>&nbsp;<\/p>\n<p><strong>\u00bfQu\u00e9 tipo de cookies utiliza Pussycat Boutique Er\u00f3tica?<\/strong><\/p>\n<p>Las cookies pueden ser temporales o permanentes. Las primeras, tambi\u00e9n denominadas cookies de sesi\u00f3n, permanecen en el archivo de cookies de tu navegador hasta que abandonas la p\u00e1gina web, por lo que no se registran en el disco duro del ordenador. La informaci\u00f3n que obtenemos por medio de estas cookies nos sirve para analizar pautas de tr\u00e1fico en la web. A largo plazo nos ayuda a proporcionar una mejor experiencia para mejorar el contenido y facilitar su uso.<\/p>\n<p>Las cookies permanentes se almacenan en el disco duro y la web de www.crisalove.com las lee cada vez que realizas una nueva visita. Nos ayudan a reconocerte y a darte un servicio personalizado, por ejemplo para que no tengas que iniciar sesi\u00f3n cada vez que entres a nuestra web. Aunque se las denomine \u201ccookies permanentes\u201d en realidad tienen una fecha de expiraci\u00f3n determinada y dejar\u00e1n de funcionar despu\u00e9s de esa fecha.<\/p>\n<p>Las cookies tambi\u00e9n pueden ser propias o de terceros, dependiendo de si son gestionadas por nosotros o por otras herramientas externas. Por ejemplo, son cookies propias todas las que permiten el funcionamiento b\u00e1sico de la web y son imprescindibles para controlar su uso, identificar la sesi\u00f3n o realizar un proceso\u00a0 de compra. Son cookies de terceros las que permiten utilizar servicios externos, como Google Analytics o las herramientas de atenci\u00f3n al cliente, para proporcionarte una mejor experiencia.<\/p>\n<p>\u00c9stas son las principales cookies que utilizamos en nuestra web:<\/p>\n<ul>\n<li><strong>Cookies estrictamente necesarias<\/strong>: sirven para asegurar que el contenido de la p\u00e1gina se carga eficazmente, que puedes navegar de forma correcta o que permiten realizar servicios solicitados por el usuario.<\/li>\n<li><strong>Cookies de terceros<\/strong>: las utilizamos para diferentes servicios, como an\u00e1lisis del sitio web o publicidad.<\/li>\n<li><strong>Cookies anal\u00edticas<\/strong>: hacemos uso de cookies anal\u00edticas para recopilar datos estad\u00edsticos de la actividad de la web y garantizarte el mejor servicio posible. Por ejemplo, mediante una cookie anal\u00edtica podemos saber qu\u00e9 productos tienen m\u00e1s aceptaci\u00f3n y hacerte recomendaciones basadas en lo que est\u00e1s buscando en nuestra web.<\/li>\n<li><strong>Cookies publicitarias<\/strong>: permiten gestionar espacios publicitarios en base a tus h\u00e1bitos de navegaci\u00f3n y a tus intereses.<\/li>\n<\/ul>\n<p><strong>\u00bfC\u00f3mo puedes gestionar y configurar las cookies?<\/strong><\/p>\n<p>Puedes ver las cookies que tienes instaladas, bloquearlas o eliminarlas a trav\u00e9s de las opciones de configuraci\u00f3n del navegador que est\u00e9s utilizando. Si lo prefieres, puedes configurar tu navegador para mostrar en pantalla la recepci\u00f3n de cookies e impedir su instalaci\u00f3n. Si eliges esta opci\u00f3n, crisalove.com no se responsabiliza de los problemas o errores en el funcionamiento de su p\u00e1gina web que puedan aparecer a causa de dichos cambios y en la configuraci\u00f3n relativa a las cookies. Ten en cuenta que si rechazas o borras las cookies de navegaci\u00f3n por la web, no podremos mantener tus preferencias, algunas caracter\u00edsticas de las p\u00e1ginas no estar\u00e1n operativas, no podremos ofrecerte servicios personalizados y cada vez que vayas a navegar por nuestra web tendremos que solicitarte de nuevo tu autorizaci\u00f3n para el uso de cookies.<\/p>\n<p>Algunos navegadores permiten activar un modo privado que borra las cookies siempre despu\u00e9s de visitar una p\u00e1gina web. Aunque tu navegador active este modo privado puedes seguir visitando nuestra web, pero es posible que la navegaci\u00f3n no sea \u00f3ptima y algunas utilidades no funcionen correctamente. A continuaci\u00f3n te mostramos una lista de los navegadores m\u00e1s comunes, con informaci\u00f3n sobre c\u00f3mo configurar las cookies en cada uno de ellos y el nombre que utilizan a para su modo privado (entre par\u00e9ntesis):<\/p>\n<ul>\n<li><a href=\"https:\/\/support.microsoft.com\/es-es\/help\/17442\/windows-internet-explorer-delete-manage-cookies#ie=ie-10\">Internet Explorer<\/a>\u00a0(InPrivate)<\/li>\n<li><a href=\"https:\/\/support.apple.com\/kb\/ph5042?locale=es_ES\">Safari<\/a>\u00a0(Navegaci\u00f3n Privada)<\/li>\n<li><a href=\"http:\/\/help.opera.com\/Windows\/11.50\/es-ES\/cookies.html\">Opera<\/a>\u00a0(Navegaci\u00f3n Privada)<\/li>\n<li><a href=\"https:\/\/support.mozilla.org\/es\/kb\/habilitar-y-deshabilitar-cookies-sitios-web-rastrear-preferencias?redirectlocale=es&amp;redirectslug=habilitar-y-deshabilitar-cookies-que-los-sitios-we\">FireFox<\/a>\u00a0(Navegaci\u00f3n Privada)<\/li>\n<li><a href=\"https:\/\/support.google.com\/chrome\/answer\/95647\">Google Chrome<\/a>\u00a0(Modo Inc\u00f3gnito)<\/li>\n<\/ul>\n<p>Estos navegadores est\u00e1n sometidos a continuas actualizaciones, por lo que no podemos garantizar que se ajusten completamente a la versi\u00f3n de tu navegador. Para evitar estos desajustes, puedes acceder a la configuraci\u00f3n de las cookies directamente desde las opciones de tu navegador.<\/p>\n<p><em>Si tiene dudas sobre\u00a0la pol\u00edtica de cookies, puede contactar con Pussycat Boutique Er\u00f3tica en\u00a0info@pussycatmerida.com<\/em>[\/vc_column_text][\/vc_column][\/vc_row]<\/p>\n<\/section>","protected":false},"excerpt":{"rendered":"<p>[vc_row][vc_column][vc_column_text] POLITICA DE COOKIES Pussycat Boutique Er\u00f3tica, como la gran mayor\u00eda de p\u00e1ginas web que visitas habitualmente, utiliza \u201ccookies\u201d. En esta p\u00e1gina explicamos qu\u00e9 son las cookies, c\u00f3mo las utilizamos y c\u00f3mo puedes modificar tus preferencias sobre ellas. &nbsp; \u00bfQu\u00e9 son las cookies? Una cookie es un peque\u00f1o[\u2026]<\/p>\n","protected":false},"author":2,"featured_media":0,"parent":6196,"menu_order":0,"comment_status":"closed","ping_status":"closed","template":"","meta":{"footnotes":""},"class_list":["post-6198","page","type-page","status-publish","hentry","post_count_is_0","boutique_post_style_4","boutique_image_style_2"],"_links":{"self":[{"href":"https:\/\/www.pussycatmerida.com\/eshop\/wp-json\/wp\/v2\/pages\/6198","targetHints":{"allow":["GET"]}}],"collection":[{"href":"https:\/\/www.pussycatmerida.com\/eshop\/wp-json\/wp\/v2\/pages"}],"about":[{"href":"https:\/\/www.pussycatmerida.com\/eshop\/wp-json\/wp\/v2\/types\/page"}],"author":[{"embeddable":true,"href":"https:\/\/www.pussycatmerida.com\/eshop\/wp-json\/wp\/v2\/users\/2"}],"replies":[{"embeddable":true,"href":"https:\/\/www.pussycatmerida.com\/eshop\/wp-json\/wp\/v2\/comments?post=6198"}],"version-history":[{"count":1,"href":"https:\/\/www.pussycatmerida.com\/eshop\/wp-json\/wp\/v2\/pages\/6198\/revisions"}],"predecessor-version":[{"id":6199,"href":"https:\/\/www.pussycatmerida.com\/eshop\/wp-json\/wp\/v2\/pages\/6198\/revisions\/6199"}],"up":[{"embeddable":true,"href":"https:\/\/www.pussycatmerida.com\/eshop\/wp-json\/wp\/v2\/pages\/6196"}],"wp:attachment":[{"href":"https:\/\/www.pussycatmerida.com\/eshop\/wp-json\/wp\/v2\/media?parent=6198"}],"curies":[{"name":"wp","href":"https:\/\/api.w.org\/{rel}","templated":true}]}}