{"id":6200,"date":"2018-11-17T01:14:07","date_gmt":"2018-11-17T01:14:07","guid":{"rendered":"https:\/\/www.pussycatmerida.com\/eshop\/?page_id=6200"},"modified":"2018-11-17T01:14:07","modified_gmt":"2018-11-17T01:14:07","slug":"envios-y-entregas","status":"publish","type":"page","link":"https:\/\/www.pussycatmerida.com\/eshop\/legal\/envios-y-entregas\/","title":{"rendered":"Env\u00edos y entregas"},"content":{"rendered":"<section class=\"wpb-content-wrapper\"><p>[vc_row][vc_column][vc_column_text]<\/p>\n<div class=\"rte\">\n<h2><strong>Env\u00edos y entrega<\/strong><\/h2>\n<p>Todos nuestros env\u00edos salen desde nuestros almacenes en Sevilla\u00a0y desde all\u00ed se reparten a cualquier punto de Espa\u00f1a en un plazo de 24\/48 horas d\u00edas laborales. En todos nuestros productos est\u00e1n incluidos el IVA.<\/p>\n<p>Los env\u00edos se preparan hasta las 15:00 cada tarde, de lunes a viernes. Por ello, los pedidos recibidos antes de las 15:00 salen habitualmente de nuestro almac\u00e9n ese mismo d\u00eda. El servicio de entrega que utilizamos es por norma general de tipo 24\/48 horas. Eso significa que la entrega a nuestros clientes se realiza durante las 24 horas posteriores a la salida de nuestro almac\u00e9n. No se realizan entregas en s\u00e1bado, por ello los pedidos formalizados en viernes se entregar\u00e1n el lunes. Si est\u00e1 interesado en una entrega en s\u00e1bado, cont\u00e1ctenos para que le informemos de la tarifa aplicable.<\/p>\n<p>En www.pussycatmerida.com nos comprometemos a entregar el pedido en un tiempo m\u00e1ximo de 48 horas (d\u00edas laborables), a partir del d\u00eda del pedido. Las entregas se efect\u00faan entre las 9h y las 19h. Las compa\u00f1\u00edas de transporte nunca concretan la hora exacta de la entrega, y por ello es recomendable que facilite una direcci\u00f3n donde pueda haber alguien para recoger el pedido dentro de esta franja horaria.\u00a0Si el transportista llega a la direcci\u00f3n indicada y no se encuentra nadie, el paquete ser\u00e1 devuelto a la oficina de transporte de su ciudad donde podr\u00e1 pasar a recogerlo. Aunque los transportistas deber\u00edan dejar una nota de aviso de su paso, puede ocurrir que no lo hagan. Si tiene dudas sobre el estado de su env\u00edo, cont\u00e1ctenos a\u00a0info@pussycatmerida.com o al tel\u00e9fono 679554194 mediante llamada telef\u00f3nica o whassap.<\/p>\n<p>En pussycatmerida.com trabajamos con la magn\u00edfica agencia de transporte MRW y el coste del env\u00edo ser\u00e1 de 7.25\u20ac si va usted a recoger el paquete a la oficina MRW de su ciudad o 8.46\u20ac si solicita que le llevemos el paquete a su domicilio. Tambi\u00e9n contar\u00e1 con env\u00edo gratuito si hace una compra superior a 100\u20ac.<\/p>\n<p>La disponibilidad de los productos ofrecidos por\u00a0www.pussycatmerida.com puede variar en funci\u00f3n de la demanda de los clientes. Pese a que\u00a0www.pussycatmerida.com actualiza el stock peri\u00f3dicamente, el producto solicitado por el cliente podr\u00eda estar agotado en ese momento. En este caso, el cliente recibir\u00e1 un correo electr\u00f3nico informativo o llamada telef\u00f3nica para ofrecerle un art\u00edculo de similar caracter\u00edsticas.<\/p>\n<p>Cuando el importe de una compra hubiese sido cargado fraudulenta o indebidamente utilizando el n\u00famero de una tarjeta de pago, su titular podr\u00e1 exigir la inmediata anulaci\u00f3n del cargo. En tal caso, las correspondientes anotaciones de adeudo y reabono en las cuentas del proveedor y del titular se efectuar\u00e1n a la mayor brevedad.<\/p>\n<p>Sin embargo, si la compra hubiese sido efectivamente realizada por el titular de la tarjeta y la exigencia de devoluci\u00f3n no fuera consecuencia de haberse ejercido el derecho de desistimiento o de resoluci\u00f3n y, por tanto, hubiese exigido indebidamente la anulaci\u00f3n del correspondiente cargo, aquel quedar\u00e1 obligado frente a www.crisalove.com al resarcimiento de los da\u00f1os y perjuicios ocasionados como consecuencia de dicha anulaci\u00f3n.<\/p>\n<p><strong><em>www.pussycatmerida.com\u00a0no permite el registro a personas menores de 18 a\u00f1os. Si eres menor de 18 a\u00f1os, por favor, no intentes registrarte en pussycatmerida.com. Ning\u00fan menor de 18 a\u00f1os puede proporcionar informaci\u00f3n personal a Pussycatmerida.com. En el caso de tener conocimiento del registro de un menor de edad, la informaci\u00f3n ser\u00e1 eliminada.<\/em><\/strong>Atentamente,\u00a0www.pussycatmerida.com<\/p>\n<\/div>\n<p>[\/vc_column_text][\/vc_column][\/vc_row]<\/p>\n<\/section>","protected":false},"excerpt":{"rendered":"<p>[vc_row][vc_column][vc_column_text] Env\u00edos y entrega Todos nuestros env\u00edos salen desde nuestros almacenes en Sevilla\u00a0y desde all\u00ed se reparten a cualquier punto de Espa\u00f1a en un plazo de 24\/48 horas d\u00edas laborales. En todos nuestros productos est\u00e1n incluidos el IVA. Los env\u00edos se preparan hasta las 15:00 cada tarde, de[\u2026]<\/p>\n","protected":false},"author":2,"featured_media":0,"parent":6196,"menu_order":0,"comment_status":"closed","ping_status":"closed","template":"","meta":{"footnotes":""},"class_list":["post-6200","page","type-page","status-publish","hentry","post_count_is_0","boutique_post_style_4","boutique_image_style_2"],"_links":{"self":[{"href":"https:\/\/www.pussycatmerida.com\/eshop\/wp-json\/wp\/v2\/pages\/6200","targetHints":{"allow":["GET"]}}],"collection":[{"href":"https:\/\/www.pussycatmerida.com\/eshop\/wp-json\/wp\/v2\/pages"}],"about":[{"href":"https:\/\/www.pussycatmerida.com\/eshop\/wp-json\/wp\/v2\/types\/page"}],"author":[{"embeddable":true,"href":"https:\/\/www.pussycatmerida.com\/eshop\/wp-json\/wp\/v2\/users\/2"}],"replies":[{"embeddable":true,"href":"https:\/\/www.pussycatmerida.com\/eshop\/wp-json\/wp\/v2\/comments?post=6200"}],"version-history":[{"count":1,"href":"https:\/\/www.pussycatmerida.com\/eshop\/wp-json\/wp\/v2\/pages\/6200\/revisions"}],"predecessor-version":[{"id":6201,"href":"https:\/\/www.pussycatmerida.com\/eshop\/wp-json\/wp\/v2\/pages\/6200\/revisions\/6201"}],"up":[{"embeddable":true,"href":"https:\/\/www.pussycatmerida.com\/eshop\/wp-json\/wp\/v2\/pages\/6196"}],"wp:attachment":[{"href":"https:\/\/www.pussycatmerida.com\/eshop\/wp-json\/wp\/v2\/media?parent=6200"}],"curies":[{"name":"wp","href":"https:\/\/api.w.org\/{rel}","templated":true}]}}