{"id":6473,"date":"2018-11-21T00:25:04","date_gmt":"2018-11-21T00:25:04","guid":{"rendered":"https:\/\/www.pussycatmerida.com\/eshop\/?page_id=6473"},"modified":"2018-11-29T01:26:56","modified_gmt":"2018-11-29T01:26:56","slug":"kits-e-ideas-para-escapada-romantica","status":"publish","type":"page","link":"https:\/\/www.pussycatmerida.com\/eshop\/kits-e-ideas-para-escapada-romantica\/","title":{"rendered":"Kits e Ideas para Escapada Rom\u00e1ntica"},"content":{"rendered":"<section class=\"wpb-content-wrapper\"><p>[vc_row][vc_column][vc_single_image image=\u00bb6474&#8243; img_size=\u00bbfull\u00bb alignment=\u00bbcenter\u00bb][vc_column_text]<\/p>\n<h6>En esta secci\u00f3n, no s\u00f3lo os traemos kits pensados para pasar un fin de semana rom\u00e1ntico o apasionado con vuestra pareja, sino tambi\u00e9n productos que os ayudar\u00e1n a crear un ambiente especial e \u00fanico, que har\u00e1n de esa cita un encuentro inolvidable.<\/h6>\n<p>[\/vc_column_text][\/vc_column][\/vc_row][vc_row][vc_column width=\u00bb1\/2&#8243;][\/vc_column][vc_column width=\u00bb1\/2&#8243;][\/vc_column][\/vc_row][vc_row][vc_column][vc_column_text]<\/p>\n<h5>1.- Kits de Cosm\u00e9tica Er\u00f3tica<\/h5>\n<p>\u00bfBuscas un kit sensual para jugar con tu pareja? \u00bfun kit en el que no te falte de nada y puedas probar de todo? Pues esto kits son la opci\u00f3n ideal si buscas un kit elegante, sensual y que te permita pasar un fin de semana de lo m\u00e1s entretenido&#8230;<\/p>\n<p>Estas cajitas suelen incluir una amplia gama de productos de cosm\u00e9tica er\u00f3tica: lubricantes, aceites de masaje, aceites besables para sexo oral, cremas de orgasmo&#8230; por lo que tendr\u00edas excusa para hacer un poco de todo y gastar hasta la \u00faltima gota en un fin de semana repleto de pasi\u00f3n&#8230;[\/vc_column_text]<div class=\"woocommerce columns-4 \"><\/div>[\/vc_column][\/vc_row][vc_row][vc_column width=\u00bb2\/3&#8243;][vc_column_text]<\/p>\n<h5>2.- P\u00e9talos de rosa<\/h5>\n<p>Si est\u00e1s preparando una noche rom\u00e1ntica perfecta no puede faltar todo un cl\u00e1sico&#8230; \u00a1\u00a1unos p\u00e9talos de rosa!! Unos p\u00e9talos esparcidos en los lugares claves de la habitaci\u00f3n le <strong>aportar\u00e1n ese toque m\u00e1gico y original<\/strong> a cualquier encuentro amoroso&#8230;<\/p>\n<p>Col\u00f3calos sobre la cama, sobre la mesa antes de una cena rom\u00e1ntica o haz un camino con ellas por toda la casa hasta el lugar elegido&#8230; \u00a0<strong>Un detalle rom\u00e1ntico y muy sexy<\/strong> con el que decorar esa noche perfecta.[\/vc_column_text][\/vc_column][vc_column width=\u00bb1\/3&#8243;]<div class=\"woocommerce columns-2 \"><\/div>[\/vc_column][\/vc_row][vc_row][vc_column width=\u00bb2\/3&#8243;][vc_column_text]<\/p>\n<h5>3.-Ba\u00f1o afrodis\u00edaco<\/h5>\n<p>Entre los productos ideales para una noche rom\u00e1ntica no podemos dejar de recomendar las sales de ba\u00f1o de &#8216;Love Bath&#8217; de Shunga&#8230;<\/p>\n<p>Las sales de ba\u00f1o os dar\u00e1n la oportunidad de relajaos y <strong>pasar un momento de intimidad, caricias, besos<\/strong>, &#8230;\u00a0 \u00a1y lo que surga! Por lo que si a ese ba\u00f1o le sumamos la acci\u00f3n de las sales de ba\u00f1o de shunga tendremos una ba\u00f1era te\u00f1ida de relajantes y coloridos colores, impregnada de un suave y afrodis\u00edaco aroma y lo que es mejor <strong>\u00a1\u00a1unas sorprendentes perlitas de gel!!<\/strong> que convertir\u00e1n esta experiencia en un oasis de placer.<\/p>\n<p>Despu\u00e9s de este ba\u00f1o, saldr\u00e9is limpitos y oliendo a las mil maravillas, as\u00ed que trasladar la acci\u00f3n a la habitaci\u00f3n&#8230;[\/vc_column_text][\/vc_column][vc_column width=\u00bb1\/3&#8243;]<div class=\"woocommerce columns-2 \"><\/div>[\/vc_column][\/vc_row][vc_row][vc_column][vc_column_text]<\/p>\n<h5>4.- Kits de Juguetes Er\u00f3ticos<\/h5>\n<p>\u00bfQui\u00e9res subir la temperatura del fin de semana hasta l\u00edmites insospechados? \u00bfQui\u00e9res iniciarte en el mundo de los juguetes er\u00f3ticos y probar de todo un poco? Con estos kits de la marca <strong>Toy Joy<\/strong> podr\u00e1s satisfacer tus fantas\u00edas m\u00e1s ocultas&#8230; Bondage, BDSM, Sexo anal&#8230;<\/p>\n<p>Estos kits te ofrecen la excusa ideal para no salir de la cama en este fin de semana de pasi\u00f3n y lujuria. <strong>Kits repletos de juguetes y accesorios<\/strong>, a un precio muy econ\u00f3mico, aunque l\u00f3gicamente la calidad de los juguetes no es la mejor, pero cumplen a la perfecci\u00f3n su misi\u00f3n &#8230; !!proporcionarte un fin de semana de aut\u00e9ntico desenfreno sexual!!<\/p>\n<p>[\/vc_column_text]<div class=\"woocommerce columns-4 \"><\/div>[\/vc_column][\/vc_row]<\/p>\n<\/section>","protected":false},"excerpt":{"rendered":"<p>[vc_row][vc_column][vc_single_image image=\u00bb6474&#8243; img_size=\u00bbfull\u00bb alignment=\u00bbcenter\u00bb][vc_column_text] En esta secci\u00f3n, no s\u00f3lo os traemos kits pensados para pasar un fin de semana rom\u00e1ntico o apasionado con vuestra pareja, sino tambi\u00e9n productos que os ayudar\u00e1n a crear un ambiente especial e \u00fanico, que har\u00e1n de esa cita un encuentro inolvidable. [\/vc_column_text][\/vc_column][\/vc_row][vc_row][vc_column width=\u00bb1\/2&#8243;][\/vc_column][vc_column[\u2026]<\/p>\n","protected":false},"author":2,"featured_media":0,"parent":0,"menu_order":0,"comment_status":"closed","ping_status":"closed","template":"","meta":{"footnotes":""},"class_list":["post-6473","page","type-page","status-publish","hentry","post_count_is_0","boutique_post_style_4","boutique_image_style_2"],"_links":{"self":[{"href":"https:\/\/www.pussycatmerida.com\/eshop\/wp-json\/wp\/v2\/pages\/6473","targetHints":{"allow":["GET"]}}],"collection":[{"href":"https:\/\/www.pussycatmerida.com\/eshop\/wp-json\/wp\/v2\/pages"}],"about":[{"href":"https:\/\/www.pussycatmerida.com\/eshop\/wp-json\/wp\/v2\/types\/page"}],"author":[{"embeddable":true,"href":"https:\/\/www.pussycatmerida.com\/eshop\/wp-json\/wp\/v2\/users\/2"}],"replies":[{"embeddable":true,"href":"https:\/\/www.pussycatmerida.com\/eshop\/wp-json\/wp\/v2\/comments?post=6473"}],"version-history":[{"count":10,"href":"https:\/\/www.pussycatmerida.com\/eshop\/wp-json\/wp\/v2\/pages\/6473\/revisions"}],"predecessor-version":[{"id":7246,"href":"https:\/\/www.pussycatmerida.com\/eshop\/wp-json\/wp\/v2\/pages\/6473\/revisions\/7246"}],"wp:attachment":[{"href":"https:\/\/www.pussycatmerida.com\/eshop\/wp-json\/wp\/v2\/media?parent=6473"}],"curies":[{"name":"wp","href":"https:\/\/api.w.org\/{rel}","templated":true}]}}