{"id":722,"date":"2018-10-18T15:58:54","date_gmt":"2018-10-18T15:58:54","guid":{"rendered":"https:\/\/www.pussycatmerida.com\/eshop\/?page_id=722"},"modified":"2021-03-01T14:28:04","modified_gmt":"2021-03-01T12:28:04","slug":"lubricantes-base-silicona","status":"publish","type":"page","link":"https:\/\/www.pussycatmerida.com\/eshop\/aceites-y-lubricantes\/lubricantes\/lubricantes-base-silicona\/","title":{"rendered":"Lubricantes Base Silicona"},"content":{"rendered":"<section class=\"wpb-content-wrapper\"><p>[vc_row][vc_column][vc_single_image image=\u00bb2451&#8243; img_size=\u00bbfull\u00bb alignment=\u00bbcenter\u00bb][vc_column_text]Los lubricantes de base silicona son lubricantes m\u00e1s densos, con un tacto m\u00e1s aceitoso, por lo que la piel no los absorbe tan r\u00e1pido al ser m\u00e1s resistentes. Estas caracter\u00edsticas hacen que sean ideales tanto para practicar sexo anal como para dar masajes.<\/p>\n<p>Para sexo anal recomendamos la marca alemana <strong>PJUR<\/strong>, ya que tiene toda una gama de lubricantes muy variados para todo tipo de experiencias&#8230;<\/p>\n<p>Si buscas un lubricante 2 en 1, que te sirva para dar masajes er\u00f3ticos y como lubricante. No lo dudes y prueba el lubricante <strong>Eros Oriental<\/strong> o los &#8216;<strong>Touch my body<\/strong>&#8216; de la marca espa\u00f1ola &#8216;Love to Love&#8217;. Super arom\u00e1ticos, deslizan muy bien y tambi\u00e9n te sirven como lubricantes \u00bfqu\u00e9 m\u00e1s se puede pedir?[\/vc_column_text][\/vc_column][\/vc_row][vc_row][vc_column][vc_column_text]<\/p>\n<div class=\"dtbaker_line_rectangle\"><div>Productos<\/div><\/div>\n<p>[\/vc_column_text]<div class=\"woocommerce columns-4 \"><ul class=\"products columns-4\">\n<li class=\"post_count_is_0 boutique_post_style_4 boutique_image_style_2 product type-product post-24950 status-publish first instock product_cat-aceites-y-lubricantesaceites-y-cremas-de-masajeaceites-esenciales product_cat-aceites-y-lubricantesaceites-y-cremas-de-masaje product_cat-aceites-y-lubricantes product_cat-aceites-y-lubricanteslubricantesbase-silicona product_cat-aceites-y-lubricanteslubricantes has-post-thumbnail taxable shipping-taxable purchasable product-type-simple\">\n\t<a href=\"https:\/\/www.pussycatmerida.com\/eshop\/producto\/bijoux-bubble-gum-gel-2-en-1-silicona-chicle-de-fresa-100-ml\/\" class=\"woocommerce-LoopProduct-link woocommerce-loop-product__link\"><img loading=\"lazy\" decoding=\"async\" width=\"300\" height=\"300\" src=\"https:\/\/www.pussycatmerida.com\/eshop\/wp-content\/uploads\/dl\/img\/img_69011_1385ab1f4eafc220b45051a5ea649c5c_1.jpg\" class=\"attachment-woocommerce_thumbnail size-woocommerce_thumbnail\" alt=\"BIJOUX BUBBLE GUM GEL 2 EN 1 SILICONA CHICLE DE FRESA 100 ML\" \/><h2 class=\"woocommerce-loop-product__title\">BIJOUX BUBBLE GUM GEL 2 EN 1 SILICONA CHICLE DE FRESA 100 ML<\/h2>\n\t<span class=\"price\"><span class=\"woocommerce-Price-amount amount\"><bdi>24,95<span class=\"woocommerce-Price-currencySymbol\">&euro;<\/span><\/bdi><\/span><\/span>\n<\/a><a href=\"\/eshop\/wp-json\/wp\/v2\/pages\/722?add-to-cart=24950\" aria-describedby=\"woocommerce_loop_add_to_cart_link_describedby_24950\" data-quantity=\"1\" class=\"button product_type_simple add_to_cart_button ajax_add_to_cart\" data-product_id=\"24950\" data-product_sku=\"D-218842\" aria-label=\"A\u00f1adir al carrito: &ldquo;BIJOUX BUBBLE GUM GEL 2 EN 1 SILICONA CHICLE DE FRESA 100 ML&rdquo;\" rel=\"nofollow\" data-success_message=\"\u00abBIJOUX BUBBLE GUM GEL 2 EN 1 SILICONA CHICLE DE FRESA 100 ML\u00bb se ha a\u00f1adido a tu carrito\" role=\"button\">A\u00f1adir<\/a>\t<span id=\"woocommerce_loop_add_to_cart_link_describedby_24950\" class=\"screen-reader-text\">\n\t\t\t<\/span>\n<\/li>\n<li class=\"boutique_post_style_clear post_count_is_1 boutique_post_style_4 boutique_image_style_2 product type-product post-33055 status-publish instock product_cat-aceites-y-lubricantes product_cat-aceites-y-lubricanteslubricantesbase-silicona product_cat-aceites-y-lubricanteslubricanteslubricacion-anal product_cat-aceites-y-lubricanteslubricantes has-post-thumbnail taxable shipping-taxable purchasable product-type-simple\">\n\t<a href=\"https:\/\/www.pussycatmerida.com\/eshop\/producto\/control-infinity-lubricante-base-silicona-75-ml\/\" class=\"woocommerce-LoopProduct-link woocommerce-loop-product__link\"><img loading=\"lazy\" decoding=\"async\" width=\"300\" height=\"300\" src=\"https:\/\/www.pussycatmerida.com\/eshop\/wp-content\/uploads\/dl\/img\/img_97583_25d5b58f5cb100441b8b819997124994_1.png\" class=\"attachment-woocommerce_thumbnail size-woocommerce_thumbnail\" alt=\"CONTROL INFINITY LUBRICANTE BASE SILICONA 75 ML\" \/><h2 class=\"woocommerce-loop-product__title\">CONTROL INFINITY LUBRICANTE BASE SILICONA 75 ML<\/h2>\n\t<span class=\"price\"><span class=\"woocommerce-Price-amount amount\"><bdi>18,00<span class=\"woocommerce-Price-currencySymbol\">&euro;<\/span><\/bdi><\/span><\/span>\n<\/a><a href=\"\/eshop\/wp-json\/wp\/v2\/pages\/722?add-to-cart=33055\" aria-describedby=\"woocommerce_loop_add_to_cart_link_describedby_33055\" data-quantity=\"1\" class=\"button product_type_simple add_to_cart_button ajax_add_to_cart\" data-product_id=\"33055\" data-product_sku=\"D-227348\" aria-label=\"A\u00f1adir al carrito: &ldquo;CONTROL INFINITY LUBRICANTE BASE SILICONA 75 ML&rdquo;\" rel=\"nofollow\" data-success_message=\"\u00abCONTROL INFINITY LUBRICANTE BASE SILICONA 75 ML\u00bb se ha a\u00f1adido a tu carrito\" role=\"button\">A\u00f1adir<\/a>\t<span id=\"woocommerce_loop_add_to_cart_link_describedby_33055\" class=\"screen-reader-text\">\n\t\t\t<\/span>\n<\/li>\n<li class=\"boutique_post_style_clear post_count_is_2 boutique_post_style_4 boutique_image_style_2 product type-product post-31351 status-publish instock product_cat-aceites-y-lubricanteslubricantesbase-silicona product_cat-juguetes-sexuales-xxxespecial-gays product_cat-aceites-y-lubricanteslubricanteslubricacion-anal product_cat-aceites-y-lubricanteslubricantes product_cat-aceites-y-lubricanteslubricanteslubricantes-con-relajante-anal has-post-thumbnail taxable shipping-taxable purchasable product-type-simple\">\n\t<a href=\"https:\/\/www.pussycatmerida.com\/eshop\/producto\/fistan-lubrifist-gel-anal-150ml\/\" class=\"woocommerce-LoopProduct-link woocommerce-loop-product__link\"><img loading=\"lazy\" decoding=\"async\" width=\"300\" height=\"300\" src=\"https:\/\/www.pussycatmerida.com\/eshop\/wp-content\/uploads\/dl\/img\/img_90616_27cecb5e2157695931f50963bcba74b4_1.jpg\" class=\"attachment-woocommerce_thumbnail size-woocommerce_thumbnail\" alt=\"FISTAN LUBRIFIST GEL ANAL 150ML\" \/><h2 class=\"woocommerce-loop-product__title\">FISTAN LUBRIFIST GEL ANAL 150ML<\/h2>\n\t<span class=\"price\"><span class=\"woocommerce-Price-amount amount\"><bdi>15,90<span class=\"woocommerce-Price-currencySymbol\">&euro;<\/span><\/bdi><\/span><\/span>\n<\/a><a href=\"\/eshop\/wp-json\/wp\/v2\/pages\/722?add-to-cart=31351\" aria-describedby=\"woocommerce_loop_add_to_cart_link_describedby_31351\" data-quantity=\"1\" class=\"button product_type_simple add_to_cart_button ajax_add_to_cart\" data-product_id=\"31351\" data-product_sku=\"D-225242\" aria-label=\"A\u00f1adir al carrito: &ldquo;FISTAN LUBRIFIST GEL ANAL 150ML&rdquo;\" rel=\"nofollow\" data-success_message=\"\u00abFISTAN LUBRIFIST GEL ANAL 150ML\u00bb se ha a\u00f1adido a tu carrito\" role=\"button\">A\u00f1adir<\/a>\t<span id=\"woocommerce_loop_add_to_cart_link_describedby_31351\" class=\"screen-reader-text\">\n\t\t\t<\/span>\n<\/li>\n<li class=\"boutique_post_style_clear post_count_is_3 boutique_post_style_4 boutique_image_style_2 product type-product post-169509 status-publish last instock product_cat-aceites-y-lubricanteslubricantesbase-silicona product_cat-aceites-y-lubricanteslubricanteslubricacion-anal product_cat-aceites-y-lubricanteslubricantes has-post-thumbnail taxable shipping-taxable purchasable product-type-simple\">\n\t<a href=\"https:\/\/www.pussycatmerida.com\/eshop\/producto\/pjur-basic-lubricante-silicona-100-ml-2\/\" class=\"woocommerce-LoopProduct-link woocommerce-loop-product__link\"><img loading=\"lazy\" decoding=\"async\" width=\"265\" height=\"265\" src=\"https:\/\/www.pussycatmerida.com\/eshop\/wp-content\/uploads\/2024\/04\/img_12922_792ab525dbfab3aad0bfc2bb3438c12f_16.jpg\" class=\"attachment-woocommerce_thumbnail size-woocommerce_thumbnail\" alt=\"PJUR - BASIC LUBRICANTE SILICONA 100 ML\" srcset=\"https:\/\/www.pussycatmerida.com\/eshop\/wp-content\/uploads\/2024\/04\/img_12922_792ab525dbfab3aad0bfc2bb3438c12f_16.jpg 265w, https:\/\/www.pussycatmerida.com\/eshop\/wp-content\/uploads\/2024\/04\/img_12922_792ab525dbfab3aad0bfc2bb3438c12f_16-150x150.jpg 150w, https:\/\/www.pussycatmerida.com\/eshop\/wp-content\/uploads\/2024\/04\/img_12922_792ab525dbfab3aad0bfc2bb3438c12f_16-100x100.jpg 100w\" sizes=\"auto, (max-width: 265px) 100vw, 265px\" \/><h2 class=\"woocommerce-loop-product__title\">PJUR &#8211; BASIC LUBRICANTE SILICONA 100 ML<\/h2>\n\t<span class=\"price\"><span class=\"woocommerce-Price-amount amount\"><bdi>14,95<span class=\"woocommerce-Price-currencySymbol\">&euro;<\/span><\/bdi><\/span><\/span>\n<\/a><a href=\"\/eshop\/wp-json\/wp\/v2\/pages\/722?add-to-cart=169509\" aria-describedby=\"woocommerce_loop_add_to_cart_link_describedby_169509\" data-quantity=\"1\" class=\"button product_type_simple add_to_cart_button ajax_add_to_cart\" data-product_id=\"169509\" data-product_sku=\"\" aria-label=\"A\u00f1adir al carrito: &ldquo;PJUR - BASIC LUBRICANTE SILICONA 100 ML&rdquo;\" rel=\"nofollow\" data-success_message=\"\u00abPJUR - BASIC LUBRICANTE SILICONA 100 ML\u00bb se ha a\u00f1adido a tu carrito\" role=\"button\">A\u00f1adir<\/a>\t<span id=\"woocommerce_loop_add_to_cart_link_describedby_169509\" class=\"screen-reader-text\">\n\t\t\t<\/span>\n<\/li>\n<li class=\"boutique_post_style_clear post_count_is_4 boutique_post_style_4 boutique_image_style_2 product type-product post-26568 status-publish first instock product_cat-aceites-y-lubricantesaceites-y-cremas-de-masajeaceites-esenciales product_cat-aceites-y-lubricantesaceites-y-cremas-de-masaje product_cat-aceites-y-lubricantes product_cat-aceites-y-lubricanteslubricantesbase-silicona product_cat-aceites-y-lubricantesaceites-y-cremas-de-masajeefecto-afrodisiaco product_cat-aceites-y-lubricanteslubricantes has-post-thumbnail taxable shipping-taxable purchasable product-type-simple\">\n\t<a href=\"https:\/\/www.pussycatmerida.com\/eshop\/producto\/secretplay-liberte-hidratante-intimo-50-ml\/\" class=\"woocommerce-LoopProduct-link woocommerce-loop-product__link\"><img loading=\"lazy\" decoding=\"async\" width=\"300\" height=\"300\" src=\"https:\/\/www.pussycatmerida.com\/eshop\/wp-content\/uploads\/dl\/img\/img_74809_82769f8f0dbe36cb124ede64bd8cf530_1.jpg\" class=\"attachment-woocommerce_thumbnail size-woocommerce_thumbnail\" alt=\"SECRETPLAY LIBERT\u00c9 HIDRATANTE INTIMO 50 ML\" \/><h2 class=\"woocommerce-loop-product__title\">SECRETPLAY LIBERT\u00c9 HIDRATANTE INTIMO 50 ML<\/h2>\n\t<span class=\"price\"><span class=\"woocommerce-Price-amount amount\"><bdi>24,95<span class=\"woocommerce-Price-currencySymbol\">&euro;<\/span><\/bdi><\/span><\/span>\n<\/a><a href=\"\/eshop\/wp-json\/wp\/v2\/pages\/722?add-to-cart=26568\" aria-describedby=\"woocommerce_loop_add_to_cart_link_describedby_26568\" data-quantity=\"1\" class=\"button product_type_simple add_to_cart_button ajax_add_to_cart\" data-product_id=\"26568\" data-product_sku=\"D-220410\" aria-label=\"A\u00f1adir al carrito: &ldquo;SECRETPLAY LIBERT\u00c9 HIDRATANTE INTIMO 50 ML&rdquo;\" rel=\"nofollow\" data-success_message=\"\u00abSECRETPLAY LIBERT\u00c9 HIDRATANTE INTIMO 50 ML\u00bb se ha a\u00f1adido a tu carrito\" role=\"button\">A\u00f1adir<\/a>\t<span id=\"woocommerce_loop_add_to_cart_link_describedby_26568\" class=\"screen-reader-text\">\n\t\t\t<\/span>\n<\/li>\n<li class=\"boutique_post_style_clear post_count_is_5 boutique_post_style_4 boutique_image_style_2 product type-product post-1371 status-publish instock product_cat-aceites-y-lubricantes product_cat-aceites-y-lubricanteslubricantesbase-silicona product_cat-aceites-y-lubricanteslubricanteslubricacion-anal product_cat-aceites-y-lubricanteslubricantes has-post-thumbnail taxable shipping-taxable purchasable product-type-simple\">\n\t<a href=\"https:\/\/www.pussycatmerida.com\/eshop\/producto\/shunga-toko-silicone-lubricante-silicona\/\" class=\"woocommerce-LoopProduct-link woocommerce-loop-product__link\"><img loading=\"lazy\" decoding=\"async\" width=\"300\" height=\"300\" src=\"https:\/\/www.pussycatmerida.com\/eshop\/wp-content\/uploads\/dl\/img\/img_9465_8136f093ba1465302a9fa7cd62709f56_1.jpg\" class=\"attachment-woocommerce_thumbnail size-woocommerce_thumbnail\" alt=\"SHUNGA TOKO SILICONE LUBRICANTE SILICONA\" \/><h2 class=\"woocommerce-loop-product__title\">SHUNGA TOKO SILICONE LUBRICANTE SILICONA<\/h2>\n\t<span class=\"price\"><span class=\"woocommerce-Price-amount amount\"><bdi>22,00<span class=\"woocommerce-Price-currencySymbol\">&euro;<\/span><\/bdi><\/span><\/span>\n<\/a><a href=\"\/eshop\/wp-json\/wp\/v2\/pages\/722?add-to-cart=1371\" aria-describedby=\"woocommerce_loop_add_to_cart_link_describedby_1371\" data-quantity=\"1\" class=\"button product_type_simple add_to_cart_button ajax_add_to_cart\" data-product_id=\"1371\" data-product_sku=\"D11-201226\" aria-label=\"A\u00f1adir al carrito: &ldquo;SHUNGA TOKO SILICONE LUBRICANTE SILICONA&rdquo;\" rel=\"nofollow\" data-success_message=\"\u00abSHUNGA TOKO SILICONE LUBRICANTE SILICONA\u00bb se ha a\u00f1adido a tu carrito\" role=\"button\">A\u00f1adir<\/a>\t<span id=\"woocommerce_loop_add_to_cart_link_describedby_1371\" class=\"screen-reader-text\">\n\t\t\t<\/span>\n<\/li>\n<li class=\"boutique_post_style_clear post_count_is_6 boutique_post_style_4 boutique_image_style_2 product type-product post-28262 status-publish instock product_cat-aceites-y-lubricantesaceites-y-cremas-de-masaje product_cat-aceites-y-lubricantes product_cat-aceites-y-lubricanteslubricantesbase-silicona product_cat-aceites-y-lubricantesaceites-y-cremas-de-masajeclima-erotico product_cat-aceites-y-lubricantesaceites-y-cremas-de-masajecremas-de-masaje product_cat-aceites-y-lubricantesaceites-y-cremas-de-masajeefecto-afrodisiaco product_cat-aceites-y-lubricanteslubricantes has-post-thumbnail taxable shipping-taxable purchasable product-type-simple\">\n\t<a href=\"https:\/\/www.pussycatmerida.com\/eshop\/producto\/slow-sex-full-body-massage-gel-de-masaje-50-ml\/\" class=\"woocommerce-LoopProduct-link woocommerce-loop-product__link\"><img loading=\"lazy\" decoding=\"async\" width=\"300\" height=\"300\" src=\"https:\/\/www.pussycatmerida.com\/eshop\/wp-content\/uploads\/dl\/img\/img_80263_97518d4934dd7aafaec7afc7bf2df9d7_1.jpg\" class=\"attachment-woocommerce_thumbnail size-woocommerce_thumbnail\" alt=\"SLOW SEX FULL BODY MASSAGE GEL DE MASAJE 50 ML\" \/><h2 class=\"woocommerce-loop-product__title\">SLOW SEX FULL BODY MASSAGE GEL DE MASAJE 50 ML<\/h2>\n\t<span class=\"price\"><span class=\"woocommerce-Price-amount amount\"><bdi>19,95<span class=\"woocommerce-Price-currencySymbol\">&euro;<\/span><\/bdi><\/span><\/span>\n<\/a><a href=\"\/eshop\/wp-json\/wp\/v2\/pages\/722?add-to-cart=28262\" aria-describedby=\"woocommerce_loop_add_to_cart_link_describedby_28262\" data-quantity=\"1\" class=\"button product_type_simple add_to_cart_button ajax_add_to_cart\" data-product_id=\"28262\" data-product_sku=\"D-221568\" aria-label=\"A\u00f1adir al carrito: &ldquo;SLOW SEX FULL BODY MASSAGE GEL DE MASAJE 50 ML&rdquo;\" rel=\"nofollow\" data-success_message=\"\u00abSLOW SEX FULL BODY MASSAGE GEL DE MASAJE 50 ML\u00bb se ha a\u00f1adido a tu carrito\" role=\"button\">A\u00f1adir<\/a>\t<span id=\"woocommerce_loop_add_to_cart_link_describedby_28262\" class=\"screen-reader-text\">\n\t\t\t<\/span>\n<\/li>\n<\/ul>\n<\/div>[\/vc_column][\/vc_row]<\/p>\n<\/section>","protected":false},"excerpt":{"rendered":"<p>[vc_row][vc_column][vc_single_image image=\u00bb2451&#8243; img_size=\u00bbfull\u00bb alignment=\u00bbcenter\u00bb][vc_column_text]Los lubricantes de base silicona son lubricantes m\u00e1s densos, con un tacto m\u00e1s aceitoso, por lo que la piel no los absorbe tan r\u00e1pido al ser m\u00e1s resistentes. Estas caracter\u00edsticas hacen que sean ideales tanto para practicar sexo anal como para dar masajes. Para sexo[\u2026]<\/p>\n","protected":false},"author":2,"featured_media":0,"parent":718,"menu_order":0,"comment_status":"closed","ping_status":"closed","template":"","meta":{"footnotes":""},"class_list":["post-722","page","type-page","status-publish","hentry","boutique_post_style_clear","post_count_is_7","boutique_post_style_4","boutique_image_style_2"],"_links":{"self":[{"href":"https:\/\/www.pussycatmerida.com\/eshop\/wp-json\/wp\/v2\/pages\/722","targetHints":{"allow":["GET"]}}],"collection":[{"href":"https:\/\/www.pussycatmerida.com\/eshop\/wp-json\/wp\/v2\/pages"}],"about":[{"href":"https:\/\/www.pussycatmerida.com\/eshop\/wp-json\/wp\/v2\/types\/page"}],"author":[{"embeddable":true,"href":"https:\/\/www.pussycatmerida.com\/eshop\/wp-json\/wp\/v2\/users\/2"}],"replies":[{"embeddable":true,"href":"https:\/\/www.pussycatmerida.com\/eshop\/wp-json\/wp\/v2\/comments?post=722"}],"version-history":[{"count":9,"href":"https:\/\/www.pussycatmerida.com\/eshop\/wp-json\/wp\/v2\/pages\/722\/revisions"}],"predecessor-version":[{"id":62956,"href":"https:\/\/www.pussycatmerida.com\/eshop\/wp-json\/wp\/v2\/pages\/722\/revisions\/62956"}],"up":[{"embeddable":true,"href":"https:\/\/www.pussycatmerida.com\/eshop\/wp-json\/wp\/v2\/pages\/718"}],"wp:attachment":[{"href":"https:\/\/www.pussycatmerida.com\/eshop\/wp-json\/wp\/v2\/media?parent=722"}],"curies":[{"name":"wp","href":"https:\/\/api.w.org\/{rel}","templated":true}]}}