{"id":759,"date":"2018-10-18T16:51:22","date_gmt":"2018-10-18T16:51:22","guid":{"rendered":"https:\/\/www.pussycatmerida.com\/eshop\/?page_id=759"},"modified":"2021-03-01T15:12:25","modified_gmt":"2021-03-01T13:12:25","slug":"kits","status":"publish","type":"page","link":"https:\/\/www.pussycatmerida.com\/eshop\/juegos\/kits\/","title":{"rendered":"Kits"},"content":{"rendered":"<section class=\"wpb-content-wrapper\"><p>[vc_row][vc_column][vc_single_image image=\u00bb1184&#8243; img_size=\u00bbfull\u00bb alignment=\u00bbcenter\u00bb][vc_column_text]Una selecci\u00f3n de los mejores kits para viajes y escapadas rom\u00e1nticas. Kits especializados para fechas seleccionadas: San Valent\u00edn, Cumplea\u00f1os, Desdepedidas de Solteras, Regalos para novios&#8230;<\/p>\n<p>Si busc\u00e1is kits rom\u00e1nticos, ideales para escapadas rom\u00e1nticas, unos de nuestros favoritos son los kits de &#8216;Shunga&#8217; o los kits de &#8216;Kamasutra&#8217;, ideales para probar un poco de todo.[\/vc_column_text][\/vc_column][\/vc_row][vc_row][vc_column][vc_column_text]<\/p>\n<div class=\"dtbaker_line_rectangle\"><div>Productos<\/div><\/div>\n<p>[\/vc_column_text]<div class=\"woocommerce columns-4 \"><ul class=\"products columns-4\">\n<li class=\"post_count_is_0 boutique_post_style_4 boutique_image_style_2 product type-product post-17687 status-publish first instock product_cat-aceites-y-lubricantesaceites-y-cremas-de-masajeaceites-esenciales product_cat-aceites-y-lubricantesaceites-y-cremas-de-masaje product_cat-aceites-y-lubricantes product_cat-aceites-y-lubricantesaceites-y-cremas-de-masajeclima-erotico product_cat-aceites-y-lubricantesaceites-y-cremas-de-masajeefecto-afrodisiaco product_cat-aceites-y-lubricantesaceites-y-cremas-de-masajekits-de-masaje has-post-thumbnail taxable shipping-taxable purchasable product-type-simple\">\n\t<a href=\"https:\/\/www.pussycatmerida.com\/eshop\/producto\/geisha-secret-kit-exotic-te-verde\/\" class=\"woocommerce-LoopProduct-link woocommerce-loop-product__link\"><img loading=\"lazy\" decoding=\"async\" width=\"300\" height=\"300\" src=\"https:\/\/www.pussycatmerida.com\/eshop\/wp-content\/uploads\/dl\/img\/img_48958_ade3a384c0d47392c26516e5d108ff61_1.jpg\" class=\"attachment-woocommerce_thumbnail size-woocommerce_thumbnail\" alt=\"GEISHA SECRET KIT EXOTIC T\u00c9 VERDE\" \/><h2 class=\"woocommerce-loop-product__title\">GEISHA SECRET KIT EXOTIC T\u00c9 VERDE<\/h2>\n\t<span class=\"price\"><span class=\"woocommerce-Price-amount amount\"><bdi>33,00<span class=\"woocommerce-Price-currencySymbol\">&euro;<\/span><\/bdi><\/span><\/span>\n<\/a><a href=\"\/eshop\/wp-json\/wp\/v2\/pages\/759?add-to-cart=17687\" aria-describedby=\"woocommerce_loop_add_to_cart_link_describedby_17687\" data-quantity=\"1\" class=\"button product_type_simple add_to_cart_button ajax_add_to_cart\" data-product_id=\"17687\" data-product_sku=\"D-211504\" aria-label=\"A\u00f1adir al carrito: &ldquo;GEISHA SECRET KIT EXOTIC T\u00c9 VERDE&rdquo;\" rel=\"nofollow\" data-success_message=\"\u00abGEISHA SECRET KIT EXOTIC T\u00c9 VERDE\u00bb se ha a\u00f1adido a tu carrito\" role=\"button\">A\u00f1adir<\/a>\t<span id=\"woocommerce_loop_add_to_cart_link_describedby_17687\" class=\"screen-reader-text\">\n\t\t\t<\/span>\n<\/li>\n<li class=\"boutique_post_style_clear post_count_is_1 boutique_post_style_4 boutique_image_style_2 product type-product post-16895 status-publish instock product_cat-aceites-y-lubricantesaceites-y-cremas-de-masaje product_cat-aceites-y-lubricantes product_cat-afrodisiacos product_cat-aceites-y-lubricantesaceites-y-cremas-de-masajekits-de-masaje product_cat-afrodisiacospotenciadores product_cat-afrodisiacossensibilizantes product_cat-sexo-oral has-post-thumbnail taxable shipping-taxable purchasable product-type-simple\">\n\t<a href=\"https:\/\/www.pussycatmerida.com\/eshop\/producto\/kamasutra-romantico-y-lujoso-kit-en-tamano-viaje\/\" class=\"woocommerce-LoopProduct-link woocommerce-loop-product__link\"><img loading=\"lazy\" decoding=\"async\" width=\"300\" height=\"300\" src=\"https:\/\/www.pussycatmerida.com\/eshop\/wp-content\/uploads\/dl\/img\/img_45800_4bd900938cbd5edbe336b04ae0aba410_1.jpg\" class=\"attachment-woocommerce_thumbnail size-woocommerce_thumbnail\" alt=\"KAMASUTRA ROMANTICO Y LUJOSO KIT EN TAMA\u00d1O VIAJE\" \/><h2 class=\"woocommerce-loop-product__title\">KAMASUTRA ROMANTICO Y LUJOSO KIT EN TAMA\u00d1O VIAJE<\/h2>\n\t<span class=\"price\"><span class=\"woocommerce-Price-amount amount\"><bdi>36,95<span class=\"woocommerce-Price-currencySymbol\">&euro;<\/span><\/bdi><\/span><\/span>\n<\/a><a href=\"\/eshop\/wp-json\/wp\/v2\/pages\/759?add-to-cart=16895\" aria-describedby=\"woocommerce_loop_add_to_cart_link_describedby_16895\" data-quantity=\"1\" class=\"button product_type_simple add_to_cart_button ajax_add_to_cart\" data-product_id=\"16895\" data-product_sku=\"D-210643\" aria-label=\"A\u00f1adir al carrito: &ldquo;KAMASUTRA ROMANTICO Y LUJOSO KIT EN TAMA\u00d1O VIAJE&rdquo;\" rel=\"nofollow\" data-success_message=\"\u00abKAMASUTRA ROMANTICO Y LUJOSO KIT EN TAMA\u00d1O VIAJE\u00bb se ha a\u00f1adido a tu carrito\" role=\"button\">A\u00f1adir<\/a>\t<span id=\"woocommerce_loop_add_to_cart_link_describedby_16895\" class=\"screen-reader-text\">\n\t\t\t<\/span>\n<\/li>\n<li class=\"boutique_post_style_clear post_count_is_2 boutique_post_style_4 boutique_image_style_2 product type-product post-17684 status-publish instock product_cat-aceites-y-lubricantesaceites-y-cremas-de-masajeaceites-esenciales product_cat-aceites-y-lubricantesaceites-y-cremas-de-masaje product_cat-aceites-y-lubricantes product_cat-aceites-y-lubricantesaceites-y-cremas-de-masajecon-efecto-calor product_cat-aceites-y-lubricantesaceites-y-cremas-de-masajeefecto-afrodisiaco product_cat-aceites-y-lubricantesaceites-y-cremas-de-masajekits-de-masaje has-post-thumbnail taxable shipping-taxable purchasable product-type-simple\">\n\t<a href=\"https:\/\/www.pussycatmerida.com\/eshop\/producto\/kit-secret-geisha-fresa-champagne\/\" class=\"woocommerce-LoopProduct-link woocommerce-loop-product__link\"><img loading=\"lazy\" decoding=\"async\" width=\"300\" height=\"300\" src=\"https:\/\/www.pussycatmerida.com\/eshop\/wp-content\/uploads\/dl\/img\/img_48951_64887d273f85d62de35dfe25a2597266_1.jpg\" class=\"attachment-woocommerce_thumbnail size-woocommerce_thumbnail\" alt=\"KIT SECRET GEISHA FRESA CHAMPAGNE\" \/><h2 class=\"woocommerce-loop-product__title\">KIT SECRET GEISHA FRESA CHAMPAGNE<\/h2>\n\t<span class=\"price\"><span class=\"woocommerce-Price-amount amount\"><bdi>32,00<span class=\"woocommerce-Price-currencySymbol\">&euro;<\/span><\/bdi><\/span><\/span>\n<\/a><a href=\"\/eshop\/wp-json\/wp\/v2\/pages\/759?add-to-cart=17684\" aria-describedby=\"woocommerce_loop_add_to_cart_link_describedby_17684\" data-quantity=\"1\" class=\"button product_type_simple add_to_cart_button ajax_add_to_cart\" data-product_id=\"17684\" data-product_sku=\"D-211490\" aria-label=\"A\u00f1adir al carrito: &ldquo;KIT SECRET GEISHA FRESA CHAMPAGNE&rdquo;\" rel=\"nofollow\" data-success_message=\"\u00abKIT SECRET GEISHA FRESA CHAMPAGNE\u00bb se ha a\u00f1adido a tu carrito\" role=\"button\">A\u00f1adir<\/a>\t<span id=\"woocommerce_loop_add_to_cart_link_describedby_17684\" class=\"screen-reader-text\">\n\t\t\t<\/span>\n<\/li>\n<li class=\"boutique_post_style_clear post_count_is_3 boutique_post_style_4 boutique_image_style_2 product type-product post-31000 status-publish last instock product_cat-aceites-y-lubricantesaceites-y-cremas-de-masaje product_cat-aceites-y-lubricantes product_cat-aceites-y-lubricantesaceites-y-cremas-de-masajeefecto-afrodisiaco product_cat-aceites-y-lubricantesaceites-y-cremas-de-masajekits-de-masaje has-post-thumbnail taxable shipping-taxable purchasable product-type-simple\">\n\t<a href=\"https:\/\/www.pussycatmerida.com\/eshop\/producto\/kit-shunga-dulces-besos-collection\/\" class=\"woocommerce-LoopProduct-link woocommerce-loop-product__link\"><img loading=\"lazy\" decoding=\"async\" width=\"300\" height=\"300\" src=\"https:\/\/www.pussycatmerida.com\/eshop\/wp-content\/uploads\/dl\/img\/img_89238_bc2d9e15f6a8618260e190801d9b9aca_1.jpg\" class=\"attachment-woocommerce_thumbnail size-woocommerce_thumbnail\" alt=\"KIT SHUNGA DULCES BESOS COLLECTION\" \/><h2 class=\"woocommerce-loop-product__title\">KIT SHUNGA DULCES BESOS COLLECTION<\/h2>\n\t<span class=\"price\"><span class=\"woocommerce-Price-amount amount\"><bdi>69,00<span class=\"woocommerce-Price-currencySymbol\">&euro;<\/span><\/bdi><\/span><\/span>\n<\/a><a href=\"\/eshop\/wp-json\/wp\/v2\/pages\/759?add-to-cart=31000\" aria-describedby=\"woocommerce_loop_add_to_cart_link_describedby_31000\" data-quantity=\"1\" class=\"button product_type_simple add_to_cart_button ajax_add_to_cart\" data-product_id=\"31000\" data-product_sku=\"D-224037\" aria-label=\"A\u00f1adir al carrito: &ldquo;KIT SHUNGA DULCES BESOS COLLECTION&rdquo;\" rel=\"nofollow\" data-success_message=\"\u00abKIT SHUNGA DULCES BESOS COLLECTION\u00bb se ha a\u00f1adido a tu carrito\" role=\"button\">A\u00f1adir<\/a>\t<span id=\"woocommerce_loop_add_to_cart_link_describedby_31000\" class=\"screen-reader-text\">\n\t\t\t<\/span>\n<\/li>\n<li class=\"boutique_post_style_clear post_count_is_4 boutique_post_style_4 boutique_image_style_2 product type-product post-29448 status-publish first instock product_cat-aceites-y-lubricantesaceites-y-cremas-de-masaje product_cat-aceites-y-lubricantes product_cat-aceites-y-lubricantesaceites-y-cremas-de-masajekits-de-masaje has-post-thumbnail taxable shipping-taxable purchasable product-type-simple\">\n\t<a href=\"https:\/\/www.pussycatmerida.com\/eshop\/producto\/kit-shunga-fruity-kisses-collection\/\" class=\"woocommerce-LoopProduct-link woocommerce-loop-product__link\"><img loading=\"lazy\" decoding=\"async\" width=\"300\" height=\"300\" src=\"https:\/\/www.pussycatmerida.com\/eshop\/wp-content\/uploads\/dl\/img\/img_84279_b0b13f0422029c93dcb53feea4c79f66_1.jpg\" class=\"attachment-woocommerce_thumbnail size-woocommerce_thumbnail\" alt=\"KIT SHUNGA FRUITY KISSES COLLECTION\" \/><h2 class=\"woocommerce-loop-product__title\">KIT SHUNGA FRUITY KISSES COLLECTION<\/h2>\n\t<span class=\"price\"><span class=\"woocommerce-Price-amount amount\"><bdi>48,00<span class=\"woocommerce-Price-currencySymbol\">&euro;<\/span><\/bdi><\/span><\/span>\n<\/a><a href=\"\/eshop\/wp-json\/wp\/v2\/pages\/759?add-to-cart=29448\" aria-describedby=\"woocommerce_loop_add_to_cart_link_describedby_29448\" data-quantity=\"1\" class=\"button product_type_simple add_to_cart_button ajax_add_to_cart\" data-product_id=\"29448\" data-product_sku=\"D-222700\" aria-label=\"A\u00f1adir al carrito: &ldquo;KIT SHUNGA FRUITY KISSES COLLECTION&rdquo;\" rel=\"nofollow\" data-success_message=\"\u00abKIT SHUNGA FRUITY KISSES COLLECTION\u00bb se ha a\u00f1adido a tu carrito\" role=\"button\">A\u00f1adir<\/a>\t<span id=\"woocommerce_loop_add_to_cart_link_describedby_29448\" class=\"screen-reader-text\">\n\t\t\t<\/span>\n<\/li>\n<li class=\"boutique_post_style_clear post_count_is_5 boutique_post_style_4 boutique_image_style_2 product type-product post-17690 status-publish instock product_cat-aceites-y-lubricantesaceites-y-cremas-de-masajeaceites-esenciales product_cat-aceites-y-lubricantesaceites-y-cremas-de-masaje product_cat-aceites-y-lubricantes product_cat-aceites-y-lubricantesaceites-y-cremas-de-masajeclima-erotico product_cat-aceites-y-lubricantesaceites-y-cremas-de-masajeefecto-afrodisiaco product_cat-aceites-y-lubricantesaceites-y-cremas-de-masajekits-de-masaje has-post-thumbnail taxable shipping-taxable purchasable product-type-simple\">\n\t<a href=\"https:\/\/www.pussycatmerida.com\/eshop\/producto\/shunga-coleccion-placeres-carnales\/\" class=\"woocommerce-LoopProduct-link woocommerce-loop-product__link\"><img loading=\"lazy\" decoding=\"async\" width=\"300\" height=\"300\" src=\"https:\/\/www.pussycatmerida.com\/eshop\/wp-content\/uploads\/dl\/img\/img_48984_32e4885f3323646cfcd37fbf8738c716_1.jpg\" class=\"attachment-woocommerce_thumbnail size-woocommerce_thumbnail\" alt=\"SHUNGA COLECCI\u00d3N PLACERES CARNALES\" \/><h2 class=\"woocommerce-loop-product__title\">SHUNGA COLECCI\u00d3N PLACERES CARNALES<\/h2>\n\t<span class=\"price\"><span class=\"woocommerce-Price-amount amount\"><bdi>59,00<span class=\"woocommerce-Price-currencySymbol\">&euro;<\/span><\/bdi><\/span><\/span>\n<\/a><a href=\"\/eshop\/wp-json\/wp\/v2\/pages\/759?add-to-cart=17690\" aria-describedby=\"woocommerce_loop_add_to_cart_link_describedby_17690\" data-quantity=\"1\" class=\"button product_type_simple add_to_cart_button ajax_add_to_cart\" data-product_id=\"17690\" data-product_sku=\"D-211505\" aria-label=\"A\u00f1adir al carrito: &ldquo;SHUNGA COLECCI\u00d3N PLACERES CARNALES&rdquo;\" rel=\"nofollow\" data-success_message=\"\u00abSHUNGA COLECCI\u00d3N PLACERES CARNALES\u00bb se ha a\u00f1adido a tu carrito\" role=\"button\">A\u00f1adir<\/a>\t<span id=\"woocommerce_loop_add_to_cart_link_describedby_17690\" class=\"screen-reader-text\">\n\t\t\t<\/span>\n<\/li>\n<li class=\"boutique_post_style_clear post_count_is_6 boutique_post_style_4 boutique_image_style_2 product type-product post-46268 status-publish instock product_cat-aceites-y-lubricantesaceites-y-cremas-de-masaje100-comestibles product_cat-aceites-y-lubricantesaceites-y-cremas-de-masajeaceites-esenciales product_cat-aceites-y-lubricantesaceites-y-cremas-de-masaje product_cat-aceites-y-lubricantes product_cat-aceites-y-lubricantesaceites-y-cremas-de-masajeefecto-afrodisiaco product_cat-aceites-y-lubricantesaceites-y-cremas-de-masajekits-de-masaje has-post-thumbnail taxable shipping-taxable purchasable product-type-simple\">\n\t<a href=\"https:\/\/www.pussycatmerida.com\/eshop\/producto\/shunga-gel-de-masaje-erotico-cuerpo-a-cuerpo-oriental-melon-mango\/\" class=\"woocommerce-LoopProduct-link woocommerce-loop-product__link\"><img loading=\"lazy\" decoding=\"async\" width=\"300\" height=\"300\" src=\"https:\/\/www.pussycatmerida.com\/eshop\/wp-content\/uploads\/dl\/img\/img_1303_baaa9e97138eacfaeeb491b7de6b2e8c_1.jpg\" class=\"attachment-woocommerce_thumbnail size-woocommerce_thumbnail\" alt=\"SHUNGA GEL DE MASAJE EROTICO CUERPO A CUERPO ORIENTAL MELON MANGO\" \/><h2 class=\"woocommerce-loop-product__title\">SHUNGA GEL DE MASAJE EROTICO CUERPO A CUERPO ORIENTAL MELON MANGO<\/h2>\n\t<span class=\"price\"><span class=\"woocommerce-Price-amount amount\"><bdi>28,50<span class=\"woocommerce-Price-currencySymbol\">&euro;<\/span><\/bdi><\/span><\/span>\n<\/a><a href=\"\/eshop\/wp-json\/wp\/v2\/pages\/759?add-to-cart=46268\" aria-describedby=\"woocommerce_loop_add_to_cart_link_describedby_46268\" data-quantity=\"1\" class=\"button product_type_simple add_to_cart_button ajax_add_to_cart\" data-product_id=\"46268\" data-product_sku=\"D12-201193\" aria-label=\"A\u00f1adir al carrito: &ldquo;SHUNGA GEL DE MASAJE EROTICO CUERPO A CUERPO ORIENTAL MELON MANGO&rdquo;\" rel=\"nofollow\" data-success_message=\"\u00abSHUNGA GEL DE MASAJE EROTICO CUERPO A CUERPO ORIENTAL MELON MANGO\u00bb se ha a\u00f1adido a tu carrito\" role=\"button\">A\u00f1adir<\/a>\t<span id=\"woocommerce_loop_add_to_cart_link_describedby_46268\" class=\"screen-reader-text\">\n\t\t\t<\/span>\n<\/li>\n<li class=\"boutique_post_style_clear post_count_is_7 boutique_post_style_4 boutique_image_style_2 product type-product post-26557 status-publish last instock product_cat-aceites-y-lubricantesaceites-y-cremas-de-masaje product_cat-aceites-y-lubricantes product_cat-afrodisiacos product_cat-aceites-y-lubricantesaceites-y-cremas-de-masajeclima-erotico product_cat-aceites-y-lubricantesaceites-y-cremas-de-masajekits-de-masaje product_cat-afrodisiacospotenciadores product_cat-afrodisiacossensibilizantes has-post-thumbnail taxable shipping-taxable purchasable product-type-simple\">\n\t<a href=\"https:\/\/www.pussycatmerida.com\/eshop\/producto\/shunga-naughty-geisha-kit\/\" class=\"woocommerce-LoopProduct-link woocommerce-loop-product__link\"><img loading=\"lazy\" decoding=\"async\" width=\"300\" height=\"300\" src=\"https:\/\/www.pussycatmerida.com\/eshop\/wp-content\/uploads\/dl\/img\/img_74740_6d3c092640e49645c980a36e18e5bcf6_1.jpg\" class=\"attachment-woocommerce_thumbnail size-woocommerce_thumbnail\" alt=\"SHUNGA NAUGHTY GEISHA KIT\" \/><h2 class=\"woocommerce-loop-product__title\">SHUNGA NAUGHTY GEISHA KIT<\/h2>\n\t<span class=\"price\"><span class=\"woocommerce-Price-amount amount\"><bdi>38,00<span class=\"woocommerce-Price-currencySymbol\">&euro;<\/span><\/bdi><\/span><\/span>\n<\/a><a href=\"\/eshop\/wp-json\/wp\/v2\/pages\/759?add-to-cart=26557\" aria-describedby=\"woocommerce_loop_add_to_cart_link_describedby_26557\" data-quantity=\"1\" class=\"button product_type_simple add_to_cart_button ajax_add_to_cart\" data-product_id=\"26557\" data-product_sku=\"D-220397\" aria-label=\"A\u00f1adir al carrito: &ldquo;SHUNGA NAUGHTY GEISHA KIT&rdquo;\" rel=\"nofollow\" data-success_message=\"\u00abSHUNGA NAUGHTY GEISHA KIT\u00bb se ha a\u00f1adido a tu carrito\" role=\"button\">A\u00f1adir<\/a>\t<span id=\"woocommerce_loop_add_to_cart_link_describedby_26557\" class=\"screen-reader-text\">\n\t\t\t<\/span>\n<\/li>\n<\/ul>\n<\/div>[\/vc_column][\/vc_row]<\/p>\n<\/section>","protected":false},"excerpt":{"rendered":"<p>[vc_row][vc_column][vc_single_image image=\u00bb1184&#8243; img_size=\u00bbfull\u00bb alignment=\u00bbcenter\u00bb][vc_column_text]Una selecci\u00f3n de los mejores kits para viajes y escapadas rom\u00e1nticas. Kits especializados para fechas seleccionadas: San Valent\u00edn, Cumplea\u00f1os, Desdepedidas de Solteras, Regalos para novios&#8230; Si busc\u00e1is kits rom\u00e1nticos, ideales para escapadas rom\u00e1nticas, unos de nuestros favoritos son los kits de &#8216;Shunga&#8217; o los kits[\u2026]<\/p>\n","protected":false},"author":2,"featured_media":0,"parent":133,"menu_order":0,"comment_status":"closed","ping_status":"closed","template":"","meta":{"footnotes":""},"class_list":["post-759","page","type-page","status-publish","hentry","boutique_post_style_clear","post_count_is_8","boutique_post_style_4","boutique_image_style_2"],"_links":{"self":[{"href":"https:\/\/www.pussycatmerida.com\/eshop\/wp-json\/wp\/v2\/pages\/759","targetHints":{"allow":["GET"]}}],"collection":[{"href":"https:\/\/www.pussycatmerida.com\/eshop\/wp-json\/wp\/v2\/pages"}],"about":[{"href":"https:\/\/www.pussycatmerida.com\/eshop\/wp-json\/wp\/v2\/types\/page"}],"author":[{"embeddable":true,"href":"https:\/\/www.pussycatmerida.com\/eshop\/wp-json\/wp\/v2\/users\/2"}],"replies":[{"embeddable":true,"href":"https:\/\/www.pussycatmerida.com\/eshop\/wp-json\/wp\/v2\/comments?post=759"}],"version-history":[{"count":6,"href":"https:\/\/www.pussycatmerida.com\/eshop\/wp-json\/wp\/v2\/pages\/759\/revisions"}],"predecessor-version":[{"id":62979,"href":"https:\/\/www.pussycatmerida.com\/eshop\/wp-json\/wp\/v2\/pages\/759\/revisions\/62979"}],"up":[{"embeddable":true,"href":"https:\/\/www.pussycatmerida.com\/eshop\/wp-json\/wp\/v2\/pages\/133"}],"wp:attachment":[{"href":"https:\/\/www.pussycatmerida.com\/eshop\/wp-json\/wp\/v2\/media?parent=759"}],"curies":[{"name":"wp","href":"https:\/\/api.w.org\/{rel}","templated":true}]}}