{"id":763,"date":"2018-10-18T16:52:15","date_gmt":"2018-10-18T16:52:15","guid":{"rendered":"https:\/\/www.pussycatmerida.com\/eshop\/?page_id=763"},"modified":"2018-11-15T00:25:26","modified_gmt":"2018-11-15T00:25:26","slug":"dados-y-cartas","status":"publish","type":"page","link":"https:\/\/www.pussycatmerida.com\/eshop\/juegos\/dados-y-cartas\/","title":{"rendered":"Dados y Cartas"},"content":{"rendered":"<section class=\"wpb-content-wrapper\"><p>[vc_row][vc_column][vc_single_image image=\u00bb2475&#8243; img_size=\u00bbfull\u00bb alignment=\u00bbcenter\u00bb][vc_column_text]Aqu\u00ed inclu\u00edmos aquellos juegos m\u00e1s sencillos, pero muy divertidos, que nos permitir\u00e1n pasar una velada muy subida de tono con nuestra pareja:<\/p>\n<ul>\n<li><strong>Dados del amor<\/strong>: Ideales para iniciar un encuentro er\u00f3tico o para un aqu\u00ed te pillo, aqu\u00ed te mato.<\/li>\n<li><strong>Cartas<\/strong>: Cartas con atrevidas posturas del kamasutra y diferentes pruebas y juegos de acci\u00f3n.<\/li>\n<li><strong>Cheques Sensuales<\/strong>: Ideales para rompero la monoton\u00eda y probar cosas nuevas con nuestra pareja: desde las m\u00e1s rom\u00e1nticas a las m\u00e1s atrevidas.<\/li>\n<\/ul>\n<p>[\/vc_column_text][\/vc_column][\/vc_row][vc_row][vc_column][vc_column_text]<\/p>\n<div class=\"dtbaker_line_rectangle\"><div>Productos<\/div><\/div>\n<p>[\/vc_column_text]<div class=\"woocommerce columns-4 \"><\/div>[\/vc_column][\/vc_row]<\/p>\n<\/section>","protected":false},"excerpt":{"rendered":"<p>[vc_row][vc_column][vc_single_image image=\u00bb2475&#8243; img_size=\u00bbfull\u00bb alignment=\u00bbcenter\u00bb][vc_column_text]Aqu\u00ed inclu\u00edmos aquellos juegos m\u00e1s sencillos, pero muy divertidos, que nos permitir\u00e1n pasar una velada muy subida de tono con nuestra pareja: Dados del amor: Ideales para iniciar un encuentro er\u00f3tico o para un aqu\u00ed te pillo, aqu\u00ed te mato. Cartas: Cartas con atrevidas posturas[\u2026]<\/p>\n","protected":false},"author":2,"featured_media":0,"parent":133,"menu_order":0,"comment_status":"closed","ping_status":"closed","template":"","meta":{"footnotes":""},"class_list":["post-763","page","type-page","status-publish","hentry","post_count_is_0","boutique_post_style_4","boutique_image_style_2"],"_links":{"self":[{"href":"https:\/\/www.pussycatmerida.com\/eshop\/wp-json\/wp\/v2\/pages\/763","targetHints":{"allow":["GET"]}}],"collection":[{"href":"https:\/\/www.pussycatmerida.com\/eshop\/wp-json\/wp\/v2\/pages"}],"about":[{"href":"https:\/\/www.pussycatmerida.com\/eshop\/wp-json\/wp\/v2\/types\/page"}],"author":[{"embeddable":true,"href":"https:\/\/www.pussycatmerida.com\/eshop\/wp-json\/wp\/v2\/users\/2"}],"replies":[{"embeddable":true,"href":"https:\/\/www.pussycatmerida.com\/eshop\/wp-json\/wp\/v2\/comments?post=763"}],"version-history":[{"count":6,"href":"https:\/\/www.pussycatmerida.com\/eshop\/wp-json\/wp\/v2\/pages\/763\/revisions"}],"predecessor-version":[{"id":4638,"href":"https:\/\/www.pussycatmerida.com\/eshop\/wp-json\/wp\/v2\/pages\/763\/revisions\/4638"}],"up":[{"embeddable":true,"href":"https:\/\/www.pussycatmerida.com\/eshop\/wp-json\/wp\/v2\/pages\/133"}],"wp:attachment":[{"href":"https:\/\/www.pussycatmerida.com\/eshop\/wp-json\/wp\/v2\/media?parent=763"}],"curies":[{"name":"wp","href":"https:\/\/api.w.org\/{rel}","templated":true}]}}