{"id":931,"date":"2018-10-24T18:43:12","date_gmt":"2018-10-24T18:43:12","guid":{"rendered":"https:\/\/www.pussycatmerida.com\/eshop\/?page_id=931"},"modified":"2018-11-29T18:14:46","modified_gmt":"2018-11-29T18:14:46","slug":"guia-de-juguetes-eroticos","status":"publish","type":"page","link":"https:\/\/www.pussycatmerida.com\/eshop\/guia-de-juguetes-eroticos\/","title":{"rendered":"Gu\u00eda de Juguetes Er\u00f3ticos"},"content":{"rendered":"<section class=\"wpb-content-wrapper\"><p>[vc_row][vc_column][vc_single_image image=\u00bb933&#8243; img_size=\u00bbfull\u00bb alignment=\u00bbcenter\u00bb][vc_column_text]<\/p>\n<h4>\u00bfQu\u00e9 juguete comprar?<\/h4>\n<p>Depende de que estemos buscando, si es para regalao, si es para utilizar en pareja o si es para utilizarlo tu sola, tambi\u00e9n es improtante si es tu primer juguete o ya has tenido alguno, si eres m\u00e1s clitoriana o te gustan m\u00e1s las penetraciones profundas, etc&#8230;<\/p>\n<p>En defintiva, como cada persona es un mundo, y en esto del sexo a cada persona le gustan cosas diferentes, es dif\u00edcil acertar con el juguete ideal a las primeras de cambio, por lo que <strong>desde Pussycat te vamos a orientar a elegir tu juguete perfecto<\/strong> y sobre todo a no cometer los errores m\u00e1s comunes.<\/p>\n<h5><img loading=\"lazy\" decoding=\"async\" class=\"alignnone size-full wp-image-938\" src=\"https:\/\/www.pussycatmerida.com\/eshop\/wp-content\/uploads\/2018\/10\/L2-e1540417154646.png\" alt=\"\" width=\"24\" height=\"20\" \/>Mi primer juguete<img loading=\"lazy\" decoding=\"async\" class=\"alignnone size-full wp-image-938\" src=\"https:\/\/www.pussycatmerida.com\/eshop\/wp-content\/uploads\/2018\/10\/L2-e1540417154646.png\" alt=\"\" width=\"24\" height=\"20\" \/><\/h5>\n<p>&#8211; Si es tu primer juguete er\u00f3tico, y <strong>si es para utilizarlo en pareja<\/strong>, no lo dudes, y busca un juguete clitoriano. <strong>Los <a href=\"https:\/\/www.pussycatmerida.com\/eshop\/product-category\/juguetes\/clitorianos\/\" target=\"_blank\" rel=\"noopener\">estimuladores de cl\u00edtoris<\/a> son ideales como primer juguete<\/strong> para nosotras las chicas: cumplen muy bien su funci\u00f3n y permiten ir conociendo nuestro cuerpo, as\u00ed como descubrir nuestra punto m\u00e1s er\u00f3geno \u00a1\u00a1el cl\u00edtoris!!<\/p>\n<p>Adem\u00e1s,<strong> son perfectos para juegos en pareja<\/strong>, ya que son peque\u00f1itos, manejables y muy f\u00e1ciles de sacar del caj\u00f3n, por lo que se puede utilizar durante la penetraci\u00f3n o el sexo oral o incluso para estimular toda nuestra piel.<\/p>\n<p>&#8211; Si es para utilizarlo tu sola, tambi\u00e9n te aconsejamos un juguete clitoriano, aunque puedes decantarte por alg\u00fan juguetito con <a href=\"https:\/\/www.pussycatmerida.com\/eshop\/product-category\/juguetes\/vibradores-dobles\/\" target=\"_blank\" rel=\"noopener\"><strong>doble estimulaci\u00f3n<\/strong><\/a>, tanto de cl\u00edtoris, como de<a href=\"https:\/\/www.pussycatmerida.com\/eshop\/product-category\/juguetes\/punto-g\/\" target=\"_blank\" rel=\"noopener\"><strong> Punto G<\/strong><\/a>. Por lo te permitir\u00e1 gozar de las sensaciones de penetraci\u00f3n, mientras te estimulas tu cl\u00edtoris[\/vc_column_text][vc_column_text]<\/p>\n<h5><img loading=\"lazy\" decoding=\"async\" class=\"alignnone wp-image-935\" src=\"https:\/\/www.pussycatmerida.com\/eshop\/wp-content\/uploads\/2018\/10\/Warning-800px-300x300.png\" alt=\"\" width=\"25\" height=\"25\" \/> \u00a1\u00a1Aviso para hombres!!<img loading=\"lazy\" decoding=\"async\" class=\"alignnone wp-image-935\" src=\"https:\/\/www.pussycatmerida.com\/eshop\/wp-content\/uploads\/2018\/10\/Warning-800px-300x300.png\" alt=\"\" width=\"25\" height=\"25\" \/><\/h5>\n<p>Si eres hombre y tienes pensando regalarle un juguete er\u00f3tico a tu pareja, <strong>no le regales un juguete grande y real\u00edstico<\/strong>. Los hombres suelen pensar que cuanto m\u00e1s grande y m\u00e1s real, m\u00e1s va a disfrutar la mujer, y ya os avisamos que no suele ser el juguete preferido de las mujeres.<\/p>\n<p>Muchas veces prefieren algo peque\u00f1ito, mono y sencillito, que un juguete enorme. El placer de la mujer no depende del tama\u00f1o, sino de como estimulan sus puntos m\u00e1s er\u00f3genos.[\/vc_column_text][\/vc_column][\/vc_row][vc_row][vc_column][vc_column_text]<\/p>\n<h5><img loading=\"lazy\" decoding=\"async\" class=\"alignnone wp-image-941\" src=\"https:\/\/www.pussycatmerida.com\/eshop\/wp-content\/uploads\/2018\/10\/birrete2-300x300.png\" alt=\"\" width=\"25\" height=\"25\" \/> Juguetes para expertas<img loading=\"lazy\" decoding=\"async\" class=\"alignnone wp-image-941\" src=\"https:\/\/www.pussycatmerida.com\/eshop\/wp-content\/uploads\/2018\/10\/birrete2-300x300.png\" alt=\"\" width=\"25\" height=\"25\" \/><\/h5>\n<p>Si ya has tenido alg\u00fan juguete er\u00f3tico, seguramente ya sepas que te puede ir gustando o tal vez prefieras probar algo completamente nuevo. Si \u00e9ste es tu caso te recomendamos:<\/p>\n<p>&#8211; <strong>Comprar un juguete er\u00f3tico de mayor calidad:<\/strong> Sabes lo que te gusta y como te gusta, as\u00ed que invierte un poco en juguetes de mejores prestaciones. La marca <strong>LELO<\/strong> puede ser una buena opci\u00f3n.<br \/>\n&#8211; <strong>Comprar un juguete con funciones especiales:<\/strong> ya sean los <a href=\"https:\/\/www.pussycatmerida.com\/eshop\/product-category\/juguetes\/punto-g\/oscilantes\/\" target=\"_blank\" rel=\"noopener\"><strong>oscilantes<\/strong><\/a> para estimular el Punto G, o los nuevos modelos de la marca <strong>Satisfyer<\/strong> que estimulan el cl\u00edtoris por ondas sonoras[\/vc_column_text][\/vc_column][\/vc_row]<\/p>\n<\/section>","protected":false},"excerpt":{"rendered":"<p>[vc_row][vc_column][vc_single_image image=\u00bb933&#8243; img_size=\u00bbfull\u00bb alignment=\u00bbcenter\u00bb][vc_column_text] \u00bfQu\u00e9 juguete comprar? Depende de que estemos buscando, si es para regalao, si es para utilizar en pareja o si es para utilizarlo tu sola, tambi\u00e9n es improtante si es tu primer juguete o ya has tenido alguno, si eres m\u00e1s clitoriana o te[\u2026]<\/p>\n","protected":false},"author":2,"featured_media":0,"parent":0,"menu_order":0,"comment_status":"closed","ping_status":"closed","template":"","meta":{"footnotes":""},"class_list":["post-931","page","type-page","status-publish","hentry","post_count_is_0","boutique_post_style_4","boutique_image_style_2"],"_links":{"self":[{"href":"https:\/\/www.pussycatmerida.com\/eshop\/wp-json\/wp\/v2\/pages\/931","targetHints":{"allow":["GET"]}}],"collection":[{"href":"https:\/\/www.pussycatmerida.com\/eshop\/wp-json\/wp\/v2\/pages"}],"about":[{"href":"https:\/\/www.pussycatmerida.com\/eshop\/wp-json\/wp\/v2\/types\/page"}],"author":[{"embeddable":true,"href":"https:\/\/www.pussycatmerida.com\/eshop\/wp-json\/wp\/v2\/users\/2"}],"replies":[{"embeddable":true,"href":"https:\/\/www.pussycatmerida.com\/eshop\/wp-json\/wp\/v2\/comments?post=931"}],"version-history":[{"count":8,"href":"https:\/\/www.pussycatmerida.com\/eshop\/wp-json\/wp\/v2\/pages\/931\/revisions"}],"predecessor-version":[{"id":7339,"href":"https:\/\/www.pussycatmerida.com\/eshop\/wp-json\/wp\/v2\/pages\/931\/revisions\/7339"}],"wp:attachment":[{"href":"https:\/\/www.pussycatmerida.com\/eshop\/wp-json\/wp\/v2\/media?parent=931"}],"curies":[{"name":"wp","href":"https:\/\/api.w.org\/{rel}","templated":true}]}}