{"id":978,"date":"2018-10-25T09:32:48","date_gmt":"2018-10-25T09:32:48","guid":{"rendered":"https:\/\/www.pussycatmerida.com\/eshop\/?page_id=978"},"modified":"2018-10-25T09:46:50","modified_gmt":"2018-10-25T09:46:50","slug":"conocenos","status":"publish","type":"page","link":"https:\/\/www.pussycatmerida.com\/eshop\/conocenos\/","title":{"rendered":"\u00a1Con\u00f3cenos!"},"content":{"rendered":"<section class=\"wpb-content-wrapper\"><p>[vc_row][vc_column][vc_column_text]<\/p>\n<div id=\"content1\">\n<h1>Qui\u00e9nes somos<\/h1>\n<p><strong>Pussycat Boutique Er\u00f3tica<\/strong> naci\u00f3 en el a\u00f1o de 2013, justo hab\u00eda terminado mi m\u00e1ster en sexolog\u00eda y estaba trabajando en una empresa que nada ten\u00eda que ver con mi formaci\u00f3n. Por lo que tras muchas dudas y miedos, decidimos tirarnos al vac\u00edo y crear Pussycat.<\/p>\n<p>Desde el primer momento tuvimos claro que quer\u00edamos ser algo m\u00e1s que una simple tienda er\u00f3tica, por lo que buscamos que Pussycat fuese un espacio donde <strong>difundir una cultura er\u00f3tica y una sexualidad sana, saludable y respetuosa<\/strong>.<\/p>\n<p><img loading=\"lazy\" decoding=\"async\" class=\"size-medium wp-image-187 aligncenter\" src=\"https:\/\/www.pussycatmerida.com\/eshop\/wp-content\/uploads\/2018\/10\/logopng-300x159.png\" alt=\"\" width=\"300\" height=\"159\" srcset=\"https:\/\/www.pussycatmerida.com\/eshop\/wp-content\/uploads\/2018\/10\/logopng-300x159.png 300w, https:\/\/www.pussycatmerida.com\/eshop\/wp-content\/uploads\/2018\/10\/logopng-768x407.png 768w, https:\/\/www.pussycatmerida.com\/eshop\/wp-content\/uploads\/2018\/10\/logopng-600x318.png 600w, https:\/\/www.pussycatmerida.com\/eshop\/wp-content\/uploads\/2018\/10\/logopng.png 884w\" sizes=\"auto, (max-width: 300px) 100vw, 300px\" \/><\/p>\n<p>Desde Pussycat entendemos <strong>la sexualidad como una parte esencial del ser humano<\/strong>, por eso queremos promover la vivencia de la misma de forma saludable y placentera.<\/p>\n<p>Queremos romper con la verg\u00fcenza y los tab\u00faes que a\u00fan perduran en nuestra sociedad y compartir nuestros conocimientos e inquietudes con todo el que se anime a conocernos.<\/p>\n<p>Ofrecemos asesoramiento personalizado a manos de nuestra psic\u00f3loga y sex\u00f3loga, una amplia <strong>selecci\u00f3n de productos er\u00f3ticos de alta gama<\/strong> escogidos por nuestros profesionales, reuniones de tuppersex y talleres para mejorar nuestra vida sexual.<\/p>\n<p>Sabemos que cada persona es \u00fanica por ello trabajamos sobre la base de la diversidad sexual y humana.<\/p>\n<p>Ac\u00e9rcate a la tienda o cont\u00e1ctanos, estaremos encantados de atenderte.<\/p>\n<div class=\"dtbaker_line_bird\"><\/div>\n<\/div>\n<div id=\"content2\"><\/div>\n<div><\/div>\n<p>[\/vc_column_text][vc_row_inner][vc_column_inner width=\u00bb2\/3&#8243;][vc_column_text]<\/p>\n<div id=\"content2\">\n<h1>\u00bfD\u00f3nde estamos?<\/h1>\n<p>Pussycat Boutique Er\u00f3tica se ha convertido en el sexshop de referencia en Extremadura, estamos situados en la ciudad monumental de M\u00e9rida, junto a uno de sus monumentos m\u00e1s emblem\u00e1ticos, el famoso Templo de Diana.<\/p>\n<\/div>\n<div><\/div>\n<div>Nos podr\u00e1s encontrar en C\/Juan D\u00e1valos y Altamirano, 2. M\u00e9rida (Badajoz).<\/div>\n<p>[\/vc_column_text][\/vc_column_inner][vc_column_inner width=\u00bb1\/3&#8243;][vc_gallery interval=\u00bb3&#8243; images=\u00bb984,987&#8243; img_size=\u00bbmedium\u00bb][\/vc_column_inner][\/vc_row_inner][\/vc_column][\/vc_row][vc_row][vc_column][vc_column_text]<\/p>\n<div class=\"dtbaker_line_rectangle\"><div>Equipo<\/div><\/div>\n<p>[\/vc_column_text][vc_column_text]<\/p>\n\n\t\t<div id='gallery-978-1' class='gallery galleryid-978 gallery-columns-2 gallery-size-thumbnail gallery-dtbaker-profile'><dl class='gallery-item'>\n\t\t\t\t<dt class='dtbaker-pretty-title'>\n\t\t\t\tEsther Calvo\n\t\t\t\t<\/dt>\n\t\t\t\t<dt class='wp-caption-text gallery-caption'>\n\t\t\t\tPropietaria\n\t\t\t\t<\/dt>\n\t\t\t\t<dt class='dtbaker-pretty-description'>\n\t\t\t\t\u00a1Hola! Soy Esther Calvo, estoy licenciada en psicolog\u00eda y tengo una m\u00e1ster en sexolog\u00eda. Empezamos la aventura de Pussycat Boutique Er\u00f3tica en el a\u00f1o 2013.\n\t\t\t\t<\/dt>\n\t\t\t<dd class='gallery-icon'><div class='gallery-icon-inner'>\n\t\t\t\t<a href=\"https:\/\/www.pussycatmerida.com\/eshop\/wp-content\/uploads\/2018\/10\/esther-e1540458797915.jpg\" title=\"Propietaria\" rel=\"prettyPhoto[rel-1]\"><img loading=\"lazy\" decoding=\"async\" width=\"150\" height=\"150\" src=\"https:\/\/www.pussycatmerida.com\/eshop\/wp-content\/uploads\/2018\/10\/esther-e1540458797915-150x150.jpg\" class=\"\" alt=\"Esther Calvo\" srcset=\"https:\/\/www.pussycatmerida.com\/eshop\/wp-content\/uploads\/2018\/10\/esther-e1540458797915-150x150.jpg 150w, https:\/\/www.pussycatmerida.com\/eshop\/wp-content\/uploads\/2018\/10\/esther-e1540458797915-100x100.jpg 100w\" sizes=\"auto, (max-width: 150px) 100vw, 150px\" \/><\/a>  <\/div><\/dd><\/dl><dl class='gallery-item gallery-item-last'>\n\t\t\t\t<dt class='dtbaker-pretty-title'>\n\t\t\t\tMois\u00e9s Reixach\n\t\t\t\t<\/dt>\n\t\t\t\t<dt class='wp-caption-text gallery-caption'>\n\t\t\t\tPropietario\n\t\t\t\t<\/dt>\n\t\t\t\t<dt class='dtbaker-pretty-description'>\n\t\t\t\t\u00a1Muy buenas! Soy Mois\u00e9s, trabajo en Pussycat y soy el encargado de la publicidad, redes sociales, dise\u00f1o y ventas de Pussycat Boutique Er\u00f3tica.\n\t\t\t\t<\/dt>\n\t\t\t<dd class='gallery-icon'><div class='gallery-icon-inner'>\n\t\t\t\t<a href=\"https:\/\/www.pussycatmerida.com\/eshop\/wp-content\/uploads\/2018\/10\/moi-e1540459259984.jpg\" title=\"Propietario\" rel=\"prettyPhoto[rel-1]\"><img loading=\"lazy\" decoding=\"async\" width=\"150\" height=\"150\" src=\"https:\/\/www.pussycatmerida.com\/eshop\/wp-content\/uploads\/2018\/10\/moi-e1540459259984-150x150.jpg\" class=\"\" alt=\"Mois\u00e9s Reixach\" srcset=\"https:\/\/www.pussycatmerida.com\/eshop\/wp-content\/uploads\/2018\/10\/moi-e1540459259984-150x150.jpg 150w, https:\/\/www.pussycatmerida.com\/eshop\/wp-content\/uploads\/2018\/10\/moi-e1540459259984-100x100.jpg 100w\" sizes=\"auto, (max-width: 150px) 100vw, 150px\" \/><\/a>  <\/div><\/dd><\/dl>\n\t\t\t<br style='clear: both;' \/>\n\t\t<\/div>\n\n<p>[\/vc_column_text][\/vc_column][\/vc_row]<\/p>\n<\/section>","protected":false},"excerpt":{"rendered":"<p>[vc_row][vc_column][vc_column_text] Qui\u00e9nes somos Pussycat Boutique Er\u00f3tica naci\u00f3 en el a\u00f1o de 2013, justo hab\u00eda terminado mi m\u00e1ster en sexolog\u00eda y estaba trabajando en una empresa que nada ten\u00eda que ver con mi formaci\u00f3n. Por lo que tras muchas dudas y miedos, decidimos tirarnos al vac\u00edo y crear Pussycat.[\u2026]<\/p>\n","protected":false},"author":2,"featured_media":0,"parent":0,"menu_order":0,"comment_status":"closed","ping_status":"closed","template":"","meta":{"footnotes":""},"class_list":["post-978","page","type-page","status-publish","hentry","post_count_is_0","boutique_post_style_4","boutique_image_style_2"],"_links":{"self":[{"href":"https:\/\/www.pussycatmerida.com\/eshop\/wp-json\/wp\/v2\/pages\/978","targetHints":{"allow":["GET"]}}],"collection":[{"href":"https:\/\/www.pussycatmerida.com\/eshop\/wp-json\/wp\/v2\/pages"}],"about":[{"href":"https:\/\/www.pussycatmerida.com\/eshop\/wp-json\/wp\/v2\/types\/page"}],"author":[{"embeddable":true,"href":"https:\/\/www.pussycatmerida.com\/eshop\/wp-json\/wp\/v2\/users\/2"}],"replies":[{"embeddable":true,"href":"https:\/\/www.pussycatmerida.com\/eshop\/wp-json\/wp\/v2\/comments?post=978"}],"version-history":[{"count":5,"href":"https:\/\/www.pussycatmerida.com\/eshop\/wp-json\/wp\/v2\/pages\/978\/revisions"}],"predecessor-version":[{"id":988,"href":"https:\/\/www.pussycatmerida.com\/eshop\/wp-json\/wp\/v2\/pages\/978\/revisions\/988"}],"wp:attachment":[{"href":"https:\/\/www.pussycatmerida.com\/eshop\/wp-json\/wp\/v2\/media?parent=978"}],"curies":[{"name":"wp","href":"https:\/\/api.w.org\/{rel}","templated":true}]}}