{"id":997,"date":"2018-10-25T17:10:09","date_gmt":"2018-10-25T17:10:09","guid":{"rendered":"https:\/\/www.pussycatmerida.com\/eshop\/?page_id=997"},"modified":"2021-03-07T04:48:28","modified_gmt":"2021-03-07T02:48:28","slug":"lubricantes-naturales","status":"publish","type":"page","link":"https:\/\/www.pussycatmerida.com\/eshop\/aceites-y-lubricantes\/lubricantes\/lubricantes-naturales\/","title":{"rendered":"Lubricantes Naturales"},"content":{"rendered":"<section class=\"wpb-content-wrapper\"><p>[vc_row][vc_column][vc_single_image image=\u00bb2453&#8243; img_size=\u00bbfull\u00bb alignment=\u00bbcenter\u00bb][vc_column_text]Los lubricantes naturales son lubricantes sin aromas y de sabor neutral, que combinan una prolongada capacidad deslizante con<strong> componente naturales certificados<\/strong>. Por lo que son lubricantes <strong>libres de aromatizantes, colorantes y conservantes sint\u00e9ticos<\/strong>, pensados para la lubricaci\u00f3n m\u00e1s perfecta de la mujer.<\/p>\n<p>Muchos de ellos est\u00e1n <strong>homologados como productos medicinales<\/strong>, al haber superado estrictos controles de calidad y lograr un valor de Ph optimizado, por lo que son ideales para pieles sensibles.<\/p>\n<p>Por \u00faltimo, a\u00f1adir que suelen ser <strong>100% biol\u00f3gicos<\/strong> e incluso muchos son aptos para <strong>veganos<\/strong>, ya que no cuentan con ning\u00fan ingrediente de origen animal.<\/p>\n<p>[\/vc_column_text][vc_column_text]<\/p>\n<div class=\"dtbaker_line_rectangle\"><div>Productos<\/div><\/div>\n<p>[\/vc_column_text][\/vc_column][\/vc_row][vc_row][vc_column]<div class=\"woocommerce columns-4 \"><ul class=\"products columns-4\">\n<li class=\"post_count_is_0 boutique_post_style_4 boutique_image_style_2 product type-product post-92748 status-publish first instock product_cat-aceites-y-lubricantes product_cat-aceites-y-lubricanteslubricantes product_cat-lubricantes-naturales has-post-thumbnail taxable shipping-taxable purchasable product-type-simple\">\n\t<a href=\"https:\/\/www.pussycatmerida.com\/eshop\/producto\/pjur-med-natural-lubricante-base-agua-100-ml\/\" class=\"woocommerce-LoopProduct-link woocommerce-loop-product__link\"><img loading=\"lazy\" decoding=\"async\" width=\"300\" height=\"300\" src=\"https:\/\/www.pussycatmerida.com\/eshop\/wp-content\/uploads\/2022\/03\/img_116544_290a29e9ee76b1864c0a065f7556fa3c_20-300x300.jpg\" class=\"attachment-woocommerce_thumbnail size-woocommerce_thumbnail\" alt=\"PJUR MED NATURAL LUBRICANTE BASE AGUA 100 ML\" srcset=\"https:\/\/www.pussycatmerida.com\/eshop\/wp-content\/uploads\/2022\/03\/img_116544_290a29e9ee76b1864c0a065f7556fa3c_20-300x300.jpg 300w, https:\/\/www.pussycatmerida.com\/eshop\/wp-content\/uploads\/2022\/03\/img_116544_290a29e9ee76b1864c0a065f7556fa3c_20-150x150.jpg 150w, https:\/\/www.pussycatmerida.com\/eshop\/wp-content\/uploads\/2022\/03\/img_116544_290a29e9ee76b1864c0a065f7556fa3c_20-100x100.jpg 100w, https:\/\/www.pussycatmerida.com\/eshop\/wp-content\/uploads\/2022\/03\/img_116544_290a29e9ee76b1864c0a065f7556fa3c_20.jpg 500w\" sizes=\"auto, (max-width: 300px) 100vw, 300px\" \/><h2 class=\"woocommerce-loop-product__title\">PJUR MED NATURAL LUBRICANTE BASE AGUA 100 ML<\/h2>\n\t<span class=\"price\"><span class=\"woocommerce-Price-amount amount\"><bdi>12,95<span class=\"woocommerce-Price-currencySymbol\">&euro;<\/span><\/bdi><\/span><\/span>\n<\/a><a href=\"\/eshop\/wp-json\/wp\/v2\/pages\/997?add-to-cart=92748\" aria-describedby=\"woocommerce_loop_add_to_cart_link_describedby_92748\" data-quantity=\"1\" class=\"button product_type_simple add_to_cart_button ajax_add_to_cart\" data-product_id=\"92748\" data-product_sku=\"\" aria-label=\"A\u00f1adir al carrito: &ldquo;PJUR MED NATURAL LUBRICANTE BASE AGUA 100 ML&rdquo;\" rel=\"nofollow\" data-success_message=\"\u00abPJUR MED NATURAL LUBRICANTE BASE AGUA 100 ML\u00bb se ha a\u00f1adido a tu carrito\" role=\"button\">A\u00f1adir<\/a>\t<span id=\"woocommerce_loop_add_to_cart_link_describedby_92748\" class=\"screen-reader-text\">\n\t\t\t<\/span>\n<\/li>\n<li class=\"boutique_post_style_clear post_count_is_1 boutique_post_style_4 boutique_image_style_2 product type-product post-92752 status-publish instock product_cat-aceites-y-lubricantes product_cat-aceites-y-lubricanteslubricantes product_cat-lubricantes-naturales has-post-thumbnail taxable shipping-taxable purchasable product-type-simple\">\n\t<a href=\"https:\/\/www.pussycatmerida.com\/eshop\/producto\/pjur-med-sensitive-glide-lubricante-base-agua-100-ml\/\" class=\"woocommerce-LoopProduct-link woocommerce-loop-product__link\"><img loading=\"lazy\" decoding=\"async\" width=\"300\" height=\"300\" src=\"https:\/\/www.pussycatmerida.com\/eshop\/wp-content\/uploads\/2022\/03\/img_116062_fecd315723a159cb716c5dd7d480cab8_1-300x300.jpg\" class=\"attachment-woocommerce_thumbnail size-woocommerce_thumbnail\" alt=\"PJUR MED SENSITIVE GLIDE LUBRICANTE BASE AGUA 100 ML\" srcset=\"https:\/\/www.pussycatmerida.com\/eshop\/wp-content\/uploads\/2022\/03\/img_116062_fecd315723a159cb716c5dd7d480cab8_1-300x300.jpg 300w, https:\/\/www.pussycatmerida.com\/eshop\/wp-content\/uploads\/2022\/03\/img_116062_fecd315723a159cb716c5dd7d480cab8_1-150x150.jpg 150w, https:\/\/www.pussycatmerida.com\/eshop\/wp-content\/uploads\/2022\/03\/img_116062_fecd315723a159cb716c5dd7d480cab8_1-768x768.jpg 768w, https:\/\/www.pussycatmerida.com\/eshop\/wp-content\/uploads\/2022\/03\/img_116062_fecd315723a159cb716c5dd7d480cab8_1-600x600.jpg 600w, https:\/\/www.pussycatmerida.com\/eshop\/wp-content\/uploads\/2022\/03\/img_116062_fecd315723a159cb716c5dd7d480cab8_1-100x100.jpg 100w, https:\/\/www.pussycatmerida.com\/eshop\/wp-content\/uploads\/2022\/03\/img_116062_fecd315723a159cb716c5dd7d480cab8_1.jpg 900w\" sizes=\"auto, (max-width: 300px) 100vw, 300px\" \/><h2 class=\"woocommerce-loop-product__title\">PJUR MED SENSITIVE GLIDE LUBRICANTE BASE AGUA 100 ML<\/h2>\n\t<span class=\"price\"><span class=\"woocommerce-Price-amount amount\"><bdi>15,00<span class=\"woocommerce-Price-currencySymbol\">&euro;<\/span><\/bdi><\/span><\/span>\n<\/a><a href=\"\/eshop\/wp-json\/wp\/v2\/pages\/997?add-to-cart=92752\" aria-describedby=\"woocommerce_loop_add_to_cart_link_describedby_92752\" data-quantity=\"1\" class=\"button product_type_simple add_to_cart_button ajax_add_to_cart\" data-product_id=\"92752\" data-product_sku=\"\" aria-label=\"A\u00f1adir al carrito: &ldquo;PJUR MED SENSITIVE GLIDE LUBRICANTE BASE AGUA 100 ML&rdquo;\" rel=\"nofollow\" data-success_message=\"\u00abPJUR MED SENSITIVE GLIDE LUBRICANTE BASE AGUA 100 ML\u00bb se ha a\u00f1adido a tu carrito\" role=\"button\">A\u00f1adir<\/a>\t<span id=\"woocommerce_loop_add_to_cart_link_describedby_92752\" class=\"screen-reader-text\">\n\t\t\t<\/span>\n<\/li>\n<li class=\"boutique_post_style_clear post_count_is_2 boutique_post_style_4 boutique_image_style_2 product type-product post-21779 status-publish instock product_cat-aceites-y-lubricantes product_cat-aceites-y-lubricanteslubricantes product_cat-lubricantes-naturales has-post-thumbnail taxable shipping-taxable purchasable product-type-simple\">\n\t<a href=\"https:\/\/www.pussycatmerida.com\/eshop\/producto\/secretplay-lubricante-organico-hibrido-100ml\/\" class=\"woocommerce-LoopProduct-link woocommerce-loop-product__link\"><img loading=\"lazy\" decoding=\"async\" width=\"300\" height=\"300\" src=\"https:\/\/www.pussycatmerida.com\/eshop\/wp-content\/uploads\/dl\/img\/img_57745_93527384d8f6fdf29bbf816cb5afda99_1.jpg\" class=\"attachment-woocommerce_thumbnail size-woocommerce_thumbnail\" alt=\"SECRETPLAY LUBRICANTE ORGANICO HIBRIDO 100ML\" \/><h2 class=\"woocommerce-loop-product__title\">SECRETPLAY LUBRICANTE ORGANICO HIBRIDO 100ML<\/h2>\n\t<span class=\"price\"><span class=\"woocommerce-Price-amount amount\"><bdi>19,95<span class=\"woocommerce-Price-currencySymbol\">&euro;<\/span><\/bdi><\/span><\/span>\n<\/a><a href=\"\/eshop\/wp-json\/wp\/v2\/pages\/997?add-to-cart=21779\" aria-describedby=\"woocommerce_loop_add_to_cart_link_describedby_21779\" data-quantity=\"1\" class=\"button product_type_simple add_to_cart_button ajax_add_to_cart\" data-product_id=\"21779\" data-product_sku=\"D-214683\" aria-label=\"A\u00f1adir al carrito: &ldquo;SECRETPLAY LUBRICANTE ORGANICO HIBRIDO 100ML&rdquo;\" rel=\"nofollow\" data-success_message=\"\u00abSECRETPLAY LUBRICANTE ORGANICO HIBRIDO 100ML\u00bb se ha a\u00f1adido a tu carrito\" role=\"button\">A\u00f1adir<\/a>\t<span id=\"woocommerce_loop_add_to_cart_link_describedby_21779\" class=\"screen-reader-text\">\n\t\t\t<\/span>\n<\/li>\n<li class=\"boutique_post_style_clear post_count_is_3 boutique_post_style_4 boutique_image_style_2 product type-product post-21778 status-publish last instock product_cat-aceites-y-lubricantes product_cat-aceites-y-lubricanteslubricantes product_cat-lubricantes-naturales has-post-thumbnail taxable shipping-taxable purchasable product-type-simple\">\n\t<a href=\"https:\/\/www.pussycatmerida.com\/eshop\/producto\/secretplay-lubricante-organico-oceanic-100ml\/\" class=\"woocommerce-LoopProduct-link woocommerce-loop-product__link\"><img loading=\"lazy\" decoding=\"async\" width=\"300\" height=\"300\" src=\"https:\/\/www.pussycatmerida.com\/eshop\/wp-content\/uploads\/dl\/img\/img_57744_c0715f7ecbeca7073951ab25768bd619_1.png\" class=\"attachment-woocommerce_thumbnail size-woocommerce_thumbnail\" alt=\"SECRETPLAY LUBRICANTE ORGANICO OCEANIC 100ML\" \/><h2 class=\"woocommerce-loop-product__title\">SECRETPLAY LUBRICANTE ORGANICO OCEANIC 100ML<\/h2>\n\t<span class=\"price\"><span class=\"woocommerce-Price-amount amount\"><bdi>19,95<span class=\"woocommerce-Price-currencySymbol\">&euro;<\/span><\/bdi><\/span><\/span>\n<\/a><a href=\"\/eshop\/wp-json\/wp\/v2\/pages\/997?add-to-cart=21778\" aria-describedby=\"woocommerce_loop_add_to_cart_link_describedby_21778\" data-quantity=\"1\" class=\"button product_type_simple add_to_cart_button ajax_add_to_cart\" data-product_id=\"21778\" data-product_sku=\"D-214682\" aria-label=\"A\u00f1adir al carrito: &ldquo;SECRETPLAY LUBRICANTE ORGANICO OCEANIC 100ML&rdquo;\" rel=\"nofollow\" data-success_message=\"\u00abSECRETPLAY LUBRICANTE ORGANICO OCEANIC 100ML\u00bb se ha a\u00f1adido a tu carrito\" role=\"button\">A\u00f1adir<\/a>\t<span id=\"woocommerce_loop_add_to_cart_link_describedby_21778\" class=\"screen-reader-text\">\n\t\t\t<\/span>\n<\/li>\n<li class=\"boutique_post_style_clear post_count_is_4 boutique_post_style_4 boutique_image_style_2 product type-product post-1363 status-publish first instock product_cat-aceites-y-lubricantes product_cat-aceites-y-lubricanteslubricantesbase-de-agua product_cat-aceites-y-lubricanteslubricantes product_cat-lubricantes-naturales has-post-thumbnail taxable shipping-taxable purchasable product-type-simple\">\n\t<a href=\"https:\/\/www.pussycatmerida.com\/eshop\/producto\/shunga-toko-organica-lubricante-natural\/\" class=\"woocommerce-LoopProduct-link woocommerce-loop-product__link\"><img loading=\"lazy\" decoding=\"async\" width=\"300\" height=\"300\" src=\"https:\/\/www.pussycatmerida.com\/eshop\/wp-content\/uploads\/dl\/img\/img_9468_befe6bcabdbbee10930ebca2843c1d1f_1.jpg\" class=\"attachment-woocommerce_thumbnail size-woocommerce_thumbnail\" alt=\"SHUNGA TOKO ORGANICA LUBRICANTE NATURAL\" \/><h2 class=\"woocommerce-loop-product__title\">SHUNGA TOKO ORGANICA LUBRICANTE NATURAL<\/h2>\n\t<span class=\"price\"><span class=\"woocommerce-Price-amount amount\"><bdi>19,00<span class=\"woocommerce-Price-currencySymbol\">&euro;<\/span><\/bdi><\/span><\/span>\n<\/a><a href=\"\/eshop\/wp-json\/wp\/v2\/pages\/997?add-to-cart=1363\" aria-describedby=\"woocommerce_loop_add_to_cart_link_describedby_1363\" data-quantity=\"1\" class=\"button product_type_simple add_to_cart_button ajax_add_to_cart\" data-product_id=\"1363\" data-product_sku=\"D11-816100\" aria-label=\"A\u00f1adir al carrito: &ldquo;SHUNGA TOKO ORGANICA LUBRICANTE NATURAL&rdquo;\" rel=\"nofollow\" data-success_message=\"\u00abSHUNGA TOKO ORGANICA LUBRICANTE NATURAL\u00bb se ha a\u00f1adido a tu carrito\" role=\"button\">A\u00f1adir<\/a>\t<span id=\"woocommerce_loop_add_to_cart_link_describedby_1363\" class=\"screen-reader-text\">\n\t\t\t<\/span>\n<\/li>\n<\/ul>\n<\/div>[\/vc_column][\/vc_row]<\/p>\n<\/section>","protected":false},"excerpt":{"rendered":"<p>[vc_row][vc_column][vc_single_image image=\u00bb2453&#8243; img_size=\u00bbfull\u00bb alignment=\u00bbcenter\u00bb][vc_column_text]Los lubricantes naturales son lubricantes sin aromas y de sabor neutral, que combinan una prolongada capacidad deslizante con componente naturales certificados. Por lo que son lubricantes libres de aromatizantes, colorantes y conservantes sint\u00e9ticos, pensados para la lubricaci\u00f3n m\u00e1s perfecta de la mujer. Muchos de ellos[\u2026]<\/p>\n","protected":false},"author":2,"featured_media":0,"parent":718,"menu_order":1,"comment_status":"closed","ping_status":"closed","template":"","meta":{"footnotes":""},"class_list":["post-997","page","type-page","status-publish","hentry","boutique_post_style_clear","post_count_is_5","boutique_post_style_4","boutique_image_style_2"],"_links":{"self":[{"href":"https:\/\/www.pussycatmerida.com\/eshop\/wp-json\/wp\/v2\/pages\/997","targetHints":{"allow":["GET"]}}],"collection":[{"href":"https:\/\/www.pussycatmerida.com\/eshop\/wp-json\/wp\/v2\/pages"}],"about":[{"href":"https:\/\/www.pussycatmerida.com\/eshop\/wp-json\/wp\/v2\/types\/page"}],"author":[{"embeddable":true,"href":"https:\/\/www.pussycatmerida.com\/eshop\/wp-json\/wp\/v2\/users\/2"}],"replies":[{"embeddable":true,"href":"https:\/\/www.pussycatmerida.com\/eshop\/wp-json\/wp\/v2\/comments?post=997"}],"version-history":[{"count":9,"href":"https:\/\/www.pussycatmerida.com\/eshop\/wp-json\/wp\/v2\/pages\/997\/revisions"}],"predecessor-version":[{"id":63327,"href":"https:\/\/www.pussycatmerida.com\/eshop\/wp-json\/wp\/v2\/pages\/997\/revisions\/63327"}],"up":[{"embeddable":true,"href":"https:\/\/www.pussycatmerida.com\/eshop\/wp-json\/wp\/v2\/pages\/718"}],"wp:attachment":[{"href":"https:\/\/www.pussycatmerida.com\/eshop\/wp-json\/wp\/v2\/media?parent=997"}],"curies":[{"name":"wp","href":"https:\/\/api.w.org\/{rel}","templated":true}]}}