{"id":10098,"date":"2021-02-26T15:18:19","date_gmt":"2021-02-26T13:18:19","guid":{"rendered":"https:\/\/www.pussycatmerida.com\/eshop\/product\/fetish-fantasy-gold-esposas-de-peluche\/"},"modified":"2026-03-11T12:39:14","modified_gmt":"2026-03-11T11:39:14","slug":"fetish-fantasy-gold-esposas-de-peluche","status":"publish","type":"product","link":"https:\/\/www.pussycatmerida.com\/eshop\/producto\/fetish-fantasy-gold-esposas-de-peluche\/","title":{"rendered":"FETISH FANTASY GOLD ESPOSAS DE PELUCHE"},"content":{"rendered":"<p style=\"text-align: center;\"><embed allowfullscreen=\"true\" allowscriptaccess=\"always\" flashvars=\"controlbar=bottomnetstreambasepath=http%3A%2F%2Fwww.pipedreamproducts.com%2Ffile=http%3A%2F%2Fwww.pipedreamproducts.com%2Fpdtv_videos\/pdtvvideo_0000000217.m4vautostart=true\" height=\"304\" src=\"http:\/\/www.pipedreamproducts.com\/jwplayer\/player.swf\" width=\"700\"><\/embed><\/p>\n<p>\u00a0<\/p>\n<p>Asegura a tu pareja con estas lujosas esposas de Fetish Fantasy Gold. Perfecta para arrestar a t\u00fa pareja en las mu\u00f1ecas o tobillos, estas elegantes esposas, cuenta con un forro de felpa suave y una hebilla totalmente ajustable para encajar c\u00f3modamente con la mayor\u00eda de los tama\u00f1os.<\/p>\n<p>Hechas para jugar duro, las esposas est\u00e1n fabricadas con material de alto rendimiento y un clip de metal para asegura que t\u00fa sumiso no se pueda escapar. Incluye 2 llaves y un ret\u00e9n de seguridad.<\/p>\n<p>Conseguiras un extasis inmediato!<\/p>\n","protected":false},"excerpt":{"rendered":"<p>FETISH FANTASY GOLD DELUXE FURRY CUFFS<\/p>\n","protected":false},"featured_media":51360,"template":"","meta":[],"pwb-brand":[526,476],"product_brand":[],"product_cat":[390,282,274,389],"product_tag":[],"class_list":{"0":"post-10098","1":"product","2":"type-product","3":"status-publish","4":"has-post-thumbnail","6":"pwb-brand-pipedreams-fetish-fantasy-gold","7":"pwb-brand-pipedreams","8":"product_cat-juguetes-sexuales-xxxfetish-bondageesposas","9":"product_cat-juguetes-sexuales-xxxfetish-bondage","10":"product_cat-juguetes-sexuales-xxx","11":"product_cat-juguetes-sexuales-xxxmascaras-y-esposas","12":"post_count_is_0","13":"boutique_post_style_4","15":"first","16":"instock","17":"taxable","18":"shipping-taxable","19":"purchasable","20":"product-type-simple","21":"boutique_image_style_2"},"brands":[{"id":526,"name":"FETISH FANTASY GOLD","slug":"pipedreams-fetish-fantasy-gold"},{"id":476,"name":"PIPEDREAMS","slug":"pipedreams"}],"_links":{"self":[{"href":"https:\/\/www.pussycatmerida.com\/eshop\/wp-json\/wp\/v2\/product\/10098","targetHints":{"allow":["GET"]}}],"collection":[{"href":"https:\/\/www.pussycatmerida.com\/eshop\/wp-json\/wp\/v2\/product"}],"about":[{"href":"https:\/\/www.pussycatmerida.com\/eshop\/wp-json\/wp\/v2\/types\/product"}],"wp:featuredmedia":[{"embeddable":true,"href":"https:\/\/www.pussycatmerida.com\/eshop\/wp-json\/wp\/v2\/media\/51360"}],"wp:attachment":[{"href":"https:\/\/www.pussycatmerida.com\/eshop\/wp-json\/wp\/v2\/media?parent=10098"}],"wp:term":[{"taxonomy":"pwb-brand","embeddable":true,"href":"https:\/\/www.pussycatmerida.com\/eshop\/wp-json\/wp\/v2\/pwb-brand?post=10098"},{"taxonomy":"product_brand","embeddable":true,"href":"https:\/\/www.pussycatmerida.com\/eshop\/wp-json\/wp\/v2\/product_brand?post=10098"},{"taxonomy":"product_cat","embeddable":true,"href":"https:\/\/www.pussycatmerida.com\/eshop\/wp-json\/wp\/v2\/product_cat?post=10098"},{"taxonomy":"product_tag","embeddable":true,"href":"https:\/\/www.pussycatmerida.com\/eshop\/wp-json\/wp\/v2\/product_tag?post=10098"}],"curies":[{"name":"wp","href":"https:\/\/api.w.org\/{rel}","templated":true}]}}