{"id":10106,"date":"2021-02-26T15:24:23","date_gmt":"2021-02-26T13:24:23","guid":{"rendered":"https:\/\/www.pussycatmerida.com\/eshop\/product\/fetish-fantasy-fetish-fantasy-edicion-limitada-latigo-azotador-piel-negro\/"},"modified":"2026-03-11T12:39:22","modified_gmt":"2026-03-11T11:39:22","slug":"fetish-fantasy-fetish-fantasy-edicion-limitada-latigo-azotador-piel-negro","status":"publish","type":"product","link":"https:\/\/www.pussycatmerida.com\/eshop\/producto\/fetish-fantasy-fetish-fantasy-edicion-limitada-latigo-azotador-piel-negro\/","title":{"rendered":"FETISH FANTASY FETISH FANTASY EDICION LIMITADA LATIGO AZOTADOR PIEL NEGRO"},"content":{"rendered":"<p style=\"text-align: center;\"><embed allowfullscreen=\"true\" allowscriptaccess=\"always\" flashvars=\"controlbar=bottomnetstreambasepath=http%3A%2F%2Fwww.pipedreamproducts.com%2Ffile=http%3A%2F%2Fwww.pipedreamproducts.com%2Fpdtv_videos\/FF_LE_2014_Brand.m4vautostart=true\" height=\"204\" src=\"http:\/\/www.pipedreamproducts.com\/jwplayer\/player.swf\" width=\"700\"><\/embed><\/p>\n<p>L\u00e1tigo azotador de piel de excelente calidad, esencial para el juego morboso. Con \u00e9l podr\u00e1s practicar la parte m\u00e1s secreta, escondida y desconocida del sexo.<\/p>\n<ul>\n<li>El l\u00e1tigo incluye una correa y un mango trenzado para un agarre seguro<\/li>\n<\/ul>\n<p style=\"font-size: 12.8000001907349px; line-height: 16.6399993896484px;\">Edici\u00f3n Especial Limitada 50 Sombras, colecci\u00f3n de juguetes del famoso libro del que todo el mundo habla y que se lanzar\u00e1 la pelicula en febrero de 2015 en todos los Cines<\/p>\n<p style=\"font-size: 12.8000001907349px; line-height: 16.6399993896484px;\">\n","protected":false},"excerpt":{"rendered":"<p>FETISH FANTASY ED LIMITED CAT-O-NINE<\/p>\n","protected":false},"featured_media":51938,"template":"","meta":[],"pwb-brand":[495,476],"product_brand":[],"product_cat":[282,412,274,940],"product_tag":[],"class_list":{"0":"post-10106","1":"product","2":"type-product","3":"status-publish","4":"has-post-thumbnail","6":"pwb-brand-pipedreams-fetish-fantasy-ed-limitada","7":"pwb-brand-pipedreams","8":"product_cat-juguetes-sexuales-xxxfetish-bondage","9":"product_cat-juguetes-sexuales-xxxfetish-bondagefustas-palas","10":"product_cat-juguetes-sexuales-xxx","11":"product_cat-latigos-y-palas","12":"post_count_is_0","13":"boutique_post_style_4","15":"first","16":"instock","17":"taxable","18":"shipping-taxable","19":"purchasable","20":"product-type-simple","21":"boutique_image_style_2"},"brands":[{"id":495,"name":"FETISH FANTASY ED.LIMITADA","slug":"pipedreams-fetish-fantasy-ed-limitada"},{"id":476,"name":"PIPEDREAMS","slug":"pipedreams"}],"_links":{"self":[{"href":"https:\/\/www.pussycatmerida.com\/eshop\/wp-json\/wp\/v2\/product\/10106","targetHints":{"allow":["GET"]}}],"collection":[{"href":"https:\/\/www.pussycatmerida.com\/eshop\/wp-json\/wp\/v2\/product"}],"about":[{"href":"https:\/\/www.pussycatmerida.com\/eshop\/wp-json\/wp\/v2\/types\/product"}],"wp:featuredmedia":[{"embeddable":true,"href":"https:\/\/www.pussycatmerida.com\/eshop\/wp-json\/wp\/v2\/media\/51938"}],"wp:attachment":[{"href":"https:\/\/www.pussycatmerida.com\/eshop\/wp-json\/wp\/v2\/media?parent=10106"}],"wp:term":[{"taxonomy":"pwb-brand","embeddable":true,"href":"https:\/\/www.pussycatmerida.com\/eshop\/wp-json\/wp\/v2\/pwb-brand?post=10106"},{"taxonomy":"product_brand","embeddable":true,"href":"https:\/\/www.pussycatmerida.com\/eshop\/wp-json\/wp\/v2\/product_brand?post=10106"},{"taxonomy":"product_cat","embeddable":true,"href":"https:\/\/www.pussycatmerida.com\/eshop\/wp-json\/wp\/v2\/product_cat?post=10106"},{"taxonomy":"product_tag","embeddable":true,"href":"https:\/\/www.pussycatmerida.com\/eshop\/wp-json\/wp\/v2\/product_tag?post=10106"}],"curies":[{"name":"wp","href":"https:\/\/api.w.org\/{rel}","templated":true}]}}