{"id":10151,"date":"2021-02-26T15:21:56","date_gmt":"2021-02-26T13:21:56","guid":{"rendered":"https:\/\/www.pussycatmerida.com\/eshop\/product\/fetish-fantasy-columpio-vueltas-fantasy-negro\/"},"modified":"2026-03-11T12:39:38","modified_gmt":"2026-03-11T11:39:38","slug":"fetish-fantasy-columpio-vueltas-fantasy-negro","status":"publish","type":"product","link":"https:\/\/www.pussycatmerida.com\/eshop\/producto\/fetish-fantasy-columpio-vueltas-fantasy-negro\/","title":{"rendered":"FETISH FANTASY COLUMPIO VUELTAS FANTASY NEGRO"},"content":{"rendered":"<p>Fabuloso columpio completamente ajustable, extra ancho, con soporte para los pies para el m\u00e1ximo confort. Adem\u00e1s ahora gira sobre si mismo, para que realices tus fantas\u00edas de 360. Es de talla \u00fanica.<\/p>\n<p>Lo podr\u00e1s instalar en el marco de la puerta o en el techo de una forma muy sencilla. Inventado desde las \u00e9pocas antiguas para mejorar la relaci\u00f3n sexual, ahora en su versi\u00f3n moderna.<\/p>\n<ul>\n<li>Ajustable, todas las correas pueden ajustarse a cualquier tama\u00f1o. Fabricado con materiales modernos, muy c\u00f3modo para disfrutarlo al m\u00e1ximo.<\/li>\n<li>Viene casi por completo pre-ensamblado, los procedimientos de instalaci\u00f3n son muy sencillos.\u00a0<\/li>\n<li>Las correas son de nylon de alta resistencia, dise\u00f1ado como uno solo, el columpio es muy duradero.<\/li>\n<li>F\u00e1cil de quitar.\u00a0<\/li>\n<\/ul>\n<p>Para una o dos personas, lo puedes disfrutar solo o en pareja.\u00a0<\/p>\n<p>Ya no tienes excusa para practicar estas posiciones dif\u00edciles que no has logrado todav\u00eda, sin ser un atleta para ello.<\/p>\n<p>Descubre nuevas experiencias!!<\/p>\n","protected":false},"excerpt":{"rendered":"<p>FETISH FANTASY SPINING FANTASY SWING BLACK<\/p>\n","protected":false},"featured_media":51684,"template":"","meta":[],"pwb-brand":[485,476],"product_brand":[],"product_cat":[411,952,283,282,274],"product_tag":[],"class_list":{"0":"post-10151","1":"product","2":"type-product","3":"status-publish","4":"has-post-thumbnail","6":"pwb-brand-pipedreams-fetish-fantasy-series","7":"pwb-brand-pipedreams","8":"product_cat-juguetes-sexuales-xxxfetish-bondagearticulos-sexo-duro","9":"product_cat-bondage","10":"product_cat-juguetes-sexuales-xxxcolumpios-muebles","11":"product_cat-juguetes-sexuales-xxxfetish-bondage","12":"product_cat-juguetes-sexuales-xxx","13":"post_count_is_0","14":"boutique_post_style_4","16":"first","17":"instock","18":"taxable","19":"shipping-taxable","20":"purchasable","21":"product-type-simple","22":"boutique_image_style_2"},"brands":[{"id":485,"name":"FETISH FANTASY SERIES","slug":"pipedreams-fetish-fantasy-series"},{"id":476,"name":"PIPEDREAMS","slug":"pipedreams"}],"_links":{"self":[{"href":"https:\/\/www.pussycatmerida.com\/eshop\/wp-json\/wp\/v2\/product\/10151","targetHints":{"allow":["GET"]}}],"collection":[{"href":"https:\/\/www.pussycatmerida.com\/eshop\/wp-json\/wp\/v2\/product"}],"about":[{"href":"https:\/\/www.pussycatmerida.com\/eshop\/wp-json\/wp\/v2\/types\/product"}],"wp:featuredmedia":[{"embeddable":true,"href":"https:\/\/www.pussycatmerida.com\/eshop\/wp-json\/wp\/v2\/media\/51684"}],"wp:attachment":[{"href":"https:\/\/www.pussycatmerida.com\/eshop\/wp-json\/wp\/v2\/media?parent=10151"}],"wp:term":[{"taxonomy":"pwb-brand","embeddable":true,"href":"https:\/\/www.pussycatmerida.com\/eshop\/wp-json\/wp\/v2\/pwb-brand?post=10151"},{"taxonomy":"product_brand","embeddable":true,"href":"https:\/\/www.pussycatmerida.com\/eshop\/wp-json\/wp\/v2\/product_brand?post=10151"},{"taxonomy":"product_cat","embeddable":true,"href":"https:\/\/www.pussycatmerida.com\/eshop\/wp-json\/wp\/v2\/product_cat?post=10151"},{"taxonomy":"product_tag","embeddable":true,"href":"https:\/\/www.pussycatmerida.com\/eshop\/wp-json\/wp\/v2\/product_tag?post=10151"}],"curies":[{"name":"wp","href":"https:\/\/api.w.org\/{rel}","templated":true}]}}