{"id":10152,"date":"2021-02-24T14:31:13","date_gmt":"2021-02-24T12:31:13","guid":{"rendered":"https:\/\/www.pussycatmerida.com\/eshop\/product\/columpio-maximo-confort-blanco\/"},"modified":"2026-03-11T12:39:38","modified_gmt":"2026-03-11T11:39:38","slug":"columpio-maximo-confort-blanco","status":"publish","type":"product","link":"https:\/\/www.pussycatmerida.com\/eshop\/producto\/columpio-maximo-confort-blanco\/","title":{"rendered":"COLUMPIO M\u00c1XIMO CONFORT BLANCO"},"content":{"rendered":"<p>Increible columpio completamente ajustable, extra ancho, con soporte para pies, tobillos y las mu\u00f1ecas para el m\u00e1ximo confort.<\/p>\n<p>Increible arn\u00e9s Fantasy Bondage Swing White que apoya la espalda o el pecho sujetando las piernas y manos desde los tobillos y mu\u00f1ecas, tiene la posibilidad de adquirir numerosas posiciones con facilidad y comodidad, pudiendo probar posturas imposibles.<\/p>\n<p>El Fantasy Bondage Swing White se puede instalar en lugares como un marco de madera o puerta o una viga en el techo.<\/p>\n<p>Es de f\u00e1cil instalaci\u00f3n sobre todo en el marco de una puerta, incluye instrucciones de colocaci\u00f3n y uso.<\/p>\n<p>Dif\u00edciles posiciones sexuales ya no son exclusivos para atleticos y sexualmente dotados, cualquier pareja puede llevar a cabo posiciones m\u00e1s estimulantes dejando volar la imaginaron.<\/p>\n<p>Disfrutar del sexo sin peso en posiciones ilimitadas y explorar sus fantas\u00edas m\u00e1s profundas con este incre\u00edble Fetish Fantasy Series Bondage Swing Perfecto para los amantes mas atrevidos , el Swing de Bondage Fantasy ajusta f\u00e1cilmente a cualquier altura o \u00e1ngulo, ahorr\u00e1ndole de contorsionar su cuerpo en posiciones inc\u00f3modas que interfieren con la excitaci\u00f3n Es de talla \u00fanica.<\/p>\n<ul>\n<li>Soporta hasta 160 kilos.<\/li>\n<\/ul>\n<p>Lo podr\u00e1s instalar en el marco de la puerta o en el techo de una forma muy sencilla.<\/p>\n<p>Inventado desde las \u00e9pocas antiguas para mejorar la relaci\u00f3n sexual, ahora en su versi\u00f3n moderna.<\/p>\n<ul>\n<li>Viene casi por completo pre-ensamblado, los procedimientos de instalaci\u00f3n son muy sencillos.<\/li>\n<li>Completamente ajustable, todas las correas pueden ajustarse a cualquier tama\u00f1o.<\/li>\n<li>Fabricado con materiales modernos, muy c\u00f3modo para disfrutarlo al m\u00e1ximo.<\/li>\n<li>Las correas son de nylon de alta resistencia, dise\u00f1ado como uno solo, el columpio es muy duradero.<\/li>\n<li>F\u00e1cil de quitar.<\/li>\n<li>Para una o dos personas, lo puedes disfrutar solo o en pareja.<\/li>\n<li>Ya no tienes excusa para practicar estas posiciones dif\u00edciles que no has logrado todav\u00eda, sin ser un atleta para ello.<\/li>\n<\/ul>\n<p>Descubre nuevas experiencias!!<\/p>\n","protected":false},"excerpt":{"rendered":"<p>FETISH FANTASY FANTASY BONDAGE SWING<\/p>\n","protected":false},"featured_media":33554,"template":"","meta":[],"pwb-brand":[485,476],"product_brand":[],"product_cat":[952,283,282,274],"product_tag":[],"class_list":{"0":"post-10152","1":"product","2":"type-product","3":"status-publish","4":"has-post-thumbnail","6":"pwb-brand-pipedreams-fetish-fantasy-series","7":"pwb-brand-pipedreams","8":"product_cat-bondage","9":"product_cat-juguetes-sexuales-xxxcolumpios-muebles","10":"product_cat-juguetes-sexuales-xxxfetish-bondage","11":"product_cat-juguetes-sexuales-xxx","12":"post_count_is_0","13":"boutique_post_style_4","15":"first","16":"instock","17":"taxable","18":"shipping-taxable","19":"purchasable","20":"product-type-simple","21":"boutique_image_style_2"},"brands":[{"id":485,"name":"FETISH FANTASY SERIES","slug":"pipedreams-fetish-fantasy-series"},{"id":476,"name":"PIPEDREAMS","slug":"pipedreams"}],"_links":{"self":[{"href":"https:\/\/www.pussycatmerida.com\/eshop\/wp-json\/wp\/v2\/product\/10152","targetHints":{"allow":["GET"]}}],"collection":[{"href":"https:\/\/www.pussycatmerida.com\/eshop\/wp-json\/wp\/v2\/product"}],"about":[{"href":"https:\/\/www.pussycatmerida.com\/eshop\/wp-json\/wp\/v2\/types\/product"}],"wp:featuredmedia":[{"embeddable":true,"href":"https:\/\/www.pussycatmerida.com\/eshop\/wp-json\/wp\/v2\/media\/33554"}],"wp:attachment":[{"href":"https:\/\/www.pussycatmerida.com\/eshop\/wp-json\/wp\/v2\/media?parent=10152"}],"wp:term":[{"taxonomy":"pwb-brand","embeddable":true,"href":"https:\/\/www.pussycatmerida.com\/eshop\/wp-json\/wp\/v2\/pwb-brand?post=10152"},{"taxonomy":"product_brand","embeddable":true,"href":"https:\/\/www.pussycatmerida.com\/eshop\/wp-json\/wp\/v2\/product_brand?post=10152"},{"taxonomy":"product_cat","embeddable":true,"href":"https:\/\/www.pussycatmerida.com\/eshop\/wp-json\/wp\/v2\/product_cat?post=10152"},{"taxonomy":"product_tag","embeddable":true,"href":"https:\/\/www.pussycatmerida.com\/eshop\/wp-json\/wp\/v2\/product_tag?post=10152"}],"curies":[{"name":"wp","href":"https:\/\/api.w.org\/{rel}","templated":true}]}}