{"id":10165,"date":"2021-02-26T15:42:42","date_gmt":"2021-02-26T13:42:42","guid":{"rendered":"https:\/\/www.pussycatmerida.com\/eshop\/product\/funda-para-el-pene-de-silicona-con-vibrador\/"},"modified":"2026-03-11T12:27:35","modified_gmt":"2026-03-11T11:27:35","slug":"funda-para-el-pene-de-silicona-con-vibrador","status":"publish","type":"product","link":"https:\/\/www.pussycatmerida.com\/eshop\/producto\/funda-para-el-pene-de-silicona-con-vibrador\/","title":{"rendered":"FUNDA PARA EL PENE DE SILICONA CON VIBRADOR"},"content":{"rendered":"<p><span style=\"font-size: 12.7272720336914px; line-height: 16.6399993896484px;\">Convierte a tu pene en una m\u00e1quina de placer con las increibles Fantasy X-tensions.<\/span><\/p>\n<p>Acabado con excitantes n\u00f3dulos que proporcionan una er\u00f3tica estimulaci\u00f3n, as\u00ed como un incremento en tu pene en longitud, qu\u00e9 m\u00e1s podr\u00eda pedir tu pareja? Disfruta de un EXTRA en vuestras relaciones sexuales! Fabricados con la silicona premium Elite, la funda envolver\u00e1 el pene y los test\u00edculos, proporcionando una mejor erecci\u00f3n y un est\u00edmulo a\u00f1adido los dos.<\/p>\n<p>Los anillos son el\u00e1sticos y encajan c\u00f3modamente alrededor de la base del pene, retrasando la eyaculaci\u00f3n, mientras que la funda excita los sentidos y proporciona un alucinante cl\u00edmax para los dos.<\/p>\n<p>La limpieza es una obligaci\u00f3n, despu\u00e9s de la diversi\u00f3n con el limpiador de juguetes Pipedream y agua tibia.<\/p>\n<p>En la parte superior de la manga texturizada se encuentra un estimulador de cl\u00edtoris alimentado por una micro bala vibradora.<\/p>\n<p>Elije entre tres velocidades de gran alcance y dale a tu pareja un zumbido que nunca olvidar\u00e1n!<\/p>\n<ul>\n<li>Longuitud: 12 cm<\/li>\n<li>Di\u00e1metro interior: 3,8 c<\/li>\n<\/ul>\n<p style=\"font-size: 12.8000001907349px; line-height: 16.6399993896484px;\">La\u00a0limpieza es una obligaci\u00f3n, despu\u00e9s de la diversi\u00f3n con el limpiador de juguetes Pipedream y agua tibia.<\/p>\n<p style=\"font-size: 12.8000001907349px; line-height: 16.6399993896484px;\">Xtensions ser\u00e1 tu acompa\u00f1ante perfecto!!<\/p>\n<p style=\"font-size: 12.8000001907349px; line-height: 16.6399993896484px;\">\u00a0<\/p>\n","protected":false},"excerpt":{"rendered":"<p>EXTREME SILICONE POWER CAGE<\/p>\n","protected":false},"featured_media":53949,"template":"","meta":[],"pwb-brand":[845,476],"product_brand":[],"product_cat":[276,279,946,274,306],"product_tag":[],"class_list":{"0":"post-10165","1":"product","2":"type-product","3":"status-publish","4":"has-post-thumbnail","6":"pwb-brand-pipedreams-fantasy-x-tensions","7":"pwb-brand-pipedreams","8":"product_cat-juguetes-sexuales-xxxaccesorios-para-el-pene","9":"product_cat-juguetes-sexuales-xxxextensiones-para-el-pene","10":"product_cat-fundas-para-el-pene","11":"product_cat-juguetes-sexuales-xxx","12":"product_cat-juguetes-sexuales-xxxpara-el","13":"post_count_is_0","14":"boutique_post_style_4","16":"first","17":"instock","18":"taxable","19":"shipping-taxable","20":"purchasable","21":"product-type-simple","22":"boutique_image_style_2"},"brands":[{"id":845,"name":"FANTASY X-TENSIONS","slug":"pipedreams-fantasy-x-tensions"},{"id":476,"name":"PIPEDREAMS","slug":"pipedreams"}],"_links":{"self":[{"href":"https:\/\/www.pussycatmerida.com\/eshop\/wp-json\/wp\/v2\/product\/10165","targetHints":{"allow":["GET"]}}],"collection":[{"href":"https:\/\/www.pussycatmerida.com\/eshop\/wp-json\/wp\/v2\/product"}],"about":[{"href":"https:\/\/www.pussycatmerida.com\/eshop\/wp-json\/wp\/v2\/types\/product"}],"wp:featuredmedia":[{"embeddable":true,"href":"https:\/\/www.pussycatmerida.com\/eshop\/wp-json\/wp\/v2\/media\/53949"}],"wp:attachment":[{"href":"https:\/\/www.pussycatmerida.com\/eshop\/wp-json\/wp\/v2\/media?parent=10165"}],"wp:term":[{"taxonomy":"pwb-brand","embeddable":true,"href":"https:\/\/www.pussycatmerida.com\/eshop\/wp-json\/wp\/v2\/pwb-brand?post=10165"},{"taxonomy":"product_brand","embeddable":true,"href":"https:\/\/www.pussycatmerida.com\/eshop\/wp-json\/wp\/v2\/product_brand?post=10165"},{"taxonomy":"product_cat","embeddable":true,"href":"https:\/\/www.pussycatmerida.com\/eshop\/wp-json\/wp\/v2\/product_cat?post=10165"},{"taxonomy":"product_tag","embeddable":true,"href":"https:\/\/www.pussycatmerida.com\/eshop\/wp-json\/wp\/v2\/product_tag?post=10165"}],"curies":[{"name":"wp","href":"https:\/\/api.w.org\/{rel}","templated":true}]}}