{"id":10452,"date":"2021-02-26T15:20:28","date_gmt":"2021-02-26T13:20:28","guid":{"rendered":"https:\/\/www.pussycatmerida.com\/eshop\/product\/fetish-fantasy-edicion-limitada-mascara-satinada-negra\/"},"modified":"2026-03-11T12:40:06","modified_gmt":"2026-03-11T11:40:06","slug":"fetish-fantasy-edicion-limitada-mascara-satinada-negra","status":"publish","type":"product","link":"https:\/\/www.pussycatmerida.com\/eshop\/producto\/fetish-fantasy-edicion-limitada-mascara-satinada-negra\/","title":{"rendered":"FETISH FANTASY EDICION LIMITADA MASCARA SATINADA NEGRA"},"content":{"rendered":"<p style=\"text-align: center;\"><embed allowfullscreen=\"true\" allowscriptaccess=\"always\" flashvars=\"controlbar=bottomnetstreambasepath=http%3A%2F%2Fwww.pipedreamproducts.com%2Ffile=http%3A%2F%2Fwww.pipedreamproducts.com%2Fpdtv_videos\/pdtvvideo_0000001750.m4vautostart=true\" height=\"300\" quality=\"high\" src=\"http:\/\/www.pipedreamproducts.com\/jwplayer\/player.swf\" width=\"700\"><\/embed><\/p>\n<p>Crea una emocionante excitaci\u00f3n sexual con esta m\u00e1scara del amor afelpada de Fetish Fantasy Series.<\/p>\n<p>Pru\u00e9bala en tu amante o util\u00edzala como una mascara de noche para ti. Cuando se la pongas a tu pareja, cubrir\u00e1 con suavidad sus ojos, manteniendo a tu amante en un estado de oscuridad placentera que aumentar\u00e1 su deseo sexual.<\/p>\n<p>Esta mascarilla de alta calidad permanece en su lugar con una cinta el\u00e1stica. Intensificar\u00e1 sus sentidos y te conducir\u00e1 a sesiones extraordinarias de amor para ti y tu pareja.<\/p>\n<p style=\"font-size: 12.7272720336914px; line-height: 18.9090900421143px;\">Atrevete a sentir nuevas experiencias!!<\/p>\n<p style=\"font-size: 12.8000001907349px; line-height: 16.6399993896484px;\">Edici\u00f3n Especial Limitada 50 Sombras, colecci\u00f3n de juguetes del famoso libro del que tod<span style=\"font-size: 12.8000001907349px; line-height: 16.6399993896484px;\">o el mundo habla y que se lanzar\u00e1 la pelicula en febrero de 2015 en todos los Cines<\/span><\/p>\n<p style=\"font-size: 12.8000001907349px; line-height: 16.6399993896484px;\">\u00a0<\/p>\n","protected":false},"excerpt":{"rendered":"<p>FETISH FANTASY SATIN BLINDFOLD<\/p>\n","protected":false},"featured_media":51554,"template":"","meta":[],"pwb-brand":[495,476],"product_brand":[],"product_cat":[409,282,274,389],"product_tag":[],"class_list":{"0":"post-10452","1":"product","2":"type-product","3":"status-publish","4":"has-post-thumbnail","6":"pwb-brand-pipedreams-fetish-fantasy-ed-limitada","7":"pwb-brand-pipedreams","8":"product_cat-juguetes-sexuales-xxxfetish-bondageantifaces-mascaras","9":"product_cat-juguetes-sexuales-xxxfetish-bondage","10":"product_cat-juguetes-sexuales-xxx","11":"product_cat-juguetes-sexuales-xxxmascaras-y-esposas","12":"post_count_is_0","13":"boutique_post_style_4","15":"first","16":"instock","17":"taxable","18":"shipping-taxable","19":"purchasable","20":"product-type-simple","21":"boutique_image_style_2"},"brands":[{"id":495,"name":"FETISH FANTASY ED.LIMITADA","slug":"pipedreams-fetish-fantasy-ed-limitada"},{"id":476,"name":"PIPEDREAMS","slug":"pipedreams"}],"_links":{"self":[{"href":"https:\/\/www.pussycatmerida.com\/eshop\/wp-json\/wp\/v2\/product\/10452","targetHints":{"allow":["GET"]}}],"collection":[{"href":"https:\/\/www.pussycatmerida.com\/eshop\/wp-json\/wp\/v2\/product"}],"about":[{"href":"https:\/\/www.pussycatmerida.com\/eshop\/wp-json\/wp\/v2\/types\/product"}],"wp:featuredmedia":[{"embeddable":true,"href":"https:\/\/www.pussycatmerida.com\/eshop\/wp-json\/wp\/v2\/media\/51554"}],"wp:attachment":[{"href":"https:\/\/www.pussycatmerida.com\/eshop\/wp-json\/wp\/v2\/media?parent=10452"}],"wp:term":[{"taxonomy":"pwb-brand","embeddable":true,"href":"https:\/\/www.pussycatmerida.com\/eshop\/wp-json\/wp\/v2\/pwb-brand?post=10452"},{"taxonomy":"product_brand","embeddable":true,"href":"https:\/\/www.pussycatmerida.com\/eshop\/wp-json\/wp\/v2\/product_brand?post=10452"},{"taxonomy":"product_cat","embeddable":true,"href":"https:\/\/www.pussycatmerida.com\/eshop\/wp-json\/wp\/v2\/product_cat?post=10452"},{"taxonomy":"product_tag","embeddable":true,"href":"https:\/\/www.pussycatmerida.com\/eshop\/wp-json\/wp\/v2\/product_tag?post=10452"}],"curies":[{"name":"wp","href":"https:\/\/api.w.org\/{rel}","templated":true}]}}