{"id":10752,"date":"2021-02-26T10:38:32","date_gmt":"2021-02-26T08:38:32","guid":{"rendered":"https:\/\/www.pussycatmerida.com\/eshop\/product\/lelo-mona-wave-%c2%99-vibrador-deep-rose\/"},"modified":"2026-03-11T12:28:03","modified_gmt":"2026-03-11T11:28:03","slug":"lelo-mona-wave-%c2%99-vibrador-deep-rose","status":"publish","type":"product","link":"https:\/\/www.pussycatmerida.com\/eshop\/producto\/lelo-mona-wave-%c2%99-vibrador-deep-rose\/","title":{"rendered":"LELO MONA WAVE \u0099 VIBRADOR DEEP ROSE"},"content":{"rendered":"<p>Entr\u00e9gate a oleadas de intensas sensaciones con el primer estimulador del Punto G que emula los mejores masajes.<\/p>\n<p>La forma voluptuosa y el revolucionario movimiento \u201cven aqu\u00ed\u201d, har\u00e1n que MONA WAVE\u2122 no s\u00f3lo te lleve a los l\u00edmites del placer, sino que te revele un mundo insospechado de sensaciones.<\/p>\n<p>Todo en un elegante dise\u00f1o 100% silicona, recargable y sumergible para que puedas disfrutar sus 10 modos de vibraci\u00f3n all\u00e1 donde desees.<\/p>\n<ul>\n<li><span style=\"position:relative;left:-5px\">Dise\u00f1ado espec\u00edficamente para el Punto G<\/span><\/li>\n<li><span style=\"position:relative;left:-5px\">Se balancea como los dedos de los amantes ilustrados<\/span><\/li>\n<li><span style=\"position:relative;left:-5px\">10 modos de vibraci\u00f3n con velocidades ajustables<\/span><\/li>\n<li><span style=\"position:relative;left:-5px\">100% sumergible y recargable (2 horas de uso continuo)<\/span><\/li>\n<li><span style=\"position:relative;left:-5px\">Dise\u00f1o 100% silicona ultra-suave y biocompatible<\/span><\/li>\n<li><span style=\"position:relative;left:-5px\">Longitud insertable: 11 cm<\/span><\/li>\n<\/ul>\n<p><span style=\"font-size: 12.7272720336914px; line-height: 18.9090900421143px;\">Asimismo, MONA WAVE\u2122 \u00a0 se presenta en una elegante caja de regalo que contiene una lujosa bolsita de sat\u00e9n para guardarlo, adem\u00e1s de un cargador, el manual de usuario y la garant\u00eda completa LELO de 1 a\u00f1o y garantia de calidad de 10 A\u00f1os.<\/span><\/p>\n<p style=\"text-align: center;\"><iframe loading=\"lazy\" allowfullscreen=\"\" frameborder=\"0\" height=\"300\" scrolling=\"no\" src=\"\/\/www.youtube.com\/embed\/3U9nTB6udWo?rel=0controls=0showinfo=0\" width=\"700\"><\/iframe><\/p>\n","protected":false},"excerpt":{"rendered":"<p>LELO MONA WAVE \u0099 DEEP ROSE<\/p>\n","protected":false},"featured_media":38472,"template":"","meta":[],"pwb-brand":[40],"product_brand":[],"product_cat":[288,274,294,943,307,299,298,904],"product_tag":[],"class_list":{"0":"post-10752","1":"product","2":"type-product","3":"status-publish","4":"has-post-thumbnail","6":"pwb-brand-lelo","7":"product_cat-juguetes-sexuales-xxxestimuladores","8":"product_cat-juguetes-sexuales-xxx","9":"product_cat-juguetes-sexuales-xxxmasturbadores-para-ellas","10":"product_cat-oscilantes","11":"product_cat-juguetes-sexuales-xxxpunto-g","12":"product_cat-juguetes-sexuales-xxxvibradores","13":"product_cat-juguetes-sexuales-xxxvibradores-hi-tech","14":"product_cat-vibradores-clasicos","15":"post_count_is_0","16":"boutique_post_style_4","18":"first","19":"instock","20":"taxable","21":"shipping-taxable","22":"purchasable","23":"product-type-simple","24":"boutique_image_style_2"},"brands":[{"id":40,"name":"LELO","slug":"lelo"}],"_links":{"self":[{"href":"https:\/\/www.pussycatmerida.com\/eshop\/wp-json\/wp\/v2\/product\/10752","targetHints":{"allow":["GET"]}}],"collection":[{"href":"https:\/\/www.pussycatmerida.com\/eshop\/wp-json\/wp\/v2\/product"}],"about":[{"href":"https:\/\/www.pussycatmerida.com\/eshop\/wp-json\/wp\/v2\/types\/product"}],"wp:featuredmedia":[{"embeddable":true,"href":"https:\/\/www.pussycatmerida.com\/eshop\/wp-json\/wp\/v2\/media\/38472"}],"wp:attachment":[{"href":"https:\/\/www.pussycatmerida.com\/eshop\/wp-json\/wp\/v2\/media?parent=10752"}],"wp:term":[{"taxonomy":"pwb-brand","embeddable":true,"href":"https:\/\/www.pussycatmerida.com\/eshop\/wp-json\/wp\/v2\/pwb-brand?post=10752"},{"taxonomy":"product_brand","embeddable":true,"href":"https:\/\/www.pussycatmerida.com\/eshop\/wp-json\/wp\/v2\/product_brand?post=10752"},{"taxonomy":"product_cat","embeddable":true,"href":"https:\/\/www.pussycatmerida.com\/eshop\/wp-json\/wp\/v2\/product_cat?post=10752"},{"taxonomy":"product_tag","embeddable":true,"href":"https:\/\/www.pussycatmerida.com\/eshop\/wp-json\/wp\/v2\/product_tag?post=10752"}],"curies":[{"name":"wp","href":"https:\/\/api.w.org\/{rel}","templated":true}]}}