{"id":10794,"date":"2021-02-24T14:30:03","date_gmt":"2021-02-24T12:30:03","guid":{"rendered":"https:\/\/www.pussycatmerida.com\/eshop\/product\/fetish-fantasy-arnes-vibrador-para-el\/"},"modified":"2026-03-11T12:26:59","modified_gmt":"2026-03-11T11:26:59","slug":"fetish-fantasy-arnes-vibrador-para-el","status":"publish","type":"product","link":"https:\/\/www.pussycatmerida.com\/eshop\/producto\/fetish-fantasy-arnes-vibrador-para-el\/","title":{"rendered":"FETISH FANTASY ARNES VIBRADOR PARA EL"},"content":{"rendered":"<p style=\"text-align: center;\"><embed allowfullscreen=\"true\" allowscriptaccess=\"always\" flashvars=\"controlbar=bottomnetstreambasepath=http%3A%2F%2Fwww.pipedreamproducts.com%2Ffile=http%3A%2F%2Fwww.pipedreamproducts.com%2Fvideos\/pd2189-00.m4vautostart=true\" height=\"300\" quality=\"high\" src=\"http:\/\/www.pipedreamproducts.com\/jwplayer\/player.swf\" width=\"700\"><\/embed><\/p>\n<p>A \u00e9l le gusta que le estimulen con un dedo o la lengua, y ahora quiere m\u00e1s. D\u00e9 a su pareja la satisfacci\u00f3n anal que \u00e9l desea con el VIBRATING STRAP-ON FOR HIM!<\/p>\n<p>Este pene delgado tiene el tama\u00f1o ideal para su primer encuentro anal.<\/p>\n<p>Es lo suficientemente peque\u00f1o para proporcionar grandes emociones.<\/p>\n<ul>\n<li>Medidas; 13\u00a0cm de longitud \u00a0x 2.5 cm de diametro.<\/li>\n<li>Incluye vibrador interno que te estimular\u00e1 a la vez que consigues estimularlo a \u00e9l.<\/li>\n<\/ul>\n<p>Adem\u00e1s, su curvatura permite alcanzar sus puntos m\u00e1s estimulantes.<\/p>\n<ul>\n<li>Incluye un antifaz.<\/li>\n<\/ul>\n","protected":false},"excerpt":{"rendered":"<p>FETISH FANTASY VIBRATING STRAP-ON FOR HIM<\/p>\n","protected":false},"featured_media":33331,"template":"","meta":[],"pwb-brand":[476],"product_brand":[],"product_cat":[278,274],"product_tag":[],"class_list":{"0":"post-10794","1":"product","2":"type-product","3":"status-publish","4":"has-post-thumbnail","6":"pwb-brand-pipedreams","7":"product_cat-juguetes-sexuales-xxxarneses","8":"product_cat-juguetes-sexuales-xxx","9":"post_count_is_0","10":"boutique_post_style_4","12":"first","13":"instock","14":"taxable","15":"shipping-taxable","16":"purchasable","17":"product-type-simple","18":"boutique_image_style_2"},"brands":[{"id":476,"name":"PIPEDREAMS","slug":"pipedreams"}],"_links":{"self":[{"href":"https:\/\/www.pussycatmerida.com\/eshop\/wp-json\/wp\/v2\/product\/10794","targetHints":{"allow":["GET"]}}],"collection":[{"href":"https:\/\/www.pussycatmerida.com\/eshop\/wp-json\/wp\/v2\/product"}],"about":[{"href":"https:\/\/www.pussycatmerida.com\/eshop\/wp-json\/wp\/v2\/types\/product"}],"wp:featuredmedia":[{"embeddable":true,"href":"https:\/\/www.pussycatmerida.com\/eshop\/wp-json\/wp\/v2\/media\/33331"}],"wp:attachment":[{"href":"https:\/\/www.pussycatmerida.com\/eshop\/wp-json\/wp\/v2\/media?parent=10794"}],"wp:term":[{"taxonomy":"pwb-brand","embeddable":true,"href":"https:\/\/www.pussycatmerida.com\/eshop\/wp-json\/wp\/v2\/pwb-brand?post=10794"},{"taxonomy":"product_brand","embeddable":true,"href":"https:\/\/www.pussycatmerida.com\/eshop\/wp-json\/wp\/v2\/product_brand?post=10794"},{"taxonomy":"product_cat","embeddable":true,"href":"https:\/\/www.pussycatmerida.com\/eshop\/wp-json\/wp\/v2\/product_cat?post=10794"},{"taxonomy":"product_tag","embeddable":true,"href":"https:\/\/www.pussycatmerida.com\/eshop\/wp-json\/wp\/v2\/product_tag?post=10794"}],"curies":[{"name":"wp","href":"https:\/\/api.w.org\/{rel}","templated":true}]}}