{"id":10883,"date":"2021-02-26T10:53:57","date_gmt":"2021-02-26T08:53:57","guid":{"rendered":"https:\/\/www.pussycatmerida.com\/eshop\/product\/fetish-fantasy-pinzas-de-pezones-con-vibrador\/"},"modified":"2026-03-11T12:38:31","modified_gmt":"2026-03-11T11:38:31","slug":"fetish-fantasy-pinzas-de-pezones-con-vibrador","status":"publish","type":"product","link":"https:\/\/www.pussycatmerida.com\/eshop\/producto\/fetish-fantasy-pinzas-de-pezones-con-vibrador\/","title":{"rendered":"FETISH FANTASY PINZAS DE PEZONES CON VIBRADOR"},"content":{"rendered":"<p>Haz que tus pezones se animen con el placer que te transmitir\u00e1n estas pinzas para los pezones con vibraci\u00f3n. Con 10 patrones de vibraci\u00f3n, podr\u00e1s elegir el que sea \u00f3ptimo para ti, a que nunca hab\u00eda sido tan divertido jugar con tus pezones?<\/p>\n<p>Elige la tensi\u00f3n que quieres para ellos con el tornillo regulador, escoge la funci\u00f3n que m\u00e1s te guste y deja que las seductoras vibraciones te provoquen y te exciten!<\/p>\n<p>Pru\u00e9balas con la mascara que incluye de regalo, para aumentar la sensibilidad de tus sentidos.<\/p>\n<p>Descubre nuevas experiencias!!<\/p>\n<p>\u00a0<\/p>\n","protected":false},"excerpt":{"rendered":"<p>FETISH FANTASY VIBRATING NIPPLE CLAMPS.<\/p>\n","protected":false},"featured_media":40730,"template":"","meta":[],"pwb-brand":[485,476],"product_brand":[],"product_cat":[274,941],"product_tag":[],"class_list":{"0":"post-10883","1":"product","2":"type-product","3":"status-publish","4":"has-post-thumbnail","6":"pwb-brand-pipedreams-fetish-fantasy-series","7":"pwb-brand-pipedreams","8":"product_cat-juguetes-sexuales-xxx","9":"product_cat-pinzas-para-pezones","10":"post_count_is_0","11":"boutique_post_style_4","13":"first","14":"instock","15":"taxable","16":"shipping-taxable","17":"purchasable","18":"product-type-simple","19":"boutique_image_style_2"},"brands":[{"id":485,"name":"FETISH FANTASY SERIES","slug":"pipedreams-fetish-fantasy-series"},{"id":476,"name":"PIPEDREAMS","slug":"pipedreams"}],"_links":{"self":[{"href":"https:\/\/www.pussycatmerida.com\/eshop\/wp-json\/wp\/v2\/product\/10883","targetHints":{"allow":["GET"]}}],"collection":[{"href":"https:\/\/www.pussycatmerida.com\/eshop\/wp-json\/wp\/v2\/product"}],"about":[{"href":"https:\/\/www.pussycatmerida.com\/eshop\/wp-json\/wp\/v2\/types\/product"}],"wp:featuredmedia":[{"embeddable":true,"href":"https:\/\/www.pussycatmerida.com\/eshop\/wp-json\/wp\/v2\/media\/40730"}],"wp:attachment":[{"href":"https:\/\/www.pussycatmerida.com\/eshop\/wp-json\/wp\/v2\/media?parent=10883"}],"wp:term":[{"taxonomy":"pwb-brand","embeddable":true,"href":"https:\/\/www.pussycatmerida.com\/eshop\/wp-json\/wp\/v2\/pwb-brand?post=10883"},{"taxonomy":"product_brand","embeddable":true,"href":"https:\/\/www.pussycatmerida.com\/eshop\/wp-json\/wp\/v2\/product_brand?post=10883"},{"taxonomy":"product_cat","embeddable":true,"href":"https:\/\/www.pussycatmerida.com\/eshop\/wp-json\/wp\/v2\/product_cat?post=10883"},{"taxonomy":"product_tag","embeddable":true,"href":"https:\/\/www.pussycatmerida.com\/eshop\/wp-json\/wp\/v2\/product_tag?post=10883"}],"curies":[{"name":"wp","href":"https:\/\/api.w.org\/{rel}","templated":true}]}}