{"id":11095,"date":"2021-02-26T14:24:17","date_gmt":"2021-02-26T13:24:17","guid":{"rendered":"https:\/\/www.pussycatmerida.com\/eshop\/product\/shunga-mini-caress-by-candelight-vela-masaje-chocolate-170ml\/"},"modified":"2026-03-11T12:38:43","modified_gmt":"2026-03-11T11:38:43","slug":"shunga-mini-caress-by-candelight-vela-masaje-chocolate-170ml","status":"publish","type":"product","link":"https:\/\/www.pussycatmerida.com\/eshop\/producto\/shunga-mini-caress-by-candelight-vela-masaje-chocolate-170ml\/","title":{"rendered":"SHUNGA MINI CARESS BY CANDELIGHT VELA MASAJE CHOCOLATE 170ML"},"content":{"rendered":"<p style=\"line-height: 16.6399993896484px;\">Combina la suavidad de un dulce masaje con un ambiente \u00edntimo y sensual.<\/p>\n<p style=\"line-height: 16.6399993896484px;\">Esta vela de masaje Shunga te encender\u00e1 tus sentidos con los aromas sensuales y te deleitar\u00e1 adem\u00e1s con un c\u00e1lido aceite para masajear a tu pareja.<\/p>\n<p>Enciende la mecha de la candela y deja que arda durante veinte minutos, luego vierte la cera caliente y viertela encima de la piel&#8230;<\/p>\n<ul style=\"line-height: 16.6399993896484px;\">\n<li>Aroma a Chocolate Embriagador<\/li>\n<li>Contenido 170\u00a0ml.<\/li>\n<\/ul>\n<p style=\"line-height: 16.6399993896484px;\">Cosmetica y aromaterapia al placer de tus sentidos!<\/p>\n<p style=\"line-height: 16.6399993896484px;\">Shunga es L\u00edder mundia en cosmetica Erotica, sus ingredientes naturales fusionado con principios activos logran un gran resultado<\/p>\n<p style=\"line-height: 16.6399993896484px;\">Entrar en el mundo er\u00f3tico de Shunga es viajar al pasado. Traducido literalmente, Shunga significa \u2018imagen de primavera, una manera delicada de decir \u2018relaciones sexuales entre personas.<\/p>\n<p>Esta palabra se usaba para designar las pinturas er\u00f3ticas japonesas del siglo XVI, XVII y XVIII, un tipo llamado ukiyo-e, que no eran otra cosa que obras sobre madera o pergamino con escenas sensuales y episodios de amor carnal, siempre elaborados con mucho cuidado y buen gusto.<\/p>\n<p>El arte Shunga, aunque oculto durante siglos, marc\u00f3 el principio de la industria pornogr\u00e1fica para la clase media nipona y sirvi\u00f3 durante generaciones como ense\u00f1anza para los hijos y las hijas de muchas familias.<\/p>\n<p style=\"line-height: 16.6399993896484px;\"><img decoding=\"async\" alt=\"\" src=\"https:\/\/store.dreamlove.es\/UserFiles\/image\/banderas.png\" style=\"width: 121px; height: 35px;\" \/><\/p>\n<p style=\"line-height: 16.64px; text-align: center;\"><iframe loading=\"lazy\" allowfullscreen=\"\" frameborder=\"0\" height=\"300\" scrolling=\"no\" src=\"https:\/\/www.youtube.com\/embed\/C-Hc3s9Ud8Q?rel=0controls=0showinfo=0\" width=\"800\"><\/iframe><\/p>\n","protected":false},"excerpt":{"rendered":"<p>MINI CARESS BY CANDLELIGHT MASSAGE CANDLE CHOCOLATE<\/p>\n","protected":false},"featured_media":46604,"template":"","meta":[],"pwb-brand":[42,768],"product_brand":[],"product_cat":[342,337,353,351,357,896],"product_tag":[],"class_list":{"0":"post-11095","1":"product","2":"type-product","3":"status-publish","4":"has-post-thumbnail","6":"pwb-brand-shunga","7":"pwb-brand-shungashunga-candles","8":"product_cat-aceites-y-lubricantesaceites-y-cremas-de-masaje","9":"product_cat-aceites-y-lubricantes","10":"product_cat-aceites-y-lubricantesaceites-y-cremas-de-masajeclima-erotico","11":"product_cat-aceites-y-lubricantesaceites-y-cremas-de-masajecon-efecto-calor","12":"product_cat-aceites-y-lubricantesinciensos-velas-masaje","13":"product_cat-velas-de-masaje","14":"post_count_is_0","15":"boutique_post_style_4","17":"first","18":"instock","19":"taxable","20":"shipping-taxable","21":"purchasable","22":"product-type-simple","23":"boutique_image_style_2"},"brands":[{"id":42,"name":"SHUNGA","slug":"shunga"},{"id":768,"name":"SHUNGA CANDLES","slug":"shungashunga-candles"}],"_links":{"self":[{"href":"https:\/\/www.pussycatmerida.com\/eshop\/wp-json\/wp\/v2\/product\/11095","targetHints":{"allow":["GET"]}}],"collection":[{"href":"https:\/\/www.pussycatmerida.com\/eshop\/wp-json\/wp\/v2\/product"}],"about":[{"href":"https:\/\/www.pussycatmerida.com\/eshop\/wp-json\/wp\/v2\/types\/product"}],"wp:featuredmedia":[{"embeddable":true,"href":"https:\/\/www.pussycatmerida.com\/eshop\/wp-json\/wp\/v2\/media\/46604"}],"wp:attachment":[{"href":"https:\/\/www.pussycatmerida.com\/eshop\/wp-json\/wp\/v2\/media?parent=11095"}],"wp:term":[{"taxonomy":"pwb-brand","embeddable":true,"href":"https:\/\/www.pussycatmerida.com\/eshop\/wp-json\/wp\/v2\/pwb-brand?post=11095"},{"taxonomy":"product_brand","embeddable":true,"href":"https:\/\/www.pussycatmerida.com\/eshop\/wp-json\/wp\/v2\/product_brand?post=11095"},{"taxonomy":"product_cat","embeddable":true,"href":"https:\/\/www.pussycatmerida.com\/eshop\/wp-json\/wp\/v2\/product_cat?post=11095"},{"taxonomy":"product_tag","embeddable":true,"href":"https:\/\/www.pussycatmerida.com\/eshop\/wp-json\/wp\/v2\/product_tag?post=11095"}],"curies":[{"name":"wp","href":"https:\/\/api.w.org\/{rel}","templated":true}]}}