{"id":11393,"date":"2021-02-24T15:10:06","date_gmt":"2021-02-24T13:10:06","guid":{"rendered":"https:\/\/www.pussycatmerida.com\/eshop\/product\/toy-joy-amazing-bondage-sex-toy-kit\/"},"modified":"2026-03-11T12:38:59","modified_gmt":"2026-03-11T11:38:59","slug":"toy-joy-amazing-bondage-sex-toy-kit","status":"publish","type":"product","link":"https:\/\/www.pussycatmerida.com\/eshop\/producto\/toy-joy-amazing-bondage-sex-toy-kit\/","title":{"rendered":"TOY JOY AMAZING BONDAGE SEX TOY KIT"},"content":{"rendered":"<p>Todo el mundo tiene una parte dominante y una parte subordinada.<\/p>\n<p>En cuanto a la pr\u00e1ctica sexual sobre todo una de estas partes prevalece.<\/p>\n<p>Este kit para principiantes BDSM ayudar\u00e1 a que la divisi\u00f3n de los roles sea m\u00e1s f\u00e1cil, m\u00e1s clara y m\u00e1s intensa.<\/p>\n<p>Formado por;<\/p>\n<ul>\n<li>1 m\u00e1scara,<\/li>\n<li>1 pinzas para los pezones,<\/li>\n<li>1\u00a0collar,<\/li>\n<li>1\u00a0l\u00e1tigo,<\/li>\n<li>1\u00a0cuerda de algod\u00f3n<\/li>\n<li>1 mordaza.<\/li>\n<\/ul>\n<p>Descubre nuevas experiencias!!<\/p>\n","protected":false},"excerpt":{"rendered":"<p>TOY JOY BDSM STARTER KIT<\/p>\n","protected":false},"featured_media":34879,"template":"","meta":[],"pwb-brand":[],"product_brand":[],"product_cat":[274,290],"product_tag":[],"class_list":{"0":"post-11393","1":"product","2":"type-product","3":"status-publish","4":"has-post-thumbnail","6":"product_cat-juguetes-sexuales-xxx","7":"product_cat-juguetes-sexuales-xxxkits-juguetes-sexuales","8":"post_count_is_0","9":"boutique_post_style_4","11":"first","12":"instock","13":"taxable","14":"shipping-taxable","15":"purchasable","16":"product-type-simple","17":"boutique_image_style_2"},"brands":[],"_links":{"self":[{"href":"https:\/\/www.pussycatmerida.com\/eshop\/wp-json\/wp\/v2\/product\/11393","targetHints":{"allow":["GET"]}}],"collection":[{"href":"https:\/\/www.pussycatmerida.com\/eshop\/wp-json\/wp\/v2\/product"}],"about":[{"href":"https:\/\/www.pussycatmerida.com\/eshop\/wp-json\/wp\/v2\/types\/product"}],"wp:featuredmedia":[{"embeddable":true,"href":"https:\/\/www.pussycatmerida.com\/eshop\/wp-json\/wp\/v2\/media\/34879"}],"wp:attachment":[{"href":"https:\/\/www.pussycatmerida.com\/eshop\/wp-json\/wp\/v2\/media?parent=11393"}],"wp:term":[{"taxonomy":"pwb-brand","embeddable":true,"href":"https:\/\/www.pussycatmerida.com\/eshop\/wp-json\/wp\/v2\/pwb-brand?post=11393"},{"taxonomy":"product_brand","embeddable":true,"href":"https:\/\/www.pussycatmerida.com\/eshop\/wp-json\/wp\/v2\/product_brand?post=11393"},{"taxonomy":"product_cat","embeddable":true,"href":"https:\/\/www.pussycatmerida.com\/eshop\/wp-json\/wp\/v2\/product_cat?post=11393"},{"taxonomy":"product_tag","embeddable":true,"href":"https:\/\/www.pussycatmerida.com\/eshop\/wp-json\/wp\/v2\/product_tag?post=11393"}],"curies":[{"name":"wp","href":"https:\/\/api.w.org\/{rel}","templated":true}]}}