{"id":11405,"date":"2021-02-26T15:29:57","date_gmt":"2021-02-26T13:29:57","guid":{"rendered":"https:\/\/www.pussycatmerida.com\/eshop\/product\/rocks-off-ro-zen-estimulador-prostatico-7v\/"},"modified":"2026-03-11T12:28:03","modified_gmt":"2026-03-11T11:28:03","slug":"rocks-off-ro-zen-estimulador-prostatico-7v","status":"publish","type":"product","link":"https:\/\/www.pussycatmerida.com\/eshop\/producto\/rocks-off-ro-zen-estimulador-prostatico-7v\/","title":{"rendered":"ROCKS-OFF RO-ZEN ESTIMULADOR PROSTATICO 7V"},"content":{"rendered":"<p><img loading=\"lazy\" decoding=\"async\" alt=\"http:\/\/www.rocks-off.com\/images\/quality-stamp.png\" height=\"92\" src=\"https:\/\/dreamlove.gesio.be\/UserFiles\/image\/rocks-off-logo(1).png\" style=\"line-height: 16.6399993896484px;\" width=\"94\" \/><\/p>\n<p>La vida deberia consistir en un perfecto equilibrio entre dar y recibir, y no hay mejor sitio que en el dormitorio par que esto suceda. Por qu\u00e9 no dejar que RO-ZEN aporte una doble armon\u00eda a tus momentos \u00edntimo, bien en solitario o bien en pareja.<\/p>\n<p>Deja que RO-ZEN te lleva \u00a0a lo mas alto!, el anillo doble de RO-ZEN se ajusta firmemente y proporciona una sujecci\u00f3n qeu te har\u00e1 experimentar una mayor y m\u00e1s dura erecci\u00f3n durante m\u00e1s tiempo, mientras que su fino y discreto mango propaga deliciosas vibraciones, al tiempo que tu alcanzas un estado er\u00f3tico de placer absoluto.<\/p>\n<ul>\n<li>Impulsado por la galardonada bala RO 80MM de 7 velocidades<\/li>\n<li>100% Resistente al agua \/ Apto para la ducha o Spa<\/li>\n<li>Dise\u00f1ado pensando tanto en el confort como en el placer.<\/li>\n<li>Fabricado en silicona flexible y suave de grado m\u00e9dico con una bala vibradora completamente extraible para facilitar su higiene.<\/li>\n<li>Medidas insertables del Plug; 6.5 cm \/ Medida total 4 cm<\/li>\n<\/ul>\n<p>Descubre tu placer mas alto!<\/p>\n<p style=\"text-align: center;\"><iframe loading=\"lazy\" allowfullscreen=\"\" frameborder=\"0\" height=\"300\" scrolling=\"no\" src=\"https:\/\/www.youtube.com\/embed\/9srfg0bIAEM?rel=0controls=0showinfo=0\" width=\"700\"><\/iframe><\/p>\n","protected":false},"excerpt":{"rendered":"<p>ROCKS-OFF RO-ZEN 7-SPEED<\/p>\n","protected":false},"featured_media":52656,"template":"","meta":[],"pwb-brand":[52],"product_brand":[],"product_cat":[276,280,387,274,306,300],"product_tag":[],"class_list":{"0":"post-11405","1":"product","2":"type-product","3":"status-publish","4":"has-post-thumbnail","6":"pwb-brand-rocks-off","7":"product_cat-juguetes-sexuales-xxxaccesorios-para-el-pene","8":"product_cat-juguetes-sexuales-xxxanal","9":"product_cat-juguetes-sexuales-xxxespecial-gays","10":"product_cat-juguetes-sexuales-xxx","11":"product_cat-juguetes-sexuales-xxxpara-el","12":"product_cat-juguetes-sexuales-xxxplugs-anales","13":"post_count_is_0","14":"boutique_post_style_4","16":"first","17":"instock","18":"taxable","19":"shipping-taxable","20":"purchasable","21":"product-type-simple","22":"boutique_image_style_2"},"brands":[{"id":52,"name":"ROCKS OFF","slug":"rocks-off"}],"_links":{"self":[{"href":"https:\/\/www.pussycatmerida.com\/eshop\/wp-json\/wp\/v2\/product\/11405","targetHints":{"allow":["GET"]}}],"collection":[{"href":"https:\/\/www.pussycatmerida.com\/eshop\/wp-json\/wp\/v2\/product"}],"about":[{"href":"https:\/\/www.pussycatmerida.com\/eshop\/wp-json\/wp\/v2\/types\/product"}],"wp:featuredmedia":[{"embeddable":true,"href":"https:\/\/www.pussycatmerida.com\/eshop\/wp-json\/wp\/v2\/media\/52656"}],"wp:attachment":[{"href":"https:\/\/www.pussycatmerida.com\/eshop\/wp-json\/wp\/v2\/media?parent=11405"}],"wp:term":[{"taxonomy":"pwb-brand","embeddable":true,"href":"https:\/\/www.pussycatmerida.com\/eshop\/wp-json\/wp\/v2\/pwb-brand?post=11405"},{"taxonomy":"product_brand","embeddable":true,"href":"https:\/\/www.pussycatmerida.com\/eshop\/wp-json\/wp\/v2\/product_brand?post=11405"},{"taxonomy":"product_cat","embeddable":true,"href":"https:\/\/www.pussycatmerida.com\/eshop\/wp-json\/wp\/v2\/product_cat?post=11405"},{"taxonomy":"product_tag","embeddable":true,"href":"https:\/\/www.pussycatmerida.com\/eshop\/wp-json\/wp\/v2\/product_tag?post=11405"}],"curies":[{"name":"wp","href":"https:\/\/api.w.org\/{rel}","templated":true}]}}