{"id":11406,"date":"2021-02-26T14:53:48","date_gmt":"2021-02-26T12:53:48","guid":{"rendered":"https:\/\/www.pussycatmerida.com\/eshop\/product\/rocks-off-o-boy-estimulador-prostatico-7v\/"},"modified":"2026-03-11T12:27:53","modified_gmt":"2026-03-11T11:27:53","slug":"rocks-off-o-boy-estimulador-prostatico-7v","status":"publish","type":"product","link":"https:\/\/www.pussycatmerida.com\/eshop\/producto\/rocks-off-o-boy-estimulador-prostatico-7v\/","title":{"rendered":"ROCKS-OFF O-BOY ESTIMULADOR PROSTATICO 7V"},"content":{"rendered":"<p style=\"line-height: 16.6399993896484px;\"><img loading=\"lazy\" decoding=\"async\" alt=\"http:\/\/www.rocks-off.com\/images\/quality-stamp.png\" height=\"92\" src=\"https:\/\/dreamlove.gesio.be\/UserFiles\/image\/rocks-off-logo(1).png\" style=\"line-height: 16.6399993896484px;\" width=\"94\" \/><\/p>\n<p style=\"line-height: 16.6399993896484px;\">Seguro que el nuevo chico malo de rocks-off se convertir\u00e1 en lo mas preciado de tu dormitorio. Tanto para principiantes como para expertos entusiastas del punto P, este O-BOY elegante, aerodin\u00e1mico y descarado se adapta con su original dise\u00f1o y sus inteligentes curvas de forma \u00f3ptima a tu punto P, mientras que sus 7 velocidades de atronadora vibraci\u00f3n se centran en tu perineo para lanzarte a una \u00f3rbita org\u00e1smica de lo m\u00e1s intensa.<\/p>\n<p style=\"line-height: 16.6399993896484px;\">El inteligente dise\u00f1o manos libres de O-BOY te da libertad para darte placer y explorarte a ti mismo o hacerlo con tu pareja, Disfrutalo! Oh Si! OH dios! Ohh Boy!!<\/p>\n<ul style=\"line-height: 16.6399993896484px;\">\n<li>Impulsado por la galardonada bala RO 80MM de 7 velocidades<\/li>\n<li>100% Resistente al agua \/ Apto para la ducha o Spa<\/li>\n<li>Dise\u00f1ado pensando tanto en el confort como en el placer.<\/li>\n<li>Fabricado en silicona flexible y suave de grado m\u00e9dico con una bala vibradora completamente extraible para facilitar su higiene.<\/li>\n<\/ul>\n<p style=\"line-height: 16.6399993896484px;\">Descubre tu placer mas alto!<\/p>\n<p style=\"text-align: center;\"><iframe loading=\"lazy\" allowfullscreen=\"\" frameborder=\"0\" height=\"300\" scrolling=\"no\" src=\"https:\/\/www.youtube.com\/embed\/H2ak3II1rrI?rel=0controls=0showinfo=0\" width=\"700\"><\/iframe><\/p>\n","protected":false},"excerpt":{"rendered":"<p>ROCKS-OFF O-BOY<\/p>\n","protected":false},"featured_media":49038,"template":"","meta":[],"pwb-brand":[52],"product_brand":[],"product_cat":[280,387,274,894],"product_tag":[],"class_list":{"0":"post-11406","1":"product","2":"type-product","3":"status-publish","4":"has-post-thumbnail","6":"pwb-brand-rocks-off","7":"product_cat-juguetes-sexuales-xxxanal","8":"product_cat-juguetes-sexuales-xxxespecial-gays","9":"product_cat-juguetes-sexuales-xxx","10":"product_cat-prostaticos","11":"post_count_is_0","12":"boutique_post_style_4","14":"first","15":"instock","16":"taxable","17":"shipping-taxable","18":"purchasable","19":"product-type-simple","20":"boutique_image_style_2"},"brands":[{"id":52,"name":"ROCKS OFF","slug":"rocks-off"}],"_links":{"self":[{"href":"https:\/\/www.pussycatmerida.com\/eshop\/wp-json\/wp\/v2\/product\/11406","targetHints":{"allow":["GET"]}}],"collection":[{"href":"https:\/\/www.pussycatmerida.com\/eshop\/wp-json\/wp\/v2\/product"}],"about":[{"href":"https:\/\/www.pussycatmerida.com\/eshop\/wp-json\/wp\/v2\/types\/product"}],"wp:featuredmedia":[{"embeddable":true,"href":"https:\/\/www.pussycatmerida.com\/eshop\/wp-json\/wp\/v2\/media\/49038"}],"wp:attachment":[{"href":"https:\/\/www.pussycatmerida.com\/eshop\/wp-json\/wp\/v2\/media?parent=11406"}],"wp:term":[{"taxonomy":"pwb-brand","embeddable":true,"href":"https:\/\/www.pussycatmerida.com\/eshop\/wp-json\/wp\/v2\/pwb-brand?post=11406"},{"taxonomy":"product_brand","embeddable":true,"href":"https:\/\/www.pussycatmerida.com\/eshop\/wp-json\/wp\/v2\/product_brand?post=11406"},{"taxonomy":"product_cat","embeddable":true,"href":"https:\/\/www.pussycatmerida.com\/eshop\/wp-json\/wp\/v2\/product_cat?post=11406"},{"taxonomy":"product_tag","embeddable":true,"href":"https:\/\/www.pussycatmerida.com\/eshop\/wp-json\/wp\/v2\/product_tag?post=11406"}],"curies":[{"name":"wp","href":"https:\/\/api.w.org\/{rel}","templated":true}]}}