{"id":11767,"date":"2021-02-24T14:30:01","date_gmt":"2021-02-24T12:30:01","guid":{"rendered":"https:\/\/www.pussycatmerida.com\/eshop\/product\/fetish-fantasy-set-de-arnes-vibrador-lila\/"},"modified":"2026-03-11T12:26:58","modified_gmt":"2026-03-11T11:26:58","slug":"fetish-fantasy-set-de-arnes-vibrador-lila","status":"publish","type":"product","link":"https:\/\/www.pussycatmerida.com\/eshop\/producto\/fetish-fantasy-set-de-arnes-vibrador-lila\/","title":{"rendered":"FETISH FANTASY SET DE ARNES VIBRADOR LILA"},"content":{"rendered":"<p>Da y recibe placer con este Set con arn\u00e9s vibrador! Dispone de un bolsillo delantero que esconder\u00e1 de una manera discreta una bala vibradora multi-velocidad sobre tus zonas m\u00e1s er\u00f3genas, os proveer\u00e1 placer a las dos.<\/p>\n<p>Tu amant\u00e9 amar\u00e1 la sensual sensaci\u00f3n del viril pene de gelatina, y tu amar\u00e1s las vibraciones secretas que te transmitir\u00e1 la bala. Las 4 cintas resistentes de nailon, se ajustan f\u00e1cilmente a casi todas las tallas, mientras que el arn\u00e9s con tacto de terciopelo permanecer\u00e1 en su lugar sin moverse durante los momentos de acci\u00f3n.<\/p>\n<ul>\n<li>El arn\u00e9s incluye 3 anillas (O-Rings) para mantener dildos de distintos tama\u00f1os.<\/li>\n<li>Libre de Phalatos<\/li>\n<li>Multivelocidad<\/li>\n<\/ul>\n<p>La bala vibradora funciona con 3 pilas LR44. Medidas: 16cm. x 3 cm.<\/p>\n<p>Incluye una m\u00e1scara de regalo y muestra de lubricante<\/p>\n","protected":false},"excerpt":{"rendered":"<p>FETISH FANTASY VIBRATING STRAP-ON SET PURPLE.<\/p>\n","protected":false},"featured_media":33327,"template":"","meta":[],"pwb-brand":[485,476],"product_brand":[],"product_cat":[909,278,274],"product_tag":[],"class_list":{"0":"post-11767","1":"product","2":"type-product","3":"status-publish","4":"has-post-thumbnail","6":"pwb-brand-pipedreams-fetish-fantasy-series","7":"pwb-brand-pipedreams","8":"product_cat-arnes-con-vibracion","9":"product_cat-juguetes-sexuales-xxxarneses","10":"product_cat-juguetes-sexuales-xxx","11":"post_count_is_0","12":"boutique_post_style_4","14":"first","15":"instock","16":"taxable","17":"shipping-taxable","18":"purchasable","19":"product-type-simple","20":"boutique_image_style_2"},"brands":[{"id":485,"name":"FETISH FANTASY SERIES","slug":"pipedreams-fetish-fantasy-series"},{"id":476,"name":"PIPEDREAMS","slug":"pipedreams"}],"_links":{"self":[{"href":"https:\/\/www.pussycatmerida.com\/eshop\/wp-json\/wp\/v2\/product\/11767","targetHints":{"allow":["GET"]}}],"collection":[{"href":"https:\/\/www.pussycatmerida.com\/eshop\/wp-json\/wp\/v2\/product"}],"about":[{"href":"https:\/\/www.pussycatmerida.com\/eshop\/wp-json\/wp\/v2\/types\/product"}],"wp:featuredmedia":[{"embeddable":true,"href":"https:\/\/www.pussycatmerida.com\/eshop\/wp-json\/wp\/v2\/media\/33327"}],"wp:attachment":[{"href":"https:\/\/www.pussycatmerida.com\/eshop\/wp-json\/wp\/v2\/media?parent=11767"}],"wp:term":[{"taxonomy":"pwb-brand","embeddable":true,"href":"https:\/\/www.pussycatmerida.com\/eshop\/wp-json\/wp\/v2\/pwb-brand?post=11767"},{"taxonomy":"product_brand","embeddable":true,"href":"https:\/\/www.pussycatmerida.com\/eshop\/wp-json\/wp\/v2\/product_brand?post=11767"},{"taxonomy":"product_cat","embeddable":true,"href":"https:\/\/www.pussycatmerida.com\/eshop\/wp-json\/wp\/v2\/product_cat?post=11767"},{"taxonomy":"product_tag","embeddable":true,"href":"https:\/\/www.pussycatmerida.com\/eshop\/wp-json\/wp\/v2\/product_tag?post=11767"}],"curies":[{"name":"wp","href":"https:\/\/api.w.org\/{rel}","templated":true}]}}