{"id":12028,"date":"2021-02-26T15:02:55","date_gmt":"2021-02-26T13:02:55","guid":{"rendered":"https:\/\/www.pussycatmerida.com\/eshop\/product\/control-adapta-finissimo-ultrafeel-10-uds\/"},"modified":"2026-03-11T12:40:37","modified_gmt":"2026-03-11T11:40:37","slug":"control-adapta-finissimo-ultrafeel-10-uds","status":"publish","type":"product","link":"https:\/\/www.pussycatmerida.com\/eshop\/producto\/control-adapta-finissimo-ultrafeel-10-uds\/","title":{"rendered":"CONTROL ADAPTA FINISSIMO ULTRAFEEL 10 UDS"},"content":{"rendered":"<p>La gama Sensitivity es la gama m\u00e1s fina de Control. Ideada para proporcionar una mayor sensibilidad durante la relaci\u00f3n. Su menor grosor permite aumentar la sensibilidad a la vez que se adapta perfectamente y con total comodidad.<\/p>\n<p>El m\u00e1s fino de la gama Control<\/p>\n<ul>\n<li>30% m\u00e1s fino que la gama standard &#8211;<\/li>\n<li>Forma Close feel &#8211;<\/li>\n<li>Sensibilidad m\u00e1xima gracias a su m\u00ednimo grosor. &#8211;<\/li>\n<li>Ultrafino, liso, paredes paralelas, transparente, lubricando y con dep\u00f3sito.<\/li>\n<\/ul>\n<p>Control ADAPTA est\u00e1 realizado con la tecnolog\u00eda m\u00e1s avanzada, la utilizaci\u00f3n de l\u00e1tex de caucho natural de m\u00e1xima calidad permite obtener un preservativo fino y liso de lados no paralelos, transparente lubricado y con dep\u00f3sito.<\/p>\n<p>Medidas; Ancho 52 mm.<\/p>\n<p>Control ADAPTA est\u00e1 indicado para una relaci\u00f3n natural y satisfactoria. Producto de un solo uso. La seguridad de control ADAPTA est\u00e1 garantizada por un proceso de fabricaci\u00f3n sometido a rigurosos controles de calidad, finalizando con el control electr\u00f3nico unitario, por todo ello los preservativos CONTROL ADAPTA son eficaces como contraceptivo y protegen frente a enfermedades de transmisi\u00f3n sexual (E.T.S).<\/p>\n<p style=\"text-align: center;\"><img loading=\"lazy\" decoding=\"async\" alt=\"\" height=\"230\" src=\"https:\/\/store.dreamlove.es\/UserFiles\/image\/homeGama.png\" width=\"505\" \/><\/p>\n","protected":false},"excerpt":{"rendered":"<p>CONTROL ADAPTA FINISSIMO ULTRAFEEL 10 UNITS<\/p>\n","protected":false},"featured_media":49954,"template":"","meta":[],"pwb-brand":[50],"product_brand":[],"product_cat":[367,372,391],"product_tag":[],"class_list":{"0":"post-12028","1":"product","2":"type-product","3":"status-publish","4":"has-post-thumbnail","6":"pwb-brand-control","7":"product_cat-preservativos","8":"product_cat-preservativospreservativos-especiales","9":"product_cat-preservativospreservativos-naturales","10":"post_count_is_0","11":"boutique_post_style_4","13":"first","14":"instock","15":"taxable","16":"shipping-taxable","17":"purchasable","18":"product-type-simple","19":"boutique_image_style_2"},"brands":[{"id":50,"name":"CONTROL","slug":"control"}],"_links":{"self":[{"href":"https:\/\/www.pussycatmerida.com\/eshop\/wp-json\/wp\/v2\/product\/12028","targetHints":{"allow":["GET"]}}],"collection":[{"href":"https:\/\/www.pussycatmerida.com\/eshop\/wp-json\/wp\/v2\/product"}],"about":[{"href":"https:\/\/www.pussycatmerida.com\/eshop\/wp-json\/wp\/v2\/types\/product"}],"wp:featuredmedia":[{"embeddable":true,"href":"https:\/\/www.pussycatmerida.com\/eshop\/wp-json\/wp\/v2\/media\/49954"}],"wp:attachment":[{"href":"https:\/\/www.pussycatmerida.com\/eshop\/wp-json\/wp\/v2\/media?parent=12028"}],"wp:term":[{"taxonomy":"pwb-brand","embeddable":true,"href":"https:\/\/www.pussycatmerida.com\/eshop\/wp-json\/wp\/v2\/pwb-brand?post=12028"},{"taxonomy":"product_brand","embeddable":true,"href":"https:\/\/www.pussycatmerida.com\/eshop\/wp-json\/wp\/v2\/product_brand?post=12028"},{"taxonomy":"product_cat","embeddable":true,"href":"https:\/\/www.pussycatmerida.com\/eshop\/wp-json\/wp\/v2\/product_cat?post=12028"},{"taxonomy":"product_tag","embeddable":true,"href":"https:\/\/www.pussycatmerida.com\/eshop\/wp-json\/wp\/v2\/product_tag?post=12028"}],"curies":[{"name":"wp","href":"https:\/\/api.w.org\/{rel}","templated":true}]}}