{"id":12690,"date":"2021-03-06T15:22:47","date_gmt":"2021-03-06T13:22:47","guid":{"rendered":"https:\/\/www.pussycatmerida.com\/eshop\/product\/pretty-love-flirt-vibrador-estimulador-barrete\/"},"modified":"2026-03-11T12:28:03","modified_gmt":"2026-03-11T11:28:03","slug":"pretty-love-flirt-vibrador-estimulador-barrete","status":"publish","type":"product","link":"https:\/\/www.pussycatmerida.com\/eshop\/producto\/pretty-love-flirt-vibrador-estimulador-barrete\/","title":{"rendered":"PRETTY LOVE FLIRT VIBRADOR  ESTIMULADOR  BARRETE"},"content":{"rendered":"<p style=\"line-height: 16.6399993896484px;\">Barrette est\u00e1 fabricado con el material m\u00e1s nuevo, de tacto confortable, te llevar\u00e1 a una experiencia extremadamente optima,\u00a0 por su potencia, forma y dise\u00f1o erg\u00f3nomico con estimulador de clitoris.<\/p>\n<p style=\"line-height: 16.6399993896484px;\">Barrette te ofrece;<\/p>\n<ul style=\"line-height: 16.6399993896484px;\">\n<li>30 Funciones de Vibraci\u00f3n<\/li>\n<li>2 Potentes Motores con 3\u00a0puntos de estimulaci\u00f3n<\/li>\n<li>100% Silicona suave, confortable y \u00fanica en el mundo<\/li>\n<li>Medidas; 210 mm\u00a0 x 38\u00a0mm<\/li>\n<li>Sumergible \/ Apto para la ducha o Spa<\/li>\n<li style=\"line-height: 16.64px;\">Funciona con 3 baterias AAA , no incluidas que podr\u00e1s encontrar en la secci\u00f3n Pilas.<\/li>\n<\/ul>\n<p style=\"line-height: 16.6399993896484px;\">Pretty Love fabrica productos con exigentes normas de calidad, todos sus productos estan dise\u00f1ados en Estados Unidos y tienen 1 a\u00f1o de garant\u00eda en defectos tecnicos.<\/p>\n","protected":false},"excerpt":{"rendered":"<p>PRETTY LOVE FLIRTATION &#8211; VIBRADOR CON ESTIMULADOR CLITORIS BARRETE<\/p>\n","protected":false},"featured_media":38650,"template":"","meta":[],"pwb-brand":[509,213],"product_brand":[],"product_cat":[275,288,274,294,299,905],"product_tag":[],"class_list":{"0":"post-12690","1":"product","2":"type-product","3":"status-publish","4":"has-post-thumbnail","6":"pwb-brand-pretty-loveflirtation","7":"pwb-brand-pretty-love","8":"product_cat-juguetes-sexuales-xxxacuaticos","9":"product_cat-juguetes-sexuales-xxxestimuladores","10":"product_cat-juguetes-sexuales-xxx","11":"product_cat-juguetes-sexuales-xxxmasturbadores-para-ellas","12":"product_cat-juguetes-sexuales-xxxvibradores","13":"product_cat-vibradores-dobles","14":"post_count_is_0","15":"boutique_post_style_4","17":"first","18":"instock","19":"taxable","20":"shipping-taxable","21":"purchasable","22":"product-type-simple","23":"boutique_image_style_2"},"brands":[{"id":509,"name":"FLIRTATION","slug":"pretty-loveflirtation"},{"id":213,"name":"PRETTY LOVE","slug":"pretty-love"}],"_links":{"self":[{"href":"https:\/\/www.pussycatmerida.com\/eshop\/wp-json\/wp\/v2\/product\/12690","targetHints":{"allow":["GET"]}}],"collection":[{"href":"https:\/\/www.pussycatmerida.com\/eshop\/wp-json\/wp\/v2\/product"}],"about":[{"href":"https:\/\/www.pussycatmerida.com\/eshop\/wp-json\/wp\/v2\/types\/product"}],"wp:featuredmedia":[{"embeddable":true,"href":"https:\/\/www.pussycatmerida.com\/eshop\/wp-json\/wp\/v2\/media\/38650"}],"wp:attachment":[{"href":"https:\/\/www.pussycatmerida.com\/eshop\/wp-json\/wp\/v2\/media?parent=12690"}],"wp:term":[{"taxonomy":"pwb-brand","embeddable":true,"href":"https:\/\/www.pussycatmerida.com\/eshop\/wp-json\/wp\/v2\/pwb-brand?post=12690"},{"taxonomy":"product_brand","embeddable":true,"href":"https:\/\/www.pussycatmerida.com\/eshop\/wp-json\/wp\/v2\/product_brand?post=12690"},{"taxonomy":"product_cat","embeddable":true,"href":"https:\/\/www.pussycatmerida.com\/eshop\/wp-json\/wp\/v2\/product_cat?post=12690"},{"taxonomy":"product_tag","embeddable":true,"href":"https:\/\/www.pussycatmerida.com\/eshop\/wp-json\/wp\/v2\/product_tag?post=12690"}],"curies":[{"name":"wp","href":"https:\/\/api.w.org\/{rel}","templated":true}]}}