{"id":12697,"date":"2021-03-09T18:38:24","date_gmt":"2021-03-09T16:38:24","guid":{"rendered":"https:\/\/www.pussycatmerida.com\/eshop\/producto\/pretty-love-flirtation-masajeador-magical\/"},"modified":"2026-03-11T12:28:04","modified_gmt":"2026-03-11T11:28:04","slug":"pretty-love-flirtation-masajeador-magical","status":"publish","type":"product","link":"https:\/\/www.pussycatmerida.com\/eshop\/producto\/pretty-love-flirtation-masajeador-magical\/","title":{"rendered":"PRETTY LOVE FLIRTATION &#8211; MASAJEADOR MAGICAL"},"content":{"rendered":"<p>El Magical massager\u00a0presenta un cabezal flexible y con estr\u00edas que produce un enorme placer sensual.Este vibrador impermeable es muy el\u00e1stico y flexible. La parte superior se puede doblar en cualquier direcci\u00f3n para alcanzar as\u00ed la zona que se desee.<\/p>\n<p>Presenta una vibraci\u00f3n muy potente con varias velocidades y es f\u00e1cil de manejar a trav\u00e9s de un solo bot\u00f3n.Magical massager est\u00e1 fabricado con la silicona de m\u00e1s alta calidad, con un tacto suave y muy confortable al uso.<\/p>\n<ul>\n<li>100% Silicona grado medico<\/li>\n<li>12 Funciones de vibraci\u00f3n<\/li>\n<li>3 cabezales intercambiables.<\/li>\n<li>El Magical massager funciona con 4 baterias AA, no incluidas, que puedes encontrar en la secci\u00f3n PIlas.<\/li>\n<li>Magical Massager es potente y ergon\u00f3mico.<\/li>\n<\/ul>\n<p>Siente nuevos placeres!<\/p>\n","protected":false},"excerpt":{"rendered":"<p>PRETTY LOVE FLIRTATION &#8211; MASAJEADOR MAGICAL<\/p>\n","protected":false},"featured_media":59424,"template":"","meta":[],"pwb-brand":[509,213],"product_brand":[],"product_cat":[288,274,431,294,898],"product_tag":[],"class_list":{"0":"post-12697","1":"product","2":"type-product","3":"status-publish","4":"has-post-thumbnail","6":"pwb-brand-pretty-loveflirtation","7":"pwb-brand-pretty-love","8":"product_cat-juguetes-sexuales-xxxestimuladores","9":"product_cat-juguetes-sexuales-xxx","10":"product_cat-juguetes-sexuales-xxxmasajeadores","11":"product_cat-juguetes-sexuales-xxxmasturbadores-para-ellas","12":"product_cat-wand","13":"post_count_is_0","14":"boutique_post_style_4","16":"first","17":"instock","18":"taxable","19":"shipping-taxable","20":"purchasable","21":"product-type-simple","22":"boutique_image_style_2"},"brands":[{"id":509,"name":"FLIRTATION","slug":"pretty-loveflirtation"},{"id":213,"name":"PRETTY LOVE","slug":"pretty-love"}],"_links":{"self":[{"href":"https:\/\/www.pussycatmerida.com\/eshop\/wp-json\/wp\/v2\/product\/12697","targetHints":{"allow":["GET"]}}],"collection":[{"href":"https:\/\/www.pussycatmerida.com\/eshop\/wp-json\/wp\/v2\/product"}],"about":[{"href":"https:\/\/www.pussycatmerida.com\/eshop\/wp-json\/wp\/v2\/types\/product"}],"wp:featuredmedia":[{"embeddable":true,"href":"https:\/\/www.pussycatmerida.com\/eshop\/wp-json\/wp\/v2\/media\/59424"}],"wp:attachment":[{"href":"https:\/\/www.pussycatmerida.com\/eshop\/wp-json\/wp\/v2\/media?parent=12697"}],"wp:term":[{"taxonomy":"pwb-brand","embeddable":true,"href":"https:\/\/www.pussycatmerida.com\/eshop\/wp-json\/wp\/v2\/pwb-brand?post=12697"},{"taxonomy":"product_brand","embeddable":true,"href":"https:\/\/www.pussycatmerida.com\/eshop\/wp-json\/wp\/v2\/product_brand?post=12697"},{"taxonomy":"product_cat","embeddable":true,"href":"https:\/\/www.pussycatmerida.com\/eshop\/wp-json\/wp\/v2\/product_cat?post=12697"},{"taxonomy":"product_tag","embeddable":true,"href":"https:\/\/www.pussycatmerida.com\/eshop\/wp-json\/wp\/v2\/product_tag?post=12697"}],"curies":[{"name":"wp","href":"https:\/\/api.w.org\/{rel}","templated":true}]}}