{"id":12889,"date":"2021-02-26T15:21:48","date_gmt":"2021-02-26T13:21:48","guid":{"rendered":"https:\/\/www.pussycatmerida.com\/eshop\/product\/metalhard-bdsm-collar-con-argolla-10cm\/"},"modified":"2021-02-26T15:21:48","modified_gmt":"2021-02-26T13:21:48","slug":"metalhard-bdsm-collar-con-argolla-10cm","status":"publish","type":"product","link":"https:\/\/www.pussycatmerida.com\/eshop\/producto\/metalhard-bdsm-collar-con-argolla-10cm\/","title":{"rendered":"METALHARD BDSM COLLAR CON ARGOLLA 10CM"},"content":{"rendered":"<p>Este collar de metal cromado se cierra con una llave allen incluida. Tiene un acabado brillante y puede ser utilizado como pieza de joyer\u00eda para llevar en la calle p\u00fablicamente. El collar tiene una anilla en O para enganchar una cadena con mosquet\u00f3n, una cuerda o cualquier otro art\u00edculo de bondage.<\/p>\n<p>Significa que tambi\u00e9n puedes introducir un juguete a tu sumiso\/a\u00a0y atarlo al collar.<\/p>\n<p>Tambi\u00e9n puedes simplemente enganchar una correa con cadena y pasearlo.<\/p>\n<ul>\n<li>Medidas; Diametro &#8211; 10 Cm\u00a0\/ Ancho metal 1.1 cm<\/li>\n<\/ul>\n<p>Fabricado en Acero alta calidad<\/p>\n","protected":false},"excerpt":{"rendered":"<p>METALHARD STEEL SLAVE COLLARS<\/p>\n","protected":false},"featured_media":51668,"template":"","meta":[],"pwb-brand":[472],"product_brand":[],"product_cat":[411,282,274,295],"product_tag":[],"class_list":{"0":"post-12889","1":"product","2":"type-product","3":"status-publish","4":"has-post-thumbnail","6":"pwb-brand-metal-hard","7":"product_cat-juguetes-sexuales-xxxfetish-bondagearticulos-sexo-duro","8":"product_cat-juguetes-sexuales-xxxfetish-bondage","9":"product_cat-juguetes-sexuales-xxx","10":"product_cat-juguetes-sexuales-xxxmetal","11":"post_count_is_0","12":"boutique_post_style_4","14":"first","15":"instock","16":"taxable","17":"shipping-taxable","18":"purchasable","19":"product-type-simple","20":"boutique_image_style_2"},"brands":[{"id":472,"name":"METAL HARD","slug":"metal-hard"}],"_links":{"self":[{"href":"https:\/\/www.pussycatmerida.com\/eshop\/wp-json\/wp\/v2\/product\/12889","targetHints":{"allow":["GET"]}}],"collection":[{"href":"https:\/\/www.pussycatmerida.com\/eshop\/wp-json\/wp\/v2\/product"}],"about":[{"href":"https:\/\/www.pussycatmerida.com\/eshop\/wp-json\/wp\/v2\/types\/product"}],"wp:featuredmedia":[{"embeddable":true,"href":"https:\/\/www.pussycatmerida.com\/eshop\/wp-json\/wp\/v2\/media\/51668"}],"wp:attachment":[{"href":"https:\/\/www.pussycatmerida.com\/eshop\/wp-json\/wp\/v2\/media?parent=12889"}],"wp:term":[{"taxonomy":"pwb-brand","embeddable":true,"href":"https:\/\/www.pussycatmerida.com\/eshop\/wp-json\/wp\/v2\/pwb-brand?post=12889"},{"taxonomy":"product_brand","embeddable":true,"href":"https:\/\/www.pussycatmerida.com\/eshop\/wp-json\/wp\/v2\/product_brand?post=12889"},{"taxonomy":"product_cat","embeddable":true,"href":"https:\/\/www.pussycatmerida.com\/eshop\/wp-json\/wp\/v2\/product_cat?post=12889"},{"taxonomy":"product_tag","embeddable":true,"href":"https:\/\/www.pussycatmerida.com\/eshop\/wp-json\/wp\/v2\/product_tag?post=12889"}],"curies":[{"name":"wp","href":"https:\/\/api.w.org\/{rel}","templated":true}]}}