{"id":12963,"date":"2021-03-09T18:33:31","date_gmt":"2021-03-09T16:33:31","guid":{"rendered":"https:\/\/www.pussycatmerida.com\/eshop\/producto\/body-leather-lasic-harness-in-garment\/"},"modified":"2026-03-11T12:39:39","modified_gmt":"2026-03-11T11:39:39","slug":"body-leather-lasic-harness-in-garment","status":"publish","type":"product","link":"https:\/\/www.pussycatmerida.com\/eshop\/producto\/body-leather-lasic-harness-in-garment\/","title":{"rendered":"BODY LEATHER LASIC HARNESS IN GARMENT"},"content":{"rendered":"<p style=\"line-height: 20.8px;\">BDSM es un t\u00e9rmino creado para abarcar un grupo de pr\u00e1cticas y fantas\u00edas er\u00f3ticas. Se trata de una sigla formada con las iniciales de las siguientes palabras: Bondage, Disciplina; Dominaci\u00f3n, Sumisi\u00f3n y Sadismo Masoquismo. Abarca, por tanto, a una serie de pr\u00e1cticas y aficiones sexuales relacionadas entre s\u00ed y vinculadas a lo que se denomina sexualidades no convencionales o alternativa<\/p>\n<p style=\"line-height: 20.8px;\">Practica el BDSM, con este Arnes leather para hombre, con correas ajustables en forma de Cruz.<\/p>\n<ul style=\"line-height: 20.8px;\">\n<li>Apto para tallas de la S a la XL.<\/li>\n<\/ul>\n<p style=\"line-height: 20.8px;\">Consigue que tu experiencia BDSM sea la mejor!<\/p>\n","protected":false},"excerpt":{"rendered":"<p>BODY LEATHER LASIC HARNESS IN GARMENT<\/p>\n","protected":false},"featured_media":56821,"template":"","meta":[],"pwb-brand":[551],"product_brand":[],"product_cat":[411,423,282,274],"product_tag":[],"class_list":{"0":"post-12963","1":"product","2":"type-product","3":"status-publish","4":"has-post-thumbnail","6":"pwb-brand-leather-body","7":"product_cat-juguetes-sexuales-xxxfetish-bondagearticulos-sexo-duro","8":"product_cat-juguetes-sexuales-xxxfetish-bondagebdsm-accesorios","9":"product_cat-juguetes-sexuales-xxxfetish-bondage","10":"product_cat-juguetes-sexuales-xxx","11":"post_count_is_0","12":"boutique_post_style_4","14":"first","15":"instock","16":"taxable","17":"shipping-taxable","18":"purchasable","19":"product-type-simple","20":"boutique_image_style_2"},"brands":[{"id":551,"name":"LEATHER BODY","slug":"leather-body"}],"_links":{"self":[{"href":"https:\/\/www.pussycatmerida.com\/eshop\/wp-json\/wp\/v2\/product\/12963","targetHints":{"allow":["GET"]}}],"collection":[{"href":"https:\/\/www.pussycatmerida.com\/eshop\/wp-json\/wp\/v2\/product"}],"about":[{"href":"https:\/\/www.pussycatmerida.com\/eshop\/wp-json\/wp\/v2\/types\/product"}],"wp:featuredmedia":[{"embeddable":true,"href":"https:\/\/www.pussycatmerida.com\/eshop\/wp-json\/wp\/v2\/media\/56821"}],"wp:attachment":[{"href":"https:\/\/www.pussycatmerida.com\/eshop\/wp-json\/wp\/v2\/media?parent=12963"}],"wp:term":[{"taxonomy":"pwb-brand","embeddable":true,"href":"https:\/\/www.pussycatmerida.com\/eshop\/wp-json\/wp\/v2\/pwb-brand?post=12963"},{"taxonomy":"product_brand","embeddable":true,"href":"https:\/\/www.pussycatmerida.com\/eshop\/wp-json\/wp\/v2\/product_brand?post=12963"},{"taxonomy":"product_cat","embeddable":true,"href":"https:\/\/www.pussycatmerida.com\/eshop\/wp-json\/wp\/v2\/product_cat?post=12963"},{"taxonomy":"product_tag","embeddable":true,"href":"https:\/\/www.pussycatmerida.com\/eshop\/wp-json\/wp\/v2\/product_tag?post=12963"}],"curies":[{"name":"wp","href":"https:\/\/api.w.org\/{rel}","templated":true}]}}