{"id":13340,"date":"2021-02-24T14:27:38","date_gmt":"2021-02-24T12:27:38","guid":{"rendered":"https:\/\/www.pussycatmerida.com\/eshop\/product\/fantasy-c-ringz-anillas-silicona-max-widht\/"},"modified":"2026-03-11T12:27:35","modified_gmt":"2026-03-11T11:27:35","slug":"fantasy-c-ringz-anillas-silicona-max-widht","status":"publish","type":"product","link":"https:\/\/www.pussycatmerida.com\/eshop\/producto\/fantasy-c-ringz-anillas-silicona-max-widht\/","title":{"rendered":"FANTASY C-RINGZ ANILLAS SILICONA MAX WIDHT"},"content":{"rendered":"<p>Set de dos\u00a0anillos con diferentes medidas para que lo utilices en el pene y los test\u00edculos. Est\u00e1n fabricados en Silicona Elite muy comfortable\u00a0\u00a0de color negro y tienen un grosor de un cent\u00edmetro aprox, algo ideal para utilizarlo en largas sesiones de sexo. Los dos\u00a0tienen diferentes di\u00e1metros, as\u00ed podr\u00e1s encontrar el tama\u00f1o exacto o podr\u00e1s utilizar varios al un\u00edsono.<\/p>\n<p>Ideales para una erecci\u00f3n extra dura y de efecto retardante para aguantar m\u00e1s.<\/p>\n<p>Di\u00e1metro interno de 3,5 y 2,8\u00a0cm respectivamente ( Flexibles y ajustables )\u00a0<\/p>\n<ul>\n<li>100% Silicona Elite comfortable<\/li>\n<\/ul>\n<p style=\"line-height: 20.8px;\"><span style=\"line-height: 20.8px;\">Incluye muestra de lubricante y toycleanner.<\/span><\/p>\n<p style=\"line-height: 20.8px;\"><span style=\"line-height: 20.8px;\">La gama Black de Fantasy C-ring est\u00e1 100% pensando para el hombre que busca aumentar sensaciones sin limites sea cual sea su condicion sexual, ya que toda la gama ha sido desarrollada por heteresexuales y homosexuales pensada por y para el hombre!<\/span><\/p>\n<p style=\"text-align: center;\">\u00a0<\/p>\n<p style=\"text-align: center;\"><iframe loading=\"lazy\" allowfullscreen=\"\" frameborder=\"0\" height=\"400\" mozallowfullscreen=\"\" src=\"https:\/\/player.vimeo.com\/video\/142285761\" webkitallowfullscreen=\"\" width=\"700\"><\/iframe><\/p>\n","protected":false},"excerpt":{"rendered":"<p>FANTASY C-RINGZ MAX\/WIDHT SILICONE RINGS<\/p>\n","protected":false},"featured_media":32566,"template":"","meta":[],"pwb-brand":[477,476],"product_brand":[],"product_cat":[276,903,944,274],"product_tag":[],"class_list":{"0":"post-13340","1":"product","2":"type-product","3":"status-publish","4":"has-post-thumbnail","6":"pwb-brand-pipedreams-fantasy-c-ringz","7":"pwb-brand-pipedreams","8":"product_cat-juguetes-sexuales-xxxaccesorios-para-el-pene","9":"product_cat-anillos-para-el-pene","10":"product_cat-anillos-sin-vibracion","11":"product_cat-juguetes-sexuales-xxx","12":"post_count_is_0","13":"boutique_post_style_4","15":"first","16":"instock","17":"taxable","18":"shipping-taxable","19":"purchasable","20":"product-type-simple","21":"boutique_image_style_2"},"brands":[{"id":477,"name":"FANTASY C-RINGZ","slug":"pipedreams-fantasy-c-ringz"},{"id":476,"name":"PIPEDREAMS","slug":"pipedreams"}],"_links":{"self":[{"href":"https:\/\/www.pussycatmerida.com\/eshop\/wp-json\/wp\/v2\/product\/13340","targetHints":{"allow":["GET"]}}],"collection":[{"href":"https:\/\/www.pussycatmerida.com\/eshop\/wp-json\/wp\/v2\/product"}],"about":[{"href":"https:\/\/www.pussycatmerida.com\/eshop\/wp-json\/wp\/v2\/types\/product"}],"wp:featuredmedia":[{"embeddable":true,"href":"https:\/\/www.pussycatmerida.com\/eshop\/wp-json\/wp\/v2\/media\/32566"}],"wp:attachment":[{"href":"https:\/\/www.pussycatmerida.com\/eshop\/wp-json\/wp\/v2\/media?parent=13340"}],"wp:term":[{"taxonomy":"pwb-brand","embeddable":true,"href":"https:\/\/www.pussycatmerida.com\/eshop\/wp-json\/wp\/v2\/pwb-brand?post=13340"},{"taxonomy":"product_brand","embeddable":true,"href":"https:\/\/www.pussycatmerida.com\/eshop\/wp-json\/wp\/v2\/product_brand?post=13340"},{"taxonomy":"product_cat","embeddable":true,"href":"https:\/\/www.pussycatmerida.com\/eshop\/wp-json\/wp\/v2\/product_cat?post=13340"},{"taxonomy":"product_tag","embeddable":true,"href":"https:\/\/www.pussycatmerida.com\/eshop\/wp-json\/wp\/v2\/product_tag?post=13340"}],"curies":[{"name":"wp","href":"https:\/\/api.w.org\/{rel}","templated":true}]}}