{"id":13346,"date":"2021-02-24T14:27:47","date_gmt":"2021-02-24T12:27:47","guid":{"rendered":"https:\/\/www.pussycatmerida.com\/eshop\/product\/fantasy-c-ringz-set-anillas-silicona-stamina\/"},"modified":"2026-03-11T12:27:35","modified_gmt":"2026-03-11T11:27:35","slug":"fantasy-c-ringz-set-anillas-silicona-stamina","status":"publish","type":"product","link":"https:\/\/www.pussycatmerida.com\/eshop\/producto\/fantasy-c-ringz-set-anillas-silicona-stamina\/","title":{"rendered":"FANTASY C-RINGZ SET ANILLAS SILICONA STAMINA"},"content":{"rendered":"<p>Incremente la firmeza de su pene con este anillo triple para pene y test\u00edculos de color Negro fabricado en silicona elite, la silicona m\u00e1s comfortable flexible y duradera. Perfecto para principiantes y experimentados.<\/p>\n<ul>\n<li>100% Silicona Elite<\/li>\n<li>El set incluye 3 anillas, 1 para base Pene + 1 para estrechamiento testiculos + 1 Base testiculos y pene<\/li>\n<li>Medidas \/ 5.1 + 4.0 + 3.2 cm<\/li>\n<\/ul>\n<p>Potenciar\u00e1s el orgasmo, retrasar\u00e1s la eyaculaci\u00f3n y potenciar\u00e1s la erecci\u00f3n.<\/p>\n<p><span style=\"line-height: 20.8px;\">La gama Black de Fantasy C-ring est\u00e1 100% pensando para el hombre que busca aumentar sensaciones sin limites sea cual sea su condicion sexual, ya que toda la gama ha sido desarrollada por heteresexuales y homosexuales pensada por y para el hombre!<\/span><\/p>\n<p style=\"text-align: center;\">\u00a0<\/p>\n<p style=\"text-align: center;\"><iframe loading=\"lazy\" allowfullscreen=\"\" frameborder=\"0\" height=\"400\" mozallowfullscreen=\"\" src=\"https:\/\/player.vimeo.com\/video\/140680206\" webkitallowfullscreen=\"\" width=\"700\"><\/iframe><\/p>\n","protected":false},"excerpt":{"rendered":"<p>FANTASY C-RINGZ SILICONE 3 RING STAMINA SET<\/p>\n","protected":false},"featured_media":32581,"template":"","meta":[],"pwb-brand":[477,476],"product_brand":[],"product_cat":[276,903,944,274],"product_tag":[],"class_list":{"0":"post-13346","1":"product","2":"type-product","3":"status-publish","4":"has-post-thumbnail","6":"pwb-brand-pipedreams-fantasy-c-ringz","7":"pwb-brand-pipedreams","8":"product_cat-juguetes-sexuales-xxxaccesorios-para-el-pene","9":"product_cat-anillos-para-el-pene","10":"product_cat-anillos-sin-vibracion","11":"product_cat-juguetes-sexuales-xxx","12":"post_count_is_0","13":"boutique_post_style_4","15":"first","16":"instock","17":"taxable","18":"shipping-taxable","19":"purchasable","20":"product-type-simple","21":"boutique_image_style_2"},"brands":[{"id":477,"name":"FANTASY C-RINGZ","slug":"pipedreams-fantasy-c-ringz"},{"id":476,"name":"PIPEDREAMS","slug":"pipedreams"}],"_links":{"self":[{"href":"https:\/\/www.pussycatmerida.com\/eshop\/wp-json\/wp\/v2\/product\/13346","targetHints":{"allow":["GET"]}}],"collection":[{"href":"https:\/\/www.pussycatmerida.com\/eshop\/wp-json\/wp\/v2\/product"}],"about":[{"href":"https:\/\/www.pussycatmerida.com\/eshop\/wp-json\/wp\/v2\/types\/product"}],"wp:featuredmedia":[{"embeddable":true,"href":"https:\/\/www.pussycatmerida.com\/eshop\/wp-json\/wp\/v2\/media\/32581"}],"wp:attachment":[{"href":"https:\/\/www.pussycatmerida.com\/eshop\/wp-json\/wp\/v2\/media?parent=13346"}],"wp:term":[{"taxonomy":"pwb-brand","embeddable":true,"href":"https:\/\/www.pussycatmerida.com\/eshop\/wp-json\/wp\/v2\/pwb-brand?post=13346"},{"taxonomy":"product_brand","embeddable":true,"href":"https:\/\/www.pussycatmerida.com\/eshop\/wp-json\/wp\/v2\/product_brand?post=13346"},{"taxonomy":"product_cat","embeddable":true,"href":"https:\/\/www.pussycatmerida.com\/eshop\/wp-json\/wp\/v2\/product_cat?post=13346"},{"taxonomy":"product_tag","embeddable":true,"href":"https:\/\/www.pussycatmerida.com\/eshop\/wp-json\/wp\/v2\/product_tag?post=13346"}],"curies":[{"name":"wp","href":"https:\/\/api.w.org\/{rel}","templated":true}]}}