{"id":13349,"date":"2021-02-24T14:27:48","date_gmt":"2021-02-24T12:27:48","guid":{"rendered":"https:\/\/www.pussycatmerida.com\/eshop\/product\/fantasy-c-ringz-anillo-control-remoto-perforance\/"},"modified":"2026-03-11T12:27:35","modified_gmt":"2026-03-11T11:27:35","slug":"fantasy-c-ringz-anillo-control-remoto-perforance","status":"publish","type":"product","link":"https:\/\/www.pussycatmerida.com\/eshop\/producto\/fantasy-c-ringz-anillo-control-remoto-perforance\/","title":{"rendered":"FANTASY C-RINGZ ANILLO CONTROL REMOTO PERFORANCE"},"content":{"rendered":"<p style=\"line-height: 20.8px;\">Conviertete en el due\u00f1o del placer de tu chic@, Este fantastico Anillo multifuncion control remoto del Anillo har\u00e1 que el sexo se convierta en un juguete muy placentero..<\/p>\n<p style=\"line-height: 20.8px;\"><span style=\"line-height: 20.8px;\">Fantasy Remote PErforance\u00a0est\u00e1\u00a0orientado a la estimulaci\u00f3n masculina \u00a0, limitando el flujo de sangre y\u00a0mejorando gracias a ello\u00a0el tama\u00f1o de su pene adem\u00e1s\u00a0contralar\u00e1 la eyaculaci\u00f3n, potenciando la resistencia, por si todo fuera poco tiene dos potentes motores en sus extremos que ser\u00e1 todo un estimulo clitoriano!<\/span><\/p>\n<p style=\"line-height: 20.8px;\">Solo con un click hara vibrar la bala en sus\u00a0de 20 modos\u00a0de vibraci\u00f3n, se coloca de forma facil en el pene y es adaptable por su material.<\/p>\n<ul style=\"line-height: 20.8px;\">\n<li>El Anillo esta fabricado con silicona elite hipoalergenica y suave<\/li>\n<\/ul>\n<p style=\"line-height: 20.8px;\">Puedes Elegir pulsando el boton, si quieres un ritmo suave, o el mas fuerte de los ritmos placenteros.<\/p>\n<ul style=\"line-height: 20.8px;\">\n<li>Coloca un anillo en la base del pene y el otro bajo los testiculos.<\/li>\n<li>Fabricado 100% en Silicona Elite + bala vibradora en Abs<\/li>\n<li>Sumergible \/ Apto para la ducha o Spa<\/li>\n<li>Se ajusta a todos los tama\u00f1os de Pene<\/li>\n<\/ul>\n<p style=\"line-height: 20.8px;\"><span style=\"line-height: 20.8px;\">Funciona con 1\u00a0pila AAA ( No incluido ) \u00a0+ 3 Pilas LR44\u00a0( no\u00a0incluidas )\u00a0<\/span><\/p>\n<p style=\"line-height: 20.8px;\">\u00a0<\/p>\n<p style=\"text-align: center;\"><iframe loading=\"lazy\" allowfullscreen=\"\" frameborder=\"0\" height=\"400\" mozallowfullscreen=\"\" src=\"https:\/\/player.vimeo.com\/video\/145327910\" webkitallowfullscreen=\"\" width=\"700\"><\/iframe><\/p>\n","protected":false},"excerpt":{"rendered":"<p>FANTASY C-RINGZ  REMOTO CONTROL PERFORANCE<\/p>\n","protected":false},"featured_media":32585,"template":"","meta":[],"pwb-brand":[477,476],"product_brand":[],"product_cat":[276,945,903,284,274],"product_tag":[],"class_list":{"0":"post-13349","1":"product","2":"type-product","3":"status-publish","4":"has-post-thumbnail","6":"pwb-brand-pipedreams-fantasy-c-ringz","7":"pwb-brand-pipedreams","8":"product_cat-juguetes-sexuales-xxxaccesorios-para-el-pene","9":"product_cat-anillos-con-vibracion","10":"product_cat-anillos-para-el-pene","11":"product_cat-juguetes-sexuales-xxxcontrol-remoto","12":"product_cat-juguetes-sexuales-xxx","13":"post_count_is_0","14":"boutique_post_style_4","16":"first","17":"instock","18":"taxable","19":"shipping-taxable","20":"purchasable","21":"product-type-simple","22":"boutique_image_style_2"},"brands":[{"id":477,"name":"FANTASY C-RINGZ","slug":"pipedreams-fantasy-c-ringz"},{"id":476,"name":"PIPEDREAMS","slug":"pipedreams"}],"_links":{"self":[{"href":"https:\/\/www.pussycatmerida.com\/eshop\/wp-json\/wp\/v2\/product\/13349","targetHints":{"allow":["GET"]}}],"collection":[{"href":"https:\/\/www.pussycatmerida.com\/eshop\/wp-json\/wp\/v2\/product"}],"about":[{"href":"https:\/\/www.pussycatmerida.com\/eshop\/wp-json\/wp\/v2\/types\/product"}],"wp:featuredmedia":[{"embeddable":true,"href":"https:\/\/www.pussycatmerida.com\/eshop\/wp-json\/wp\/v2\/media\/32585"}],"wp:attachment":[{"href":"https:\/\/www.pussycatmerida.com\/eshop\/wp-json\/wp\/v2\/media?parent=13349"}],"wp:term":[{"taxonomy":"pwb-brand","embeddable":true,"href":"https:\/\/www.pussycatmerida.com\/eshop\/wp-json\/wp\/v2\/pwb-brand?post=13349"},{"taxonomy":"product_brand","embeddable":true,"href":"https:\/\/www.pussycatmerida.com\/eshop\/wp-json\/wp\/v2\/product_brand?post=13349"},{"taxonomy":"product_cat","embeddable":true,"href":"https:\/\/www.pussycatmerida.com\/eshop\/wp-json\/wp\/v2\/product_cat?post=13349"},{"taxonomy":"product_tag","embeddable":true,"href":"https:\/\/www.pussycatmerida.com\/eshop\/wp-json\/wp\/v2\/product_tag?post=13349"}],"curies":[{"name":"wp","href":"https:\/\/api.w.org\/{rel}","templated":true}]}}