{"id":13354,"date":"2021-02-24T14:27:53","date_gmt":"2021-02-24T12:27:53","guid":{"rendered":"https:\/\/www.pussycatmerida.com\/eshop\/product\/fantasy-c-ringz-anillo-doble-penetracion-posable\/"},"modified":"2026-03-11T12:27:35","modified_gmt":"2026-03-11T11:27:35","slug":"fantasy-c-ringz-anillo-doble-penetracion-posable","status":"publish","type":"product","link":"https:\/\/www.pussycatmerida.com\/eshop\/producto\/fantasy-c-ringz-anillo-doble-penetracion-posable\/","title":{"rendered":"FANTASY C-RINGZ ANILLO  DOBLE PENETRACION POSABLE"},"content":{"rendered":"<p style=\"line-height: 20.8px;\">Fantasy C-ring es la gama de anillos m\u00e1s completa! su dise\u00f1o ha sido revisado para estimular a la perfecci\u00f3n el pene y todos sus sentidos, cada uno ha sido dise\u00f1ado por un equipo de ingenieros Pipedreams.<\/p>\n<p style=\"line-height: 20.8px;\">Su calidad es extrema , potenciar\u00e1s la erecci\u00f3n, conseguir\u00e1s retardar la eyaculaci\u00f3n .<\/p>\n<p style=\"line-height: 20.8px;\">Fantasy Silcone double vibrator rabbit\u00a0est\u00e1\u00a0orientado a la\u00a0pareja , Te gustan los trios? quieres sentirlo? este juguete te permitir\u00e1 una triple estimulaci\u00f3n! Penetraci\u00f3n vaginal, anal y estimulaci\u00f3n clitorial, todo en una maxima calidad, fabricado en silicona elite, tacto suave, confortable y una potente vibraci\u00f3n..cierra los ojos e imaginatelo en el acto..el trio se har\u00e1 una realidad!<\/p>\n<p style=\"line-height: 20.8px;\">Incorpora\u00a0vibrador a trav\u00e9s de la bala vibradora extraible. Incorpora tambien un potente estimulador clitoriano<\/p>\n<ul style=\"line-height: 20.8px;\">\n<li>Coloca un anillo en la base del pene \u00a0y a la vez que penetr\u00e1s introduce el otro dildo anal! o al reves!<\/li>\n<li>Vibracion potente<\/li>\n<li>Fabricado 100% en Silicina Elite\u00a0y Bala\u00a0en Abs\u00a0muy confortable<\/li>\n<li>Se ajusta a todos los tama\u00f1os de Pene<\/li>\n<\/ul>\n<p style=\"line-height: 20.8px;\">Funciona con 3\u00a0pilas LR44\u00a0 ( Incluidas)\u00a0<\/p>\n<p style=\"line-height: 20.8px;\">Incluye muestra de lubricante y toycleanner.<\/p>\n<p style=\"line-height: 20.8px;\">\u00a0<\/p>\n<p style=\"text-align: center;\"><iframe loading=\"lazy\" allowfullscreen=\"\" frameborder=\"0\" height=\"400\" mozallowfullscreen=\"\" src=\"https:\/\/player.vimeo.com\/video\/145327907\" webkitallowfullscreen=\"\" width=\"700\"><\/iframe><\/p>\n","protected":false},"excerpt":{"rendered":"<p>FANTASY C-RINGZ POSABLE DOUBLE PENETRATOR<\/p>\n","protected":false},"featured_media":32605,"template":"","meta":[],"pwb-brand":[477,476],"product_brand":[],"product_cat":[276,280,903,274],"product_tag":[],"class_list":{"0":"post-13354","1":"product","2":"type-product","3":"status-publish","4":"has-post-thumbnail","6":"pwb-brand-pipedreams-fantasy-c-ringz","7":"pwb-brand-pipedreams","8":"product_cat-juguetes-sexuales-xxxaccesorios-para-el-pene","9":"product_cat-juguetes-sexuales-xxxanal","10":"product_cat-anillos-para-el-pene","11":"product_cat-juguetes-sexuales-xxx","12":"post_count_is_0","13":"boutique_post_style_4","15":"first","16":"instock","17":"taxable","18":"shipping-taxable","19":"purchasable","20":"product-type-simple","21":"boutique_image_style_2"},"brands":[{"id":477,"name":"FANTASY C-RINGZ","slug":"pipedreams-fantasy-c-ringz"},{"id":476,"name":"PIPEDREAMS","slug":"pipedreams"}],"_links":{"self":[{"href":"https:\/\/www.pussycatmerida.com\/eshop\/wp-json\/wp\/v2\/product\/13354","targetHints":{"allow":["GET"]}}],"collection":[{"href":"https:\/\/www.pussycatmerida.com\/eshop\/wp-json\/wp\/v2\/product"}],"about":[{"href":"https:\/\/www.pussycatmerida.com\/eshop\/wp-json\/wp\/v2\/types\/product"}],"wp:featuredmedia":[{"embeddable":true,"href":"https:\/\/www.pussycatmerida.com\/eshop\/wp-json\/wp\/v2\/media\/32605"}],"wp:attachment":[{"href":"https:\/\/www.pussycatmerida.com\/eshop\/wp-json\/wp\/v2\/media?parent=13354"}],"wp:term":[{"taxonomy":"pwb-brand","embeddable":true,"href":"https:\/\/www.pussycatmerida.com\/eshop\/wp-json\/wp\/v2\/pwb-brand?post=13354"},{"taxonomy":"product_brand","embeddable":true,"href":"https:\/\/www.pussycatmerida.com\/eshop\/wp-json\/wp\/v2\/product_brand?post=13354"},{"taxonomy":"product_cat","embeddable":true,"href":"https:\/\/www.pussycatmerida.com\/eshop\/wp-json\/wp\/v2\/product_cat?post=13354"},{"taxonomy":"product_tag","embeddable":true,"href":"https:\/\/www.pussycatmerida.com\/eshop\/wp-json\/wp\/v2\/product_tag?post=13354"}],"curies":[{"name":"wp","href":"https:\/\/api.w.org\/{rel}","templated":true}]}}