{"id":13393,"date":"2021-02-24T15:11:48","date_gmt":"2021-02-24T13:11:48","guid":{"rendered":"https:\/\/www.pussycatmerida.com\/eshop\/product\/fetish-fantasy-set-succion-6-piezas\/"},"modified":"2026-03-11T12:39:25","modified_gmt":"2026-03-11T11:39:25","slug":"fetish-fantasy-set-succion-6-piezas","status":"publish","type":"product","link":"https:\/\/www.pussycatmerida.com\/eshop\/producto\/fetish-fantasy-set-succion-6-piezas\/","title":{"rendered":"FETISH FANTASY SET SUCCION 6 PIEZAS"},"content":{"rendered":"<p>A\u00f1ade la sensaci\u00f3n de la succi\u00f3n a tus juegos fetish con este set principiantes 6 piezas. Basado en una terapia china con estudios cient\u00edficos, este moderno set de succi\u00f3n esta creado para una potente estimulaci\u00f3n alcanzando sensaciones incre\u00edbles. La succi\u00f3n incrementa el flujo sangu\u00edneo de la zona facilitando la sensibilidad y creando una sensaci\u00f3n \u00fanica que jam\u00e1s experimentaste<\/p>\n<p>Los succionadores pueden ser usados en cualquier parte del cuerpo, pero realmente la sensaci\u00f3n estimulante se alcanza en los pezones, o cualquier zona er\u00f3gena!. Cada succionador est\u00e1 pensado, para un f\u00e1cil uso a trav\u00e9s del bot\u00f3n.<\/p>\n<ul>\n<li>El\u00a0uso del lubricante facilitar\u00e1 el uso de la zona.<\/li>\n<\/ul>\n<p>Cada succionador dispone de un mecanismo para una potente acci\u00f3n, tan solo debes coger el adaptador con el tubo y colocarlo en el succionador, presionar hasta alcanzar el punto id\u00f3neo, una vez finalices, qu\u00edtalo.<\/p>\n<p>El set incluye;<\/p>\n<ul>\n<li>2 Succionadores de 5.7cm<\/li>\n<li>2 Succionadores de 5 cm<\/li>\n<li>2 Succionadores de 4 cm<\/li>\n<li>Adaptador para succionar<\/li>\n<\/ul>\n<p>El set est\u00e1 pensado tambi\u00e9n para los juegos BDSM.<\/p>\n<p>Una vez finalices la succi\u00f3n, dejara un leve enrojecimiento que desaparecer\u00e1 en cuesti\u00f3n de minutos.<\/p>\n<p style=\"text-align: center;\"><iframe loading=\"lazy\" allowfullscreen=\"\" frameborder=\"0\" height=\"400\" mozallowfullscreen=\"\" src=\"https:\/\/player.vimeo.com\/video\/154767646\" webkitallowfullscreen=\"\" width=\"700\"><\/iframe><\/p>\n","protected":false},"excerpt":{"rendered":"<p>FETISH FANTASY BEGINNER&#8217;S 6PC CUPPING SET<\/p>\n","protected":false},"featured_media":35076,"template":"","meta":[],"pwb-brand":[485,476],"product_brand":[],"product_cat":[286,274,290],"product_tag":[],"class_list":{"0":"post-13393","1":"product","2":"type-product","3":"status-publish","4":"has-post-thumbnail","6":"pwb-brand-pipedreams-fetish-fantasy-series","7":"pwb-brand-pipedreams","8":"product_cat-juguetes-sexuales-xxxdesarrolladores","9":"product_cat-juguetes-sexuales-xxx","10":"product_cat-juguetes-sexuales-xxxkits-juguetes-sexuales","11":"post_count_is_0","12":"boutique_post_style_4","14":"first","15":"instock","16":"taxable","17":"shipping-taxable","18":"purchasable","19":"product-type-simple","20":"boutique_image_style_2"},"brands":[{"id":485,"name":"FETISH FANTASY SERIES","slug":"pipedreams-fetish-fantasy-series"},{"id":476,"name":"PIPEDREAMS","slug":"pipedreams"}],"_links":{"self":[{"href":"https:\/\/www.pussycatmerida.com\/eshop\/wp-json\/wp\/v2\/product\/13393","targetHints":{"allow":["GET"]}}],"collection":[{"href":"https:\/\/www.pussycatmerida.com\/eshop\/wp-json\/wp\/v2\/product"}],"about":[{"href":"https:\/\/www.pussycatmerida.com\/eshop\/wp-json\/wp\/v2\/types\/product"}],"wp:featuredmedia":[{"embeddable":true,"href":"https:\/\/www.pussycatmerida.com\/eshop\/wp-json\/wp\/v2\/media\/35076"}],"wp:attachment":[{"href":"https:\/\/www.pussycatmerida.com\/eshop\/wp-json\/wp\/v2\/media?parent=13393"}],"wp:term":[{"taxonomy":"pwb-brand","embeddable":true,"href":"https:\/\/www.pussycatmerida.com\/eshop\/wp-json\/wp\/v2\/pwb-brand?post=13393"},{"taxonomy":"product_brand","embeddable":true,"href":"https:\/\/www.pussycatmerida.com\/eshop\/wp-json\/wp\/v2\/product_brand?post=13393"},{"taxonomy":"product_cat","embeddable":true,"href":"https:\/\/www.pussycatmerida.com\/eshop\/wp-json\/wp\/v2\/product_cat?post=13393"},{"taxonomy":"product_tag","embeddable":true,"href":"https:\/\/www.pussycatmerida.com\/eshop\/wp-json\/wp\/v2\/product_tag?post=13393"}],"curies":[{"name":"wp","href":"https:\/\/api.w.org\/{rel}","templated":true}]}}