{"id":13512,"date":"2021-02-26T14:18:22","date_gmt":"2021-02-26T12:18:22","guid":{"rendered":"https:\/\/www.pussycatmerida.com\/eshop\/product\/shunga-crema-masaje-pera-te-verde-200ml\/"},"modified":"2026-03-11T12:26:33","modified_gmt":"2026-03-11T11:26:33","slug":"shunga-crema-masaje-pera-te-verde-200ml","status":"publish","type":"product","link":"https:\/\/www.pussycatmerida.com\/eshop\/producto\/shunga-crema-masaje-pera-te-verde-200ml\/","title":{"rendered":"SHUNGA CREMA MASAJE PERA  T\u00c9 VERDE 200ML"},"content":{"rendered":"<p style=\"line-height: 20.8px;\">Inicie el juego de caricias con esta sensual cream de masaje y sienta la piel de su amante junto a la suya. T\u00f3mese su tiempo para tocar, rozar, sentir, vibrar y explorar&#8230; Crecer\u00e1 la tension sexual hasta llevarla al climax! !La crema de masaje deja una piel exquisita!<\/p>\n<p style=\"line-height: 20.8px;\">Esta suave crema dejar\u00e1 tu piel lisa como la seda y dulce y deliciosa al paladar. Tu pareja no podr\u00e1 resistir la tentaci\u00f3n de lamer sus exquisitos sabores.<\/p>\n<p style=\"line-height: 20.8px;\">D\u00e9jate envolver por su cremosa textura con un relajante masaje y disfrutar\u00e1s de sensuales sensaciones que har\u00e1n fluir la energ\u00eda sexual entre ambos.<\/p>\n<p>Este cosm\u00e9tico Shunga, elaborado con ingredientes naturales tiene<span style=\"line-height: 20.8px;\">\u00a0propiedades de la vitamina E as\u00ed como;<\/span><\/p>\n<ul>\n<li style=\"line-height: 20.8px;\">Libre de Parabenos<\/li>\n<li style=\"line-height: 20.8px;\">Libre de Azucar<\/li>\n<li style=\"line-height: 20.8px;\">Apto para veganos<\/li>\n<li style=\"line-height: 20.8px;\">Libre de Gluten\u00e7<\/li>\n<\/ul>\n<p style=\"line-height: 20.8px;\">Esta deliciosa crema es saborable ( No comestible )\u00a0<\/p>\n<ul style=\"line-height: 20.8px;\">\n<li style=\"line-height: 20.8px;\">Contiene 200 ml<\/li>\n<li style=\"line-height: 20.8px;\">T\u00e9 Verde  Pera<\/li>\n<\/ul>\n<p style=\"line-height: 20.8px;\">Shunga es L\u00edder mundia en cosmetica Erotica, sus ingredientes naturales fusionado con principios activos logran un gran resultado<\/p>\n<p style=\"line-height: 20.8px;\">Entrar en el mundo er\u00f3tico de Shunga es viajar al pasado. Traducido literalmente, Shunga significa \u2018imagen de primavera, una manera delicada de decir \u2018relaciones sexuales entre personas.<\/p>\n<p>Esta palabra se usaba para designar las pinturas er\u00f3ticas japonesas del siglo XVI, XVII y XVIII, un tipo llamado ukiyo-e, que no eran otra cosa que obras sobre madera o pergamino con escenas sensuales y episodios de amor carnal, siempre elaborados con mucho cuidado y buen gusto.<\/p>\n<p>El arte Shunga, aunque oculto durante siglos, marc\u00f3 el principio de la industria pornogr\u00e1fica para la clase media nipona y sirvi\u00f3 durante generaciones como ense\u00f1anza para los hijos y las hijas de muchas familias.<\/p>\n<p style=\"line-height: 20.8px;\"><img decoding=\"async\" alt=\"\" src=\"https:\/\/store.dreamlove.es\/UserFiles\/image\/banderas.png\" style=\"width: 121px; height: 35px;\" \/><\/p>\n","protected":false},"excerpt":{"rendered":"<p>SHUNGA MASSAGE CREAM KISSABLE PEARGREAN TE 200ML<\/p>\n","protected":false},"featured_media":46340,"template":"","meta":[],"pwb-brand":[42,763],"product_brand":[],"product_cat":[350,342,337,355,356],"product_tag":[],"class_list":{"0":"post-13512","1":"product","2":"type-product","3":"status-publish","4":"has-post-thumbnail","6":"pwb-brand-shunga","7":"pwb-brand-shungashunga-massage-cream","8":"product_cat-aceites-y-lubricantesaceites-y-cremas-de-masaje100-comestibles","9":"product_cat-aceites-y-lubricantesaceites-y-cremas-de-masaje","10":"product_cat-aceites-y-lubricantes","11":"product_cat-aceites-y-lubricantesaceites-y-cremas-de-masajecremas-de-masaje","12":"product_cat-aceites-y-lubricantesaceites-y-cremas-de-masajeefecto-afrodisiaco","13":"post_count_is_0","14":"boutique_post_style_4","16":"first","17":"instock","18":"taxable","19":"shipping-taxable","20":"purchasable","21":"product-type-simple","22":"boutique_image_style_2"},"brands":[{"id":42,"name":"SHUNGA","slug":"shunga"},{"id":763,"name":"SHUNGA MASSAGE CREAM","slug":"shungashunga-massage-cream"}],"_links":{"self":[{"href":"https:\/\/www.pussycatmerida.com\/eshop\/wp-json\/wp\/v2\/product\/13512","targetHints":{"allow":["GET"]}}],"collection":[{"href":"https:\/\/www.pussycatmerida.com\/eshop\/wp-json\/wp\/v2\/product"}],"about":[{"href":"https:\/\/www.pussycatmerida.com\/eshop\/wp-json\/wp\/v2\/types\/product"}],"wp:featuredmedia":[{"embeddable":true,"href":"https:\/\/www.pussycatmerida.com\/eshop\/wp-json\/wp\/v2\/media\/46340"}],"wp:attachment":[{"href":"https:\/\/www.pussycatmerida.com\/eshop\/wp-json\/wp\/v2\/media?parent=13512"}],"wp:term":[{"taxonomy":"pwb-brand","embeddable":true,"href":"https:\/\/www.pussycatmerida.com\/eshop\/wp-json\/wp\/v2\/pwb-brand?post=13512"},{"taxonomy":"product_brand","embeddable":true,"href":"https:\/\/www.pussycatmerida.com\/eshop\/wp-json\/wp\/v2\/product_brand?post=13512"},{"taxonomy":"product_cat","embeddable":true,"href":"https:\/\/www.pussycatmerida.com\/eshop\/wp-json\/wp\/v2\/product_cat?post=13512"},{"taxonomy":"product_tag","embeddable":true,"href":"https:\/\/www.pussycatmerida.com\/eshop\/wp-json\/wp\/v2\/product_tag?post=13512"}],"curies":[{"name":"wp","href":"https:\/\/api.w.org\/{rel}","templated":true}]}}