{"id":1361,"date":"2021-02-26T15:27:39","date_gmt":"2021-02-26T13:27:39","guid":{"rendered":"https:\/\/www.pussycatmerida.com\/eshop\/product\/lelo-tor-ii-anillo-vibrador-negro\/"},"modified":"2026-03-11T12:27:13","modified_gmt":"2026-03-11T11:27:13","slug":"lelo-tor-ii-anillo-vibrador-negro","status":"publish","type":"product","link":"https:\/\/www.pussycatmerida.com\/eshop\/producto\/lelo-tor-ii-anillo-vibrador-negro\/","title":{"rendered":"LELO &#8211; TOR II ANILLO VIBRADOR NEGRO"},"content":{"rendered":"<p style=\"line-height: 16.6399993896484px;\">Es el primer anillo del mundo para parejas, recargable y resistente al agua, que adem\u00e1s ofrece vibraciones con el doble de potencia que las de cualquier otro objeto de este estilo.<\/p>\n<p style=\"line-height: 16.6399993896484px;\">El original TOR de LELO ya era el anillo para parejas m\u00e1s exclusivo del mercado y ahora los dise\u00f1adores suecos han mejorado m\u00e1s all\u00e1 su desempe\u00f1o.<\/p>\n<p>Creado para ser llevado por el hombre mientras hace el amor, su dise\u00f1o en silicona extra suave se adapta c\u00f3modamente a todos los tama\u00f1os, aportando una mayor presencia para \u00e9l y sensaciones fabulosas para ella, adem\u00e1s su dise\u00f1o totalmente resistente al agua posee un interfaz de control f\u00e1cil de usar y 6 modos de estimulaci\u00f3n.<\/p>\n<p style=\"line-height: 16.6399993896484px;\">TOR 2 puede presumir tambi\u00e9n de longevidad, pues su vida \u00fatil equivale a la de unos 10.000 anillos desechables, lo que le convierte en una aut\u00e9ntica y muy rentable inversi\u00f3n en placer a corto, medio y largo plazo.<\/p>\n<p>Como ocurre con todos los objetos de placer LELO, TOR 2 est\u00e1 dise\u00f1ado para proporcionar total tranquilidad en cualquier situaci\u00f3n y bajo cualquier circunstancia. Fabricado con pl\u00e1stico PC-ABS\/ silicona aprobados por la FDA y libres de ftalato, TOR 2 proporciona 2 horas de vibraciones pr\u00e1cticamente silenciosas tras un tiempo de carga de apenas 2 horas.<\/p>\n<p style=\"line-height: 16.6399993896484px;\">La velocidad y la intensidad se regulan f\u00e1cilmente mediante un intuitivo disco de control, y ambas funciones pueden bloquearse completamente para garantizar un discreto transporte del objeto en todo momento.<\/p>\n<p>Al igual que todos los productos LELO, TOR 2 se presenta en una preciosa caja de regalo con una bolsita de sat\u00e9n y garant\u00eda total de un a\u00f1o.<\/p>\n<p style=\"line-height: 16.6399993896484px; text-align: center;\"><iframe loading=\"lazy\" allowfullscreen=\"\" frameborder=\"0\" height=\"300\" scrolling=\"no\" src=\"\/\/www.youtube.com\/embed\/EFWoIi_u77A?rel=0\" width=\"800\"><\/iframe><\/p>\n","protected":false},"excerpt":{"rendered":"<p>LELO &#8211; TOR II ANILLO VIBRADOR NEGRO<\/p>\n","protected":false},"featured_media":52336,"template":"","meta":[],"pwb-brand":[40],"product_brand":[],"product_cat":[276,387,288,274,294,293,306,299],"product_tag":[],"class_list":{"0":"post-1361","1":"product","2":"type-product","3":"status-publish","4":"has-post-thumbnail","6":"pwb-brand-lelo","7":"product_cat-juguetes-sexuales-xxxaccesorios-para-el-pene","8":"product_cat-juguetes-sexuales-xxxespecial-gays","9":"product_cat-juguetes-sexuales-xxxestimuladores","10":"product_cat-juguetes-sexuales-xxx","11":"product_cat-juguetes-sexuales-xxxmasturbadores-para-ellas","12":"product_cat-juguetes-sexuales-xxxmasturbadores-para-ellos","13":"product_cat-juguetes-sexuales-xxxpara-el","14":"product_cat-juguetes-sexuales-xxxvibradores","15":"post_count_is_0","16":"boutique_post_style_4","18":"first","19":"instock","20":"taxable","21":"shipping-taxable","22":"purchasable","23":"product-type-simple","24":"boutique_image_style_2"},"brands":[{"id":40,"name":"LELO","slug":"lelo"}],"_links":{"self":[{"href":"https:\/\/www.pussycatmerida.com\/eshop\/wp-json\/wp\/v2\/product\/1361","targetHints":{"allow":["GET"]}}],"collection":[{"href":"https:\/\/www.pussycatmerida.com\/eshop\/wp-json\/wp\/v2\/product"}],"about":[{"href":"https:\/\/www.pussycatmerida.com\/eshop\/wp-json\/wp\/v2\/types\/product"}],"wp:featuredmedia":[{"embeddable":true,"href":"https:\/\/www.pussycatmerida.com\/eshop\/wp-json\/wp\/v2\/media\/52336"}],"wp:attachment":[{"href":"https:\/\/www.pussycatmerida.com\/eshop\/wp-json\/wp\/v2\/media?parent=1361"}],"wp:term":[{"taxonomy":"pwb-brand","embeddable":true,"href":"https:\/\/www.pussycatmerida.com\/eshop\/wp-json\/wp\/v2\/pwb-brand?post=1361"},{"taxonomy":"product_brand","embeddable":true,"href":"https:\/\/www.pussycatmerida.com\/eshop\/wp-json\/wp\/v2\/product_brand?post=1361"},{"taxonomy":"product_cat","embeddable":true,"href":"https:\/\/www.pussycatmerida.com\/eshop\/wp-json\/wp\/v2\/product_cat?post=1361"},{"taxonomy":"product_tag","embeddable":true,"href":"https:\/\/www.pussycatmerida.com\/eshop\/wp-json\/wp\/v2\/product_tag?post=1361"}],"curies":[{"name":"wp","href":"https:\/\/api.w.org\/{rel}","templated":true}]}}