{"id":1363,"date":"2021-02-26T14:05:54","date_gmt":"2021-02-26T13:05:54","guid":{"rendered":"https:\/\/www.pussycatmerida.com\/eshop\/product\/shunga-toko-organica-lubricante-natural\/"},"modified":"2026-03-11T12:38:51","modified_gmt":"2026-03-11T11:38:51","slug":"shunga-toko-organica-lubricante-natural","status":"publish","type":"product","link":"https:\/\/www.pussycatmerida.com\/eshop\/producto\/shunga-toko-organica-lubricante-natural\/","title":{"rendered":"SHUNGA TOKO ORGANICA LUBRICANTE NATURAL"},"content":{"rendered":"<p>Es la nueva generaci\u00f3n de lubricantes \u00edntimos, especialmente formulados para emular la lubricaci\u00f3n natural y facilitar la penetraci\u00f3n.<\/p>\n<p>Este lubricante formulado a base de de glicerina pura vegetal y de un derivado natural del ma\u00edz, ambos certificados biol\u00f3gicos.<\/p>\n<p>Su delicada textura intensifica las sensaciones experimentadas durante los momentos sexuales intensos.<\/p>\n<p>Se puede utilizar con los accesorios de l\u00e1tex de adultos y es soluble en agua.<\/p>\n<p>Compatible con preservativos.<\/p>\n<p>Cantidad: 165 ml.<\/p>\n<p>Shunga es L\u00edder mundia en cosmetica Erotica, sus ingredientes naturales fusionado con principios activos logran un gran resultado<\/p>\n<p>Entrar en el mundo er\u00f3tico de Shunga es viajar al pasado. Traducido literalmente, Shunga significa \u2018imagen de primavera, una manera delicada de decir \u2018relaciones sexuales entre personas.<\/p>\n<p>Esta palabra se usaba para designar las pinturas er\u00f3ticas japonesas del siglo XVI, XVII y XVIII, un tipo llamado ukiyo-e, que no eran otra cosa que obras sobre madera o pergamino con escenas sensuales y episodios de amor carnal, siempre elaborados con mucho cuidado y buen gusto.<\/p>\n<p>El arte Shunga, aunque oculto durante siglos, marc\u00f3 el principio de la industria pornogr\u00e1fica para la clase media nipona y sirvi\u00f3 durante generaciones como ense\u00f1anza para los hijos y las hijas de muchas familias.<\/p>\n<p><img decoding=\"async\" style=\"width: 121px; height: 35px;\" src=\"https:\/\/store.dreamlove.es\/UserFiles\/image\/banderas.png\" alt=\"\" \/><\/p>\n","protected":false},"excerpt":{"rendered":"<p>SHUNGA TOKO ORGANICA LUBRICANT<\/p>\n","protected":false},"featured_media":46054,"template":"","meta":[],"pwb-brand":[42,704],"product_brand":[],"product_cat":[337,339,338,900],"product_tag":[],"class_list":{"0":"post-1363","1":"product","2":"type-product","3":"status-publish","4":"has-post-thumbnail","6":"pwb-brand-shunga","7":"pwb-brand-shungashunga-lubricants","8":"product_cat-aceites-y-lubricantes","9":"product_cat-aceites-y-lubricanteslubricantesbase-de-agua","10":"product_cat-aceites-y-lubricanteslubricantes","11":"product_cat-lubricantes-naturales","12":"post_count_is_0","13":"boutique_post_style_4","15":"first","16":"instock","17":"taxable","18":"shipping-taxable","19":"purchasable","20":"product-type-simple","21":"boutique_image_style_2"},"brands":[{"id":42,"name":"SHUNGA","slug":"shunga"},{"id":704,"name":"SHUNGA LUBRICANTS","slug":"shungashunga-lubricants"}],"_links":{"self":[{"href":"https:\/\/www.pussycatmerida.com\/eshop\/wp-json\/wp\/v2\/product\/1363","targetHints":{"allow":["GET"]}}],"collection":[{"href":"https:\/\/www.pussycatmerida.com\/eshop\/wp-json\/wp\/v2\/product"}],"about":[{"href":"https:\/\/www.pussycatmerida.com\/eshop\/wp-json\/wp\/v2\/types\/product"}],"wp:featuredmedia":[{"embeddable":true,"href":"https:\/\/www.pussycatmerida.com\/eshop\/wp-json\/wp\/v2\/media\/46054"}],"wp:attachment":[{"href":"https:\/\/www.pussycatmerida.com\/eshop\/wp-json\/wp\/v2\/media?parent=1363"}],"wp:term":[{"taxonomy":"pwb-brand","embeddable":true,"href":"https:\/\/www.pussycatmerida.com\/eshop\/wp-json\/wp\/v2\/pwb-brand?post=1363"},{"taxonomy":"product_brand","embeddable":true,"href":"https:\/\/www.pussycatmerida.com\/eshop\/wp-json\/wp\/v2\/product_brand?post=1363"},{"taxonomy":"product_cat","embeddable":true,"href":"https:\/\/www.pussycatmerida.com\/eshop\/wp-json\/wp\/v2\/product_cat?post=1363"},{"taxonomy":"product_tag","embeddable":true,"href":"https:\/\/www.pussycatmerida.com\/eshop\/wp-json\/wp\/v2\/product_tag?post=1363"}],"curies":[{"name":"wp","href":"https:\/\/api.w.org\/{rel}","templated":true}]}}