{"id":13769,"date":"2021-03-01T10:49:34","date_gmt":"2021-03-01T08:49:34","guid":{"rendered":"https:\/\/www.pussycatmerida.com\/eshop\/product\/bijoux-mascara-louise\/"},"modified":"2026-03-11T12:39:40","modified_gmt":"2026-03-11T11:39:40","slug":"bijoux-mascara-louise","status":"publish","type":"product","link":"https:\/\/www.pussycatmerida.com\/eshop\/producto\/bijoux-mascara-louise\/","title":{"rendered":"BIJOUX  M\u00c1SCARA LOUISE"},"content":{"rendered":"<p>Cuando el sol se esconde tu otra identidad se revela. Disfruta de una noche de seducci\u00f3n entre sombras con las M\u00e1scaras Bijoux Indiscrets. \u00a0 \u00a0 \u00a0\u00a0<\/p>\n<p>Un halo de misterio rodea a esta femme fatale. Morir\u00e1 por descubrir sus secretos&#8230;<\/p>\n<ul style=\"line-height: 20.8px;\">\n<li>&#8211; \u00a0 \u00a06 m\u00e1scaras. 6 dise\u00f1os exclusivos por Bijoux Indiscrets. 6 personalidades.<\/li>\n<li>&#8211; \u00a0 \u00a0\u00a1F\u00e1ciles de colocar! Mediante peque\u00f1os adhesivos colocas la m\u00e1scara directamente en tu rostro.<\/li>\n<li>&#8211; \u00a0 \u00a0\u00a1Reutilizables! Los adhesivos de las m\u00e1scaras son reutilizables. Contiene unos nuevos para que la magia de Sybille contin\u00fae. \u00a0<\/li>\n<li>&#8211; \u00a0 \u00a0\u00a1Skin Friendly! El pegamento de los adhesivos no da\u00f1a tu piel.<\/li>\n<li>&#8211; \u00a0 \u00a0Los adhesivos son m\u00f3viles lo que permite modificar su posici\u00f3n para que se adapte perfectamente a tu rostro.<\/li>\n<li>&#8211; \u00a0 \u00a0\u00a1No se ata! Coloca tu m\u00e1scara directamente sobre el rostro, \u00a0sin estropear en ning\u00fan momento tu peinado.<\/li>\n<li>&#8211; \u00a0 \u00a0Personalizable. Su material permite recortar la m\u00e1scara a tu gusto para conseguir el acabado perfecto para tu look.<\/li>\n<li>&#8211; \u00a0 \u00a0Hacia arriba o hacia abajo? \u00a1Las dos! T\u00fa decides la posici\u00f3n de la m\u00e1scara.<\/li>\n<li>&#8211; \u00a0 \u00a0No dificulta la visi\u00f3n.<\/li>\n<li>&#8211; \u00a0 \u00a0\u00a1Material 100% flexible y resistente!<\/li>\n<li>&#8211; \u00a0 \u00a0\u00a1Juegos de Rol! Las m\u00e1scaras a\u00f1aden un toque sensual y misterioso a tus encuentros, elige qui\u00e9n quieres ser esta noche.<\/li>\n<li>&#8211; \u00a0 \u00a0\u00a1Streaptease! Baila hasta que tu cuerpo aguante con tu m\u00e1scara, su c\u00f3moda posici\u00f3n permite libertad total de movimientos<\/li>\n<\/ul>\n<p style=\"line-height: 20.8px;\">El complemento ideal para fiestas de etiqueta: un toque sensual a tu look!<\/p>\n<p style=\"line-height: 20.8px;\">Uso: se recomienda colocar la m\u00e1scara sobre la piel limpia y libre de cosm\u00e9ticos.<\/p>\n","protected":false},"excerpt":{"rendered":"<p>BIJOUX  M\u00c1SCARA LOUISE<\/p>\n","protected":false},"featured_media":58348,"template":"","meta":[],"pwb-brand":[51,836],"product_brand":[],"product_cat":[409,313,282,274,309,389],"product_tag":[],"class_list":{"0":"post-13769","1":"product","2":"type-product","3":"status-publish","4":"has-post-thumbnail","6":"pwb-brand-bijoux-indiscrets","7":"pwb-brand-bijoux-indiscretsbijoux-vinyl-masks","8":"product_cat-juguetes-sexuales-xxxfetish-bondageantifaces-mascaras","9":"product_cat-lenceriacomplementos-lenceria","10":"product_cat-juguetes-sexuales-xxxfetish-bondage","11":"product_cat-juguetes-sexuales-xxx","12":"product_cat-lenceria","13":"product_cat-juguetes-sexuales-xxxmascaras-y-esposas","14":"post_count_is_0","15":"boutique_post_style_4","17":"first","18":"instock","19":"taxable","20":"shipping-taxable","21":"purchasable","22":"product-type-simple","23":"boutique_image_style_2"},"brands":[{"id":51,"name":"BIJOUX INDISCRETS","slug":"bijoux-indiscrets"},{"id":836,"name":"BIJOUX VINYL MASKS","slug":"bijoux-indiscretsbijoux-vinyl-masks"}],"_links":{"self":[{"href":"https:\/\/www.pussycatmerida.com\/eshop\/wp-json\/wp\/v2\/product\/13769","targetHints":{"allow":["GET"]}}],"collection":[{"href":"https:\/\/www.pussycatmerida.com\/eshop\/wp-json\/wp\/v2\/product"}],"about":[{"href":"https:\/\/www.pussycatmerida.com\/eshop\/wp-json\/wp\/v2\/types\/product"}],"wp:featuredmedia":[{"embeddable":true,"href":"https:\/\/www.pussycatmerida.com\/eshop\/wp-json\/wp\/v2\/media\/58348"}],"wp:attachment":[{"href":"https:\/\/www.pussycatmerida.com\/eshop\/wp-json\/wp\/v2\/media?parent=13769"}],"wp:term":[{"taxonomy":"pwb-brand","embeddable":true,"href":"https:\/\/www.pussycatmerida.com\/eshop\/wp-json\/wp\/v2\/pwb-brand?post=13769"},{"taxonomy":"product_brand","embeddable":true,"href":"https:\/\/www.pussycatmerida.com\/eshop\/wp-json\/wp\/v2\/product_brand?post=13769"},{"taxonomy":"product_cat","embeddable":true,"href":"https:\/\/www.pussycatmerida.com\/eshop\/wp-json\/wp\/v2\/product_cat?post=13769"},{"taxonomy":"product_tag","embeddable":true,"href":"https:\/\/www.pussycatmerida.com\/eshop\/wp-json\/wp\/v2\/product_tag?post=13769"}],"curies":[{"name":"wp","href":"https:\/\/api.w.org\/{rel}","templated":true}]}}