{"id":13798,"date":"2021-02-24T14:57:27","date_gmt":"2021-02-24T12:57:27","guid":{"rendered":"https:\/\/www.pussycatmerida.com\/eshop\/product\/fantasy-c-ringz-cock-pipe-with-ball-strech\/"},"modified":"2026-03-11T12:27:35","modified_gmt":"2026-03-11T11:27:35","slug":"fantasy-c-ringz-cock-pipe-with-ball-strech","status":"publish","type":"product","link":"https:\/\/www.pussycatmerida.com\/eshop\/producto\/fantasy-c-ringz-cock-pipe-with-ball-strech\/","title":{"rendered":"FANTASY C-RINGZ  COCK PIPE WITH BALL STRECH"},"content":{"rendered":"<p style=\"line-height: 20.8px;\"><span style=\"line-height: 20.8px;\">Fantasy C-ringz es la gama de anillos m\u00e1s completa. Su dise\u00f1o ha sido revisado para estimular a la perfecci\u00f3n el pene y todos sus sentidos, cada uno ha sido dise\u00f1ado por un equipo de ingenieros de Pipedream.<\/span><\/p>\n<ul style=\"line-height: 20.8px;\">\n<li>Conseguir\u00e1s erecciones m\u00e1s largas y duraderas<\/li>\n<li>Retrasar\u00e1 la eyaculaci\u00f3n<\/li>\n<li>Permitira que los testiculos no se contraigan en el orgasmo aumentando la sensaci\u00f3n.<\/li>\n<li><span style=\"line-height: 20.8px;\">El anillo de material TPR suave se adapta como un guante mientras que sus mejores amigos se mantienen c\u00f3modos y seguros.<\/span><\/li>\n<\/ul>\n<p>Las medidas son;<\/p>\n<ul style=\"line-height: 20.8px;\">\n<li>Di\u00e1metro del anillo: 3.2\u00a0cm<\/li>\n<li>Di\u00e1metro del anillo para los test\u00edlos: 3.0\u00a0cm<\/li>\n<li><span style=\"line-height: 20.8px;\">Di\u00e1metro del anillo el estrechador de testiculos: 3.0cm<\/span><\/li>\n<\/ul>\n<p style=\"line-height: 20.8px;\"><span style=\"line-height: 20.8px;\">Incluye muestra de lubricante y toycleanner.<\/span><\/p>\n<p style=\"line-height: 20.8px;\"><span style=\"line-height: 20.8px;\">La gama Black de Fantasy C-ring est\u00e1 100% pensando para el hombre que busca aumentar sensaciones sin limites sea cual sea su condicion sexual, ya que toda la gama ha sido desarrollada por heteresexuales y homosexuales pensada por y para el hombre!<\/span><\/p>\n<p style=\"text-align: center;\">\u00a0<\/p>\n<p style=\"text-align: center;\"><iframe loading=\"lazy\" allowfullscreen=\"\" frameborder=\"0\" height=\"400\" mozallowfullscreen=\"\" src=\"https:\/\/player.vimeo.com\/video\/145156757\" webkitallowfullscreen=\"\" width=\"700\"><\/iframe><\/p>\n","protected":false},"excerpt":{"rendered":"<p>FANTASY C-RINGZ  COCK PIPE WITH BALL STRECH<\/p>\n","protected":false},"featured_media":34560,"template":"","meta":[],"pwb-brand":[477,476],"product_brand":[],"product_cat":[276,946,274],"product_tag":[],"class_list":{"0":"post-13798","1":"product","2":"type-product","3":"status-publish","4":"has-post-thumbnail","6":"pwb-brand-pipedreams-fantasy-c-ringz","7":"pwb-brand-pipedreams","8":"product_cat-juguetes-sexuales-xxxaccesorios-para-el-pene","9":"product_cat-fundas-para-el-pene","10":"product_cat-juguetes-sexuales-xxx","11":"post_count_is_0","12":"boutique_post_style_4","14":"first","15":"instock","16":"taxable","17":"shipping-taxable","18":"purchasable","19":"product-type-simple","20":"boutique_image_style_2"},"brands":[{"id":477,"name":"FANTASY C-RINGZ","slug":"pipedreams-fantasy-c-ringz"},{"id":476,"name":"PIPEDREAMS","slug":"pipedreams"}],"_links":{"self":[{"href":"https:\/\/www.pussycatmerida.com\/eshop\/wp-json\/wp\/v2\/product\/13798","targetHints":{"allow":["GET"]}}],"collection":[{"href":"https:\/\/www.pussycatmerida.com\/eshop\/wp-json\/wp\/v2\/product"}],"about":[{"href":"https:\/\/www.pussycatmerida.com\/eshop\/wp-json\/wp\/v2\/types\/product"}],"wp:featuredmedia":[{"embeddable":true,"href":"https:\/\/www.pussycatmerida.com\/eshop\/wp-json\/wp\/v2\/media\/34560"}],"wp:attachment":[{"href":"https:\/\/www.pussycatmerida.com\/eshop\/wp-json\/wp\/v2\/media?parent=13798"}],"wp:term":[{"taxonomy":"pwb-brand","embeddable":true,"href":"https:\/\/www.pussycatmerida.com\/eshop\/wp-json\/wp\/v2\/pwb-brand?post=13798"},{"taxonomy":"product_brand","embeddable":true,"href":"https:\/\/www.pussycatmerida.com\/eshop\/wp-json\/wp\/v2\/product_brand?post=13798"},{"taxonomy":"product_cat","embeddable":true,"href":"https:\/\/www.pussycatmerida.com\/eshop\/wp-json\/wp\/v2\/product_cat?post=13798"},{"taxonomy":"product_tag","embeddable":true,"href":"https:\/\/www.pussycatmerida.com\/eshop\/wp-json\/wp\/v2\/product_tag?post=13798"}],"curies":[{"name":"wp","href":"https:\/\/api.w.org\/{rel}","templated":true}]}}