{"id":13799,"date":"2021-03-01T10:27:24","date_gmt":"2021-03-01T08:27:24","guid":{"rendered":"https:\/\/www.pussycatmerida.com\/eshop\/product\/fantasy-c-ringz-extreme-jaula-pene-silicona-2\/"},"modified":"2026-03-11T12:39:22","modified_gmt":"2026-03-11T11:39:22","slug":"fantasy-c-ringz-extreme-jaula-pene-silicona-2","status":"publish","type":"product","link":"https:\/\/www.pussycatmerida.com\/eshop\/producto\/fantasy-c-ringz-extreme-jaula-pene-silicona-2\/","title":{"rendered":"FANTASY C-RINGZ EXTREME JAULA PENE SILICONA"},"content":{"rendered":"<p>Fantasy C-ringz es la gama de anillos m\u00e1s completa. Su dise\u00f1o ha sido revisado para estimular a la perfecci\u00f3n el pene y todos sus sentidos, cada uno ha sido dise\u00f1ado por un equipo de ingenieros de Pipedream.<\/p>\n<p>Fabricado en silicona de alta calidad te ayudar\u00e1 a actuar como un profesional, durar\u00e1s m\u00e1s que nunca y extender\u00e1s la diversi\u00f3n para los dos.<\/p>\n<p>Pru\u00e9balo en la ducha o ba\u00f1era de hidromasaje y convierte la hora del ba\u00f1o en un momento de placer.<\/p>\n<ul>\n<li>Longitud de la funda: 9.5 cm<\/li>\n<li>Di\u00e1metro de la funda: 4 cm<\/li>\n<li>Di\u00e1metro del anillo ajustable: 4.5 cm a 5.2 cm<\/li>\n<\/ul>\n<p style=\"line-height: 20.8px;\"><span style=\"line-height: 20.8px;\">Incluye muestra de lubricante y toycleanner.<\/span><\/p>\n<p style=\"line-height: 20.8px;\"><span style=\"line-height: 20.8px;\">La gama Black de Fantasy C-ring est\u00e1 100% pensando para el hombre que busca aumentar sensaciones sin limites sea cual sea su condicion sexual, ya que toda la gama ha sido desarrollada por heteresexuales y homosexuales pensada por y para el hombre!<\/span><\/p>\n<p style=\"text-align: center;\">\u00a0<\/p>\n<p style=\"text-align: center;\"><iframe loading=\"lazy\" allowfullscreen=\"\" frameborder=\"0\" height=\"400\" mozallowfullscreen=\"\" src=\"https:\/\/player.vimeo.com\/video\/145429849\" webkitallowfullscreen=\"\" width=\"700\"><\/iframe><\/p>\n","protected":false},"excerpt":{"rendered":"<p>FANTASY C-RINGZ EXTREME SILICONE COCK BLOCKER<\/p>\n","protected":false},"featured_media":56702,"template":"","meta":[],"pwb-brand":[477,476],"product_brand":[],"product_cat":[276,421,387,288,282,274],"product_tag":[],"class_list":{"0":"post-13799","1":"product","2":"type-product","3":"status-publish","4":"has-post-thumbnail","6":"pwb-brand-pipedreams-fantasy-c-ringz","7":"pwb-brand-pipedreams","8":"product_cat-juguetes-sexuales-xxxaccesorios-para-el-pene","9":"product_cat-juguetes-sexuales-xxxfetish-bondagebdsm-jaulas-anillo-castidad","10":"product_cat-juguetes-sexuales-xxxespecial-gays","11":"product_cat-juguetes-sexuales-xxxestimuladores","12":"product_cat-juguetes-sexuales-xxxfetish-bondage","13":"product_cat-juguetes-sexuales-xxx","14":"post_count_is_0","15":"boutique_post_style_4","17":"first","18":"instock","19":"taxable","20":"shipping-taxable","21":"purchasable","22":"product-type-simple","23":"boutique_image_style_2"},"brands":[{"id":477,"name":"FANTASY C-RINGZ","slug":"pipedreams-fantasy-c-ringz"},{"id":476,"name":"PIPEDREAMS","slug":"pipedreams"}],"_links":{"self":[{"href":"https:\/\/www.pussycatmerida.com\/eshop\/wp-json\/wp\/v2\/product\/13799","targetHints":{"allow":["GET"]}}],"collection":[{"href":"https:\/\/www.pussycatmerida.com\/eshop\/wp-json\/wp\/v2\/product"}],"about":[{"href":"https:\/\/www.pussycatmerida.com\/eshop\/wp-json\/wp\/v2\/types\/product"}],"wp:featuredmedia":[{"embeddable":true,"href":"https:\/\/www.pussycatmerida.com\/eshop\/wp-json\/wp\/v2\/media\/56702"}],"wp:attachment":[{"href":"https:\/\/www.pussycatmerida.com\/eshop\/wp-json\/wp\/v2\/media?parent=13799"}],"wp:term":[{"taxonomy":"pwb-brand","embeddable":true,"href":"https:\/\/www.pussycatmerida.com\/eshop\/wp-json\/wp\/v2\/pwb-brand?post=13799"},{"taxonomy":"product_brand","embeddable":true,"href":"https:\/\/www.pussycatmerida.com\/eshop\/wp-json\/wp\/v2\/product_brand?post=13799"},{"taxonomy":"product_cat","embeddable":true,"href":"https:\/\/www.pussycatmerida.com\/eshop\/wp-json\/wp\/v2\/product_cat?post=13799"},{"taxonomy":"product_tag","embeddable":true,"href":"https:\/\/www.pussycatmerida.com\/eshop\/wp-json\/wp\/v2\/product_tag?post=13799"}],"curies":[{"name":"wp","href":"https:\/\/api.w.org\/{rel}","templated":true}]}}