{"id":13803,"date":"2021-03-01T10:36:57","date_gmt":"2021-03-01T08:36:57","guid":{"rendered":"https:\/\/www.pussycatmerida.com\/eshop\/product\/fetish-fantasy-almohada-hinchable-posicion-master-con-esposas\/"},"modified":"2026-03-11T12:39:29","modified_gmt":"2026-03-11T11:39:29","slug":"fetish-fantasy-almohada-hinchable-posicion-master-con-esposas","status":"publish","type":"product","link":"https:\/\/www.pussycatmerida.com\/eshop\/producto\/fetish-fantasy-almohada-hinchable-posicion-master-con-esposas\/","title":{"rendered":"FETISH FANTASY ALMOHADA HINCHABLE POSICION MASTER CON ESPOSAS"},"content":{"rendered":"<p>Deja que tu imaginaci\u00f3n te lleve m\u00e1s all\u00e1 de tus l\u00edmites f\u00edsicos con la incre\u00edble Almohada con esposas posici\u00f3n Master.<\/p>\n<p>Esta almohada inflable tiene un centro hueco dise\u00f1ado para anclar una correa de nylon s\u00faper fuerte, que luego se conecta a un par de esposas de metal. Una vez que el sujeto est\u00e1 inclinado sobre la almohada en forma de cu\u00f1a y atado son incapaces de moverse o escapar.<\/p>\n<p>La cu\u00f1a inflable te permite explorar y disfrutar de nuevas posiciones a la vez que el sujeto est\u00e1 restringido c\u00f3modamente.<\/p>\n<p>Es perfecto para aquellas escapadas rom\u00e1nticas y nadie sabr\u00e1 lo que llevas en tu bolso.<\/p>\n<ul>\n<li>Soporta hasta 130 kg.<\/li>\n<\/ul>\n<p>Incluye m\u00e1scara de regalo.<\/p>\n<p>\u00a0<\/p>\n<p style=\"text-align: center;\"><iframe loading=\"lazy\" allowfullscreen=\"\" frameborder=\"0\" height=\"400\" mozallowfullscreen=\"\" src=\"https:\/\/player.vimeo.com\/video\/167952341\" webkitallowfullscreen=\"\" width=\"700\"><\/iframe><\/p>\n","protected":false},"excerpt":{"rendered":"<p>FETISH FANTASY SERIES POSITION MASTER WITH CUFFS<\/p>\n","protected":false},"featured_media":57421,"template":"","meta":[],"pwb-brand":[485,476],"product_brand":[],"product_cat":[423,952,282,274],"product_tag":[],"class_list":{"0":"post-13803","1":"product","2":"type-product","3":"status-publish","4":"has-post-thumbnail","6":"pwb-brand-pipedreams-fetish-fantasy-series","7":"pwb-brand-pipedreams","8":"product_cat-juguetes-sexuales-xxxfetish-bondagebdsm-accesorios","9":"product_cat-bondage","10":"product_cat-juguetes-sexuales-xxxfetish-bondage","11":"product_cat-juguetes-sexuales-xxx","12":"post_count_is_0","13":"boutique_post_style_4","15":"first","16":"instock","17":"taxable","18":"shipping-taxable","19":"purchasable","20":"product-type-simple","21":"boutique_image_style_2"},"brands":[{"id":485,"name":"FETISH FANTASY SERIES","slug":"pipedreams-fetish-fantasy-series"},{"id":476,"name":"PIPEDREAMS","slug":"pipedreams"}],"_links":{"self":[{"href":"https:\/\/www.pussycatmerida.com\/eshop\/wp-json\/wp\/v2\/product\/13803","targetHints":{"allow":["GET"]}}],"collection":[{"href":"https:\/\/www.pussycatmerida.com\/eshop\/wp-json\/wp\/v2\/product"}],"about":[{"href":"https:\/\/www.pussycatmerida.com\/eshop\/wp-json\/wp\/v2\/types\/product"}],"wp:featuredmedia":[{"embeddable":true,"href":"https:\/\/www.pussycatmerida.com\/eshop\/wp-json\/wp\/v2\/media\/57421"}],"wp:attachment":[{"href":"https:\/\/www.pussycatmerida.com\/eshop\/wp-json\/wp\/v2\/media?parent=13803"}],"wp:term":[{"taxonomy":"pwb-brand","embeddable":true,"href":"https:\/\/www.pussycatmerida.com\/eshop\/wp-json\/wp\/v2\/pwb-brand?post=13803"},{"taxonomy":"product_brand","embeddable":true,"href":"https:\/\/www.pussycatmerida.com\/eshop\/wp-json\/wp\/v2\/product_brand?post=13803"},{"taxonomy":"product_cat","embeddable":true,"href":"https:\/\/www.pussycatmerida.com\/eshop\/wp-json\/wp\/v2\/product_cat?post=13803"},{"taxonomy":"product_tag","embeddable":true,"href":"https:\/\/www.pussycatmerida.com\/eshop\/wp-json\/wp\/v2\/product_tag?post=13803"}],"curies":[{"name":"wp","href":"https:\/\/api.w.org\/{rel}","templated":true}]}}