{"id":13814,"date":"2021-03-06T15:23:11","date_gmt":"2021-03-06T13:23:11","guid":{"rendered":"https:\/\/www.pussycatmerida.com\/eshop\/product\/pretty-love-flirtation-estimulador-clitoris-rudolf\/"},"modified":"2026-03-11T12:28:04","modified_gmt":"2026-03-11T11:28:04","slug":"pretty-love-flirtation-estimulador-clitoris-rudolf","status":"publish","type":"product","link":"https:\/\/www.pussycatmerida.com\/eshop\/producto\/pretty-love-flirtation-estimulador-clitoris-rudolf\/","title":{"rendered":"PRETTY LOVE FLIRTATION &#8211; ESTIMULADOR CL\u00cdTORIS RUDOLF"},"content":{"rendered":"<p style=\"line-height: 16.64px;\">Rudolf est\u00e1 fabricado con el material m\u00e1s nuevo, de tacto confortable, te llevar\u00e1 a una experiencia extremadamente optima,\u00a0 por su potencia, forma y dise\u00f1o erg\u00f3nomico con estimulador de clitoris \u00fanico en el mundo! incorpora nueva tecnologia que permite tocar todos los punto sensibles del cl\u00edtoris, permitiendo una mayor estimulaci\u00f3n<\/p>\n<p style=\"line-height: 16.64px;\">Rudolf\u00a0te ofrece;<\/p>\n<ul style=\"line-height: 16.64px;\">\n<li>30 Funciones de potente Vibraci\u00f3n<\/li>\n<li>Puntas de silicona estimulantes en relieve<\/li>\n<li>100% Silicona suave, confortable y \u00fanica en el mundo<\/li>\n<li>Medidas; 155\u00a0mm\u00a0 x 45\u00a0mm<\/li>\n<li style=\"line-height: 16.64px;\">Funciona con 2\u00a0baterias AAA , no incluidas que podr\u00e1s encontrar en la secci\u00f3n Pilas.<\/li>\n<\/ul>\n<p style=\"line-height: 16.64px;\">Pretty Love fabrica productos con exigentes normas de calidad, todos sus productos estan dise\u00f1ados en Estados Unidos y tienen 1 a\u00f1o de garant\u00eda en defectos tecnicos.<\/p>\n","protected":false},"excerpt":{"rendered":"<p>PRETTY LOVE FLIRTATION &#8211; ESTIMULADOR CL\u00cdTORIS RUDOLF<\/p>\n","protected":false},"featured_media":38707,"template":"","meta":[],"pwb-brand":[509,213],"product_brand":[],"product_cat":[288,274,294,434,299],"product_tag":[],"class_list":{"0":"post-13814","1":"product","2":"type-product","3":"status-publish","4":"has-post-thumbnail","6":"pwb-brand-pretty-loveflirtation","7":"pwb-brand-pretty-love","8":"product_cat-juguetes-sexuales-xxxestimuladores","9":"product_cat-juguetes-sexuales-xxx","10":"product_cat-juguetes-sexuales-xxxmasturbadores-para-ellas","11":"product_cat-juguetes-sexuales-xxxestimuladorespara-clitoris","12":"product_cat-juguetes-sexuales-xxxvibradores","13":"post_count_is_0","14":"boutique_post_style_4","16":"first","17":"instock","18":"taxable","19":"shipping-taxable","20":"purchasable","21":"product-type-simple","22":"boutique_image_style_2"},"brands":[{"id":509,"name":"FLIRTATION","slug":"pretty-loveflirtation"},{"id":213,"name":"PRETTY LOVE","slug":"pretty-love"}],"_links":{"self":[{"href":"https:\/\/www.pussycatmerida.com\/eshop\/wp-json\/wp\/v2\/product\/13814","targetHints":{"allow":["GET"]}}],"collection":[{"href":"https:\/\/www.pussycatmerida.com\/eshop\/wp-json\/wp\/v2\/product"}],"about":[{"href":"https:\/\/www.pussycatmerida.com\/eshop\/wp-json\/wp\/v2\/types\/product"}],"wp:featuredmedia":[{"embeddable":true,"href":"https:\/\/www.pussycatmerida.com\/eshop\/wp-json\/wp\/v2\/media\/38707"}],"wp:attachment":[{"href":"https:\/\/www.pussycatmerida.com\/eshop\/wp-json\/wp\/v2\/media?parent=13814"}],"wp:term":[{"taxonomy":"pwb-brand","embeddable":true,"href":"https:\/\/www.pussycatmerida.com\/eshop\/wp-json\/wp\/v2\/pwb-brand?post=13814"},{"taxonomy":"product_brand","embeddable":true,"href":"https:\/\/www.pussycatmerida.com\/eshop\/wp-json\/wp\/v2\/product_brand?post=13814"},{"taxonomy":"product_cat","embeddable":true,"href":"https:\/\/www.pussycatmerida.com\/eshop\/wp-json\/wp\/v2\/product_cat?post=13814"},{"taxonomy":"product_tag","embeddable":true,"href":"https:\/\/www.pussycatmerida.com\/eshop\/wp-json\/wp\/v2\/product_tag?post=13814"}],"curies":[{"name":"wp","href":"https:\/\/api.w.org\/{rel}","templated":true}]}}