{"id":13815,"date":"2021-03-06T15:23:13","date_gmt":"2021-03-06T13:23:13","guid":{"rendered":"https:\/\/www.pussycatmerida.com\/eshop\/product\/pretty-love-flirtation-vibrador-con-rabbit-david\/"},"modified":"2026-03-11T12:28:04","modified_gmt":"2026-03-11T11:28:04","slug":"pretty-love-flirtation-vibrador-con-rabbit-david","status":"publish","type":"product","link":"https:\/\/www.pussycatmerida.com\/eshop\/producto\/pretty-love-flirtation-vibrador-con-rabbit-david\/","title":{"rendered":"PRETTY LOVE FLIRTATION &#8211; VIBRADOR CON RABBIT DAVID"},"content":{"rendered":"<p style=\"line-height: 16.64px;\">David est\u00e1 fabricado con el material m\u00e1s nuevo, de tacto confortable, te llevar\u00e1 a una experiencia extremadamente optima,\u00a0 por su potencia, forma y dise\u00f1o erg\u00f3nomico David es un vibrador completo, equipado con dos potentes motores, estimular\u00e1 cada punto sensible de tu zona er\u00f3gena, llevandote al placer m\u00e1s optimo.<\/p>\n<p style=\"line-height: 16.64px;\">Caracter\u00edsticas:\u00a0<\/p>\n<ul style=\"line-height: 16.64px;\">\n<li>30 Funciones de potente Vibraci\u00f3n<\/li>\n<li>Puntas de silicona estimulantes\u00a0en el cl\u00edtoris.<\/li>\n<li>100% Silicona suave, confortable y \u00fanica en el mundo<\/li>\n<li>Medidas; 185\u00a0mm\u00a0 x 35\u00a0mm<\/li>\n<li style=\"line-height: 16.64px;\">Funciona con 2 pilas\u00a0AAA, no incluidas que podr\u00e1s encontrar en la secci\u00f3n Pilas.<\/li>\n<\/ul>\n<p style=\"line-height: 16.64px;\">Pretty Love fabrica productos con exigentes normas de calidad, todos sus productos estan dise\u00f1ados en Estados Unidos y tienen 1 a\u00f1o de garant\u00eda en defectos tecnicos.<\/p>\n","protected":false},"excerpt":{"rendered":"<p>PRETTY LOVE FLIRTATION &#8211; VIBRADOR CON RABBIT DAVID<\/p>\n","protected":false},"featured_media":38712,"template":"","meta":[],"pwb-brand":[509,213],"product_brand":[],"product_cat":[274,294,299,905],"product_tag":[],"class_list":{"0":"post-13815","1":"product","2":"type-product","3":"status-publish","4":"has-post-thumbnail","6":"pwb-brand-pretty-loveflirtation","7":"pwb-brand-pretty-love","8":"product_cat-juguetes-sexuales-xxx","9":"product_cat-juguetes-sexuales-xxxmasturbadores-para-ellas","10":"product_cat-juguetes-sexuales-xxxvibradores","11":"product_cat-vibradores-dobles","12":"post_count_is_0","13":"boutique_post_style_4","15":"first","16":"instock","17":"taxable","18":"shipping-taxable","19":"purchasable","20":"product-type-simple","21":"boutique_image_style_2"},"brands":[{"id":509,"name":"FLIRTATION","slug":"pretty-loveflirtation"},{"id":213,"name":"PRETTY LOVE","slug":"pretty-love"}],"_links":{"self":[{"href":"https:\/\/www.pussycatmerida.com\/eshop\/wp-json\/wp\/v2\/product\/13815","targetHints":{"allow":["GET"]}}],"collection":[{"href":"https:\/\/www.pussycatmerida.com\/eshop\/wp-json\/wp\/v2\/product"}],"about":[{"href":"https:\/\/www.pussycatmerida.com\/eshop\/wp-json\/wp\/v2\/types\/product"}],"wp:featuredmedia":[{"embeddable":true,"href":"https:\/\/www.pussycatmerida.com\/eshop\/wp-json\/wp\/v2\/media\/38712"}],"wp:attachment":[{"href":"https:\/\/www.pussycatmerida.com\/eshop\/wp-json\/wp\/v2\/media?parent=13815"}],"wp:term":[{"taxonomy":"pwb-brand","embeddable":true,"href":"https:\/\/www.pussycatmerida.com\/eshop\/wp-json\/wp\/v2\/pwb-brand?post=13815"},{"taxonomy":"product_brand","embeddable":true,"href":"https:\/\/www.pussycatmerida.com\/eshop\/wp-json\/wp\/v2\/product_brand?post=13815"},{"taxonomy":"product_cat","embeddable":true,"href":"https:\/\/www.pussycatmerida.com\/eshop\/wp-json\/wp\/v2\/product_cat?post=13815"},{"taxonomy":"product_tag","embeddable":true,"href":"https:\/\/www.pussycatmerida.com\/eshop\/wp-json\/wp\/v2\/product_tag?post=13815"}],"curies":[{"name":"wp","href":"https:\/\/api.w.org\/{rel}","templated":true}]}}