{"id":13820,"date":"2021-03-06T15:23:16","date_gmt":"2021-03-06T13:23:16","guid":{"rendered":"https:\/\/www.pussycatmerida.com\/eshop\/product\/smart-pretty-love-hugh-rabbit-lila\/"},"modified":"2026-03-11T12:28:04","modified_gmt":"2026-03-11T11:28:04","slug":"smart-pretty-love-hugh-rabbit-lila","status":"publish","type":"product","link":"https:\/\/www.pussycatmerida.com\/eshop\/producto\/smart-pretty-love-hugh-rabbit-lila\/","title":{"rendered":"SMART PRETTY LOVE HUGH RABBIT LILA"},"content":{"rendered":"<p style=\"line-height: 20.8px;\">Hugh\u00a0incorpora alta tecnologia en su interior con resultados excelentes en su exterior. Su forma ergon\u00f3mica\u00a0 junto con elegante dise\u00f1o, consiguen una terminac\u00ed\u00f3n de alta calidad y grandes capacidades<\/p>\n<ul>\n<li style=\"line-height: 20.8px;\">Hugh tiene un sistema de estimulaci\u00f3n oscilante, como si de un dedo estimular\u00e1 suavemente el interior de la vagina..<\/li>\n<\/ul>\n<p style=\"line-height: 20.8px;\">Hugh har\u00e1 que alcances profundamente sus vibraciones pulsantes en tu interior, estimulando todos tus sentidos, incorpora estimulador de clitoris ergon\u00f3mico y\u00a0 Sus principales caracteristicas son;<\/p>\n<ul style=\"line-height: 20.8px;\">\n<li>100% Silicona aprobada por la FDA<\/li>\n<li>Estimulador del punto G\u00a0<strong>Oscilante<\/strong><\/li>\n<li><strong>Puntas estimulantes de silicona\u00a0<\/strong><\/li>\n<li>Potente estimualador de cl\u00edtoris<\/li>\n<li>12 Funciones de Vibraci\u00f3n<\/li>\n<li>4 Funciones de Oscilaci\u00f3n<\/li>\n<li>Vibraci\u00f3n silenciosa y potente<\/li>\n<li>2 Motores internos.<\/li>\n<\/ul>\n<p style=\"line-height: 20.8px;\">Medidas;\u00a0 3.2 cm ancho x 22.5 cm de largo.<\/p>\n<p style=\"line-height: 20.8px;\">Funciona con 3 pilas AAA no incluidas.<\/p>\n<p style=\"line-height: 20.8px;\">Los patrones de vibraci\u00f3n son de facil uso y dispone de hasta 12 modos distintos, utilizando la parte que mas deseas en el momento que prefieras.<br \/>Pretty Love fabrica productos con exigentes normas de calidad, todos sus productos estan dise\u00f1ados en Estados Unidos y tienen 1 a\u00f1o de garant\u00eda en defectos tecnicos.<\/p>\n<p style=\"line-height: 20.8px;\">\u00a0<\/p>\n","protected":false},"excerpt":{"rendered":"<p>PRETTY LOVE HUGH MASSAGER PURPLE<\/p>\n","protected":false},"featured_media":38717,"template":"","meta":[],"pwb-brand":[213,451],"product_brand":[],"product_cat":[288,274,294,307,299,905],"product_tag":[],"class_list":{"0":"post-13820","1":"product","2":"type-product","3":"status-publish","4":"has-post-thumbnail","6":"pwb-brand-pretty-love","7":"pwb-brand-pretty-lovesmart","8":"product_cat-juguetes-sexuales-xxxestimuladores","9":"product_cat-juguetes-sexuales-xxx","10":"product_cat-juguetes-sexuales-xxxmasturbadores-para-ellas","11":"product_cat-juguetes-sexuales-xxxpunto-g","12":"product_cat-juguetes-sexuales-xxxvibradores","13":"product_cat-vibradores-dobles","14":"post_count_is_0","15":"boutique_post_style_4","17":"first","18":"instock","19":"taxable","20":"shipping-taxable","21":"purchasable","22":"product-type-simple","23":"boutique_image_style_2"},"brands":[{"id":213,"name":"PRETTY LOVE","slug":"pretty-love"},{"id":451,"name":"SMART","slug":"pretty-lovesmart"}],"_links":{"self":[{"href":"https:\/\/www.pussycatmerida.com\/eshop\/wp-json\/wp\/v2\/product\/13820","targetHints":{"allow":["GET"]}}],"collection":[{"href":"https:\/\/www.pussycatmerida.com\/eshop\/wp-json\/wp\/v2\/product"}],"about":[{"href":"https:\/\/www.pussycatmerida.com\/eshop\/wp-json\/wp\/v2\/types\/product"}],"wp:featuredmedia":[{"embeddable":true,"href":"https:\/\/www.pussycatmerida.com\/eshop\/wp-json\/wp\/v2\/media\/38717"}],"wp:attachment":[{"href":"https:\/\/www.pussycatmerida.com\/eshop\/wp-json\/wp\/v2\/media?parent=13820"}],"wp:term":[{"taxonomy":"pwb-brand","embeddable":true,"href":"https:\/\/www.pussycatmerida.com\/eshop\/wp-json\/wp\/v2\/pwb-brand?post=13820"},{"taxonomy":"product_brand","embeddable":true,"href":"https:\/\/www.pussycatmerida.com\/eshop\/wp-json\/wp\/v2\/product_brand?post=13820"},{"taxonomy":"product_cat","embeddable":true,"href":"https:\/\/www.pussycatmerida.com\/eshop\/wp-json\/wp\/v2\/product_cat?post=13820"},{"taxonomy":"product_tag","embeddable":true,"href":"https:\/\/www.pussycatmerida.com\/eshop\/wp-json\/wp\/v2\/product_tag?post=13820"}],"curies":[{"name":"wp","href":"https:\/\/api.w.org\/{rel}","templated":true}]}}