{"id":14062,"date":"2021-02-24T14:24:23","date_gmt":"2021-02-24T12:24:23","guid":{"rendered":"https:\/\/www.pussycatmerida.com\/eshop\/product\/maximus-pack-3-anillos-xs-s-m\/"},"modified":"2026-03-11T12:27:14","modified_gmt":"2026-03-11T11:27:14","slug":"maximus-pack-3-anillos-xs-s-m","status":"publish","type":"product","link":"https:\/\/www.pussycatmerida.com\/eshop\/producto\/maximus-pack-3-anillos-xs-s-m\/","title":{"rendered":"MAXIMUS PACK 3 ANILLOS XS + S + M"},"content":{"rendered":"<p>El anillo de potencia MAXIMUS con su forma anat\u00f3mica perfecta, facilita gracias a su material el\u00e1stico una incre\u00edble erecci\u00f3n con una MAXIMUS firmeza, hasta ahora nunca obtenida.<\/p>\n<ul>\n<li>\u00a0Kit con 3 anillas, tama\u00f1o XS + S + M ( Estrapeque\u00f1o, peque\u00f1o y mediano )<\/li>\n<\/ul>\n<p>\u00a1Disfrutar\u00e1s de tus aventuras de amor de extrema duraci\u00f3n!<\/p>\n<p>Contiene un sobre de lubricante Aquaglide<\/p>\n","protected":false},"excerpt":{"rendered":"<p>MAXIMUS RING PACK XS + S + M SIZE<\/p>\n","protected":false},"featured_media":31618,"template":"","meta":[],"pwb-brand":[458],"product_brand":[],"product_cat":[276,274],"product_tag":[],"class_list":{"0":"post-14062","1":"product","2":"type-product","3":"status-publish","4":"has-post-thumbnail","6":"pwb-brand-joydivision","7":"product_cat-juguetes-sexuales-xxxaccesorios-para-el-pene","8":"product_cat-juguetes-sexuales-xxx","9":"post_count_is_0","10":"boutique_post_style_4","12":"first","13":"instock","14":"taxable","15":"shipping-taxable","16":"purchasable","17":"product-type-simple","18":"boutique_image_style_2"},"brands":[{"id":458,"name":"JOYDIVISION","slug":"joydivision"}],"_links":{"self":[{"href":"https:\/\/www.pussycatmerida.com\/eshop\/wp-json\/wp\/v2\/product\/14062","targetHints":{"allow":["GET"]}}],"collection":[{"href":"https:\/\/www.pussycatmerida.com\/eshop\/wp-json\/wp\/v2\/product"}],"about":[{"href":"https:\/\/www.pussycatmerida.com\/eshop\/wp-json\/wp\/v2\/types\/product"}],"wp:featuredmedia":[{"embeddable":true,"href":"https:\/\/www.pussycatmerida.com\/eshop\/wp-json\/wp\/v2\/media\/31618"}],"wp:attachment":[{"href":"https:\/\/www.pussycatmerida.com\/eshop\/wp-json\/wp\/v2\/media?parent=14062"}],"wp:term":[{"taxonomy":"pwb-brand","embeddable":true,"href":"https:\/\/www.pussycatmerida.com\/eshop\/wp-json\/wp\/v2\/pwb-brand?post=14062"},{"taxonomy":"product_brand","embeddable":true,"href":"https:\/\/www.pussycatmerida.com\/eshop\/wp-json\/wp\/v2\/product_brand?post=14062"},{"taxonomy":"product_cat","embeddable":true,"href":"https:\/\/www.pussycatmerida.com\/eshop\/wp-json\/wp\/v2\/product_cat?post=14062"},{"taxonomy":"product_tag","embeddable":true,"href":"https:\/\/www.pussycatmerida.com\/eshop\/wp-json\/wp\/v2\/product_tag?post=14062"}],"curies":[{"name":"wp","href":"https:\/\/api.w.org\/{rel}","templated":true}]}}