{"id":14093,"date":"2021-03-01T13:30:36","date_gmt":"2021-03-01T11:30:36","guid":{"rendered":"https:\/\/www.pussycatmerida.com\/eshop\/product\/juego-de-cartas-posturas-en-es-fr-de-ne-it-por-ru-dan-sve\/"},"modified":"2026-03-11T12:26:54","modified_gmt":"2026-03-11T11:26:54","slug":"juego-de-cartas-posturas-en-es-fr-de-ne-it-por-ru-dan-sve","status":"publish","type":"product","link":"https:\/\/www.pussycatmerida.com\/eshop\/producto\/juego-de-cartas-posturas-en-es-fr-de-ne-it-por-ru-dan-sve\/","title":{"rendered":"JUEGO DE CARTAS POSTURAS EN, ES, FR, DE, NE, IT, POR, RU, DAN, SVE"},"content":{"rendered":"<p><span style=\"line-height: 20.8px;\">\u00a1SEXO! JUEGO DE CARTAS CON POSTURAS SEXUALES INTERNACIONALES\u00a0, un alocado y rom\u00e1ntico juego de cartas para dos.<\/span><br style=\"line-height: 20.8px;\" \/><br style=\"line-height: 20.8px;\" \/><span style=\"line-height: 20.8px;\">Cada carta ilustra una actividad de est\u00edmulo sexual o una posici\u00f3n sexual de paises internacionales. Al jugar una de las tres cartas, usted y su pareja usar\u00e1n las cartas para planear una de las 100.000 fantas\u00edas posibles. Despu\u00e9s de construir una fantas\u00eda, ambos la realizaran.<\/span><br style=\"line-height: 20.8px;\" \/><br style=\"line-height: 20.8px;\" \/><span style=\"line-height: 20.8px;\">Se puede jugar de tres formas.<\/span><br style=\"line-height: 20.8px;\" \/><br style=\"line-height: 20.8px;\" \/><span style=\"line-height: 20.8px;\">Compita para construir la \u00faltima noche de pasi\u00f3n al jugar La \u00daltima Fantas\u00eda, deje que el destino decida su noche con El Adivino de la Fortuna, o construya su fantas\u00eda mientras aprende acerca de lo que su pareja le gusta, ama, y desea con El Apetito Sexual de su Pareja.<\/span><br style=\"line-height: 20.8px;\" \/><span style=\"line-height: 20.8px;\">Contenido<\/span><br style=\"line-height: 20.8px;\" \/><br style=\"line-height: 20.8px;\" \/><span style=\"line-height: 20.8px;\">&#8211; 1 Cartas \u00a1Sexo!<\/span><br style=\"line-height: 20.8px;\" \/><span style=\"line-height: 20.8px;\">&#8211; 3 Cartas con las Reglas<\/span><br style=\"line-height: 20.8px;\" \/><span style=\"line-height: 20.8px;\">&#8211; 1 de Desata tu Carta de la Fantas\u00eda<\/span><\/p>\n","protected":false},"excerpt":{"rendered":"<p>INTERNATIONAL SEX!CARD GAME EN, ES, FR, DE, NE, IT, POR, RU, DAN, SVE<\/p>\n","protected":false},"featured_media":62865,"template":"","meta":[],"pwb-brand":[821],"product_brand":[],"product_cat":[375,442,376,443],"product_tag":[],"class_list":{"0":"post-14093","1":"product","2":"type-product","3":"status-publish","4":"has-post-thumbnail","6":"pwb-brand-kheper-games-inc","7":"product_cat-juegos","8":"product_cat-juegosjuegos-de-cartas","9":"product_cat-juegosjuegos-de-pareja","10":"product_cat-juegosjuegos-en-espanol","11":"post_count_is_0","12":"boutique_post_style_4","14":"first","15":"instock","16":"taxable","17":"shipping-taxable","18":"purchasable","19":"product-type-simple","20":"boutique_image_style_2"},"brands":[{"id":821,"name":"KHEPER GAMES, INC.","slug":"kheper-games-inc"}],"_links":{"self":[{"href":"https:\/\/www.pussycatmerida.com\/eshop\/wp-json\/wp\/v2\/product\/14093","targetHints":{"allow":["GET"]}}],"collection":[{"href":"https:\/\/www.pussycatmerida.com\/eshop\/wp-json\/wp\/v2\/product"}],"about":[{"href":"https:\/\/www.pussycatmerida.com\/eshop\/wp-json\/wp\/v2\/types\/product"}],"wp:featuredmedia":[{"embeddable":true,"href":"https:\/\/www.pussycatmerida.com\/eshop\/wp-json\/wp\/v2\/media\/62865"}],"wp:attachment":[{"href":"https:\/\/www.pussycatmerida.com\/eshop\/wp-json\/wp\/v2\/media?parent=14093"}],"wp:term":[{"taxonomy":"pwb-brand","embeddable":true,"href":"https:\/\/www.pussycatmerida.com\/eshop\/wp-json\/wp\/v2\/pwb-brand?post=14093"},{"taxonomy":"product_brand","embeddable":true,"href":"https:\/\/www.pussycatmerida.com\/eshop\/wp-json\/wp\/v2\/product_brand?post=14093"},{"taxonomy":"product_cat","embeddable":true,"href":"https:\/\/www.pussycatmerida.com\/eshop\/wp-json\/wp\/v2\/product_cat?post=14093"},{"taxonomy":"product_tag","embeddable":true,"href":"https:\/\/www.pussycatmerida.com\/eshop\/wp-json\/wp\/v2\/product_tag?post=14093"}],"curies":[{"name":"wp","href":"https:\/\/api.w.org\/{rel}","templated":true}]}}